{"id":9,"date":"2011-01-04T12:46:57","date_gmt":"2011-01-04T12:46:57","guid":{"rendered":"http:\/\/ff-reichertshausen.de\/cms\/?page_id=9"},"modified":"2025-10-27T20:29:59","modified_gmt":"2025-10-27T19:29:59","slug":"jugend","status":"publish","type":"page","link":"https:\/\/www.ff-reichertshausen.de\/cms\/jugend\/","title":{"rendered":"Jugendfeuerwehr"},"content":{"rendered":"\n<figure class=\"wp-block-image size-large\"><img loading=\"lazy\" decoding=\"async\" width=\"958\" height=\"675\" src=\"https:\/\/www.ff-reichertshausen.de\/cms\/wp-content\/uploads\/2025\/01\/jf_2025-1-958x675.jpg\" alt=\"\" class=\"wp-image-5656\"\/><\/figure>\n\n\n\n<p><strong>Unsere Jugendwarte<\/strong> f\u00fchren unseren Nachwuchs an die Aufgaben der Feuerwehr heran:<\/p>\n\n\n<div class=\"wp-block-image\">\n<figure class=\"aligncenter size-full\"><img loading=\"lazy\" decoding=\"async\" width=\"500\" height=\"666\" src=\"https:\/\/www.ff-reichertshausen.de\/cms\/wp-content\/uploads\/2025\/01\/dennis.png\" alt=\"\" class=\"wp-image-5657\"\/><\/figure><\/div>\n\n\n<p class=\"has-text-align-center\">Dennis Denk<br>Jugendbeauftragter der GemeindeReichertshausen<br><a href=\"jugendwart@ff-reichertshausen.de\">Jugendwart<\/a><\/p>\n\n\n<div class=\"wp-block-image\">\n<figure class=\"aligncenter size-full\"><img loading=\"lazy\" decoding=\"async\" width=\"500\" height=\"666\" src=\"https:\/\/www.ff-reichertshausen.de\/cms\/wp-content\/uploads\/2025\/01\/julian.png\" alt=\"\" class=\"wp-image-5659\"\/><\/figure><\/div>\n\n\n<p class=\"has-text-align-center\">Julian Vogel<br>stellvertretender <a href=\"jugendwart@ff-reichertshausen.de\">Jugendwart<\/a><\/p>\n\n\n\n<p class=\"has-text-align-center\"><\/p>\n\n\n\n<p>Ab einem Alter von 12 Jahren bieten wir im Rahmen der Jugendfeuerwehr die M\u00f6glichkeit zur Vorbereitung auf den aktiven Feuerwehrdienst.<\/p>\n\n\n\n<p>Mit Abschluss der Pr\u00fcfung zum Truppmann\/Truppfrau besteht ab 16 Jahren (mit Einschr\u00e4nkungen) und ab 18 Jahren uneingeschr\u00e4nkt die M\u00f6glichkeit zur Teilnahme an Feuerwehreins\u00e4tzen.<\/p>\n\n\n<div class=\"wp-block-image\">\n<figure class=\"aligncenter\"><a href=\"http:\/\/www.jugendfeuerwehr.de\" target=\"_blank\" rel=\"noopener noreferrer\"><img loading=\"lazy\" decoding=\"async\" width=\"103\" height=\"56\" src=\"https:\/\/www.ff-reichertshausen.de\/cms\/wp-content\/uploads\/2011\/01\/DJF-Logo.gif\" alt=\"DJF-Logo\" class=\"wp-image-970\"\/><\/a><\/figure><\/div>\n\n\n<p class=\"has-text-align-center\"><\/p>\n","protected":false},"excerpt":{"rendered":"<p>Unsere Jugendwarte f\u00fchren unseren Nachwuchs an die Aufgaben der Feuerwehr heran: Dennis DenkJugendbeauftragter der GemeindeReichertshausenJugendwart Julian Vogelstellvertretender Jugendwart Ab einem Alter von 12 Jahren bieten wir im Rahmen der Jugendfeuerwehr die M\u00f6glichkeit zur Vorbereitung auf den aktiven Feuerwehrdienst. Mit Abschluss der Pr\u00fcfung zum Truppmann\/Truppfrau besteht ab 16 Jahren (mit Einschr\u00e4nkungen) und ab 18 Jahren uneingeschr\u00e4nkt &hellip; <a href=\"https:\/\/www.ff-reichertshausen.de\/cms\/jugend\/\" class=\"more-link\"><span class=\"screen-reader-text\">Jugendfeuerwehr<\/span> weiterlesen <span class=\"meta-nav\">&rarr;<\/span><\/a><\/p>\n","protected":false},"author":14,"featured_media":0,"parent":0,"menu_order":0,"comment_status":"closed","ping_status":"closed","template":"","meta":{"footnotes":""},"class_list":["post-9","page","type-page","status-publish","hentry"],"_links":{"self":[{"href":"https:\/\/www.ff-reichertshausen.de\/cms\/wp-json\/wp\/v2\/pages\/9","targetHints":{"allow":["GET"]}}],"collection":[{"href":"https:\/\/www.ff-reichertshausen.de\/cms\/wp-json\/wp\/v2\/pages"}],"about":[{"href":"https:\/\/www.ff-reichertshausen.de\/cms\/wp-json\/wp\/v2\/types\/page"}],"author":[{"embeddable":true,"href":"https:\/\/www.ff-reichertshausen.de\/cms\/wp-json\/wp\/v2\/users\/14"}],"replies":[{"embeddable":true,"href":"https:\/\/www.ff-reichertshausen.de\/cms\/wp-json\/wp\/v2\/comments?post=9"}],"version-history":[{"count":10,"href":"https:\/\/www.ff-reichertshausen.de\/cms\/wp-json\/wp\/v2\/pages\/9\/revisions"}],"predecessor-version":[{"id":6138,"href":"https:\/\/www.ff-reichertshausen.de\/cms\/wp-json\/wp\/v2\/pages\/9\/revisions\/6138"}],"wp:attachment":[{"href":"https:\/\/www.ff-reichertshausen.de\/cms\/wp-json\/wp\/v2\/media?parent=9"}],"curies":[{"name":"wp","href":"https:\/\/api.w.org\/{rel}","templated":true}]}}