{"id":6277,"date":"2026-01-10T12:44:42","date_gmt":"2026-01-10T11:44:42","guid":{"rendered":"https:\/\/www.ff-reichertshausen.de\/cms\/?page_id=6277"},"modified":"2026-01-10T12:44:44","modified_gmt":"2026-01-10T11:44:44","slug":"einsaetze-2025","status":"publish","type":"page","link":"https:\/\/www.ff-reichertshausen.de\/cms\/einsaetze-2025\/","title":{"rendered":"Eins\u00e4tze 2025"},"content":{"rendered":"<p><strong>Unser Einsatz <\/strong>war zuletzt notwendig:<\/p>\n<table width=\"380\">\n<tbody>\n<tr>\n<th style=\"text-align: center;\"><strong>Nr<\/strong><\/th>\n<th style=\"text-align: center;\"><strong>Datum<\/strong><\/th>\n<th style=\"text-align: center;\">Uhrzeit<\/th>\n<th>Ort und Einsatz<\/th>\n<th style=\"text-align: center;\">Dauer<br \/>(Std.)<\/th>\n<\/tr>\n<tr>\n<td style=\"text-align: right;\">41<\/td>\n<td style=\"text-align: center;\">28.11.2025<\/td>\n<td style=\"text-align: center;\">23:51<\/td>\n<td>Verkehrsunfall PKW, zw. Gurn\u00f6bach u. Triefing<\/td>\n<td style=\"text-align: center;\">1,5<\/td>\n<\/tr>\n<tr>\n<td style=\"text-align: right;\">40<\/td>\n<td style=\"text-align: center;\">20.11.2025<\/td>\n<td style=\"text-align: center;\">15:08<\/td>\n<td>Verkehrsunfall, Pfaffenhofener Stra\u00dfe, Reichertshausen<\/td>\n<td style=\"text-align: center;\">0,5<\/td>\n<\/tr>\n<tr>\n<td style=\"text-align: right;\">39<\/td>\n<td style=\"text-align: center;\">16.11.2025<\/td>\n<td style=\"text-align: center;\">11:30<\/td>\n<td>Verkehrsabsicherung Kriegerjahrtag<\/td>\n<td style=\"text-align: center;\">0,25<\/td>\n<\/tr>\n<tr>\n<td style=\"text-align: right;\">38<\/td>\n<td style=\"text-align: center;\">05.10.2025<\/td>\n<td style=\"text-align: center;\">19:31<\/td>\n<td>Baum \u00fcber Stra\u00dfe, Kreut<\/td>\n<td style=\"text-align: center;\">0,33<\/td>\n<\/tr>\n<tr>\n<td style=\"text-align: right;\">37<\/td>\n<td style=\"text-align: center;\">03.09.2025<\/td>\n<td style=\"text-align: center;\">7:35<\/td>\n<td>Personensuche Oberstimm<\/td>\n<td style=\"text-align: center;\">9,5<\/td>\n<\/tr>\n<tr>\n<td style=\"text-align: right;\">36<\/td>\n<td style=\"text-align: center;\">24.08.2025<\/td>\n<td style=\"text-align: center;\">9:59<\/td>\n<td>Verkehrsunfall Pfaffenhofener Str. Reichertshausen<\/td>\n<td style=\"text-align: center;\">0,75<\/td>\n<\/tr>\n<tr>\n<td style=\"text-align: right;\">35<\/td>\n<td style=\"text-align: center;\">27.07.2025<\/td>\n<td style=\"text-align: center;\">15:39<\/td>\n<td>Brand Geb\u00e4ude, Aufham, Otterbacherstrasse<\/td>\n<td style=\"text-align: center;\">4,5<\/td>\n<\/tr>\n<tr>\n<td style=\"text-align: right;\">34<\/td>\n<td style=\"text-align: center;\">19.07.2025<\/td>\n<td style=\"text-align: center;\">6:47<\/td>\n<td>Verkehrsunfall B13 Salmading, Fehlalarm<\/td>\n<td style=\"text-align: center;\">0,10<\/td>\n<\/tr>\n<tr>\n<td style=\"text-align: right;\">33<\/td>\n<td style=\"text-align: center;\">01.07.2025<\/td>\n<td style=\"text-align: center;\">13:46<\/td>\n<td>Verkehrsunfall Ilmm\u00fcnster B13<\/td>\n<td style=\"text-align: center;\">0,75<\/td>\n<\/tr>\n<tr>\n<td style=\"text-align: right;\">32<\/td>\n<td style=\"text-align: center;\">19.06.2025<\/td>\n<td style=\"text-align: center;\">19:15<\/td>\n<td>Verkehrsabsicherung Fronleichnamsprozessionen<\/td>\n<td style=\"text-align: center;\">1,0<\/td>\n<\/tr>\n<tr>\n<td style=\"text-align: right;\">31<\/td>\n<td style=\"text-align: center;\">11.06.2025<\/td>\n<td style=\"text-align: center;\">10:48<\/td>\n<td>Brand Scheune, Dummeltshausener Stra\u00dfe, Ilmm\u00fcnster<\/td>\n<td style=\"text-align: center;\">0,75<\/td>\n<\/tr>\n<tr>\n<td style=\"text-align: right;\">30<\/td>\n<td style=\"text-align: center;\">04.06.2025<\/td>\n<td style=\"text-align: center;\">21:05<\/td>\n<td>Keller unter Wasser, Schlo\u00dfstrasse Reichertshausen<\/td>\n<td style=\"text-align: center;\">1,5<\/td>\n<\/tr>\n<tr>\n<td style=\"text-align: right;\">29<\/td>\n<td style=\"text-align: center;\">04.06.2025<\/td>\n<td style=\"text-align: center;\">19:00<\/td>\n<td>Feuerwehrger\u00e4tehaus wegen KEZ Alarm<\/td>\n<td style=\"text-align: center;\">2,0<\/td>\n<\/tr>\n<tr>\n<td style=\"text-align: right;\">28<\/td>\n<td style=\"text-align: center;\">01.06.2025<\/td>\n<td style=\"text-align: center;\">13:00<\/td>\n<td>Verkehrsabsicherung Kinderumzug<\/td>\n<td style=\"text-align: center;\">0,25<\/td>\n<\/tr>\n<tr>\n<td style=\"text-align: right;\">27<\/td>\n<td style=\"text-align: center;\">29.05.2025<\/td>\n<td style=\"text-align: center;\">14:15<\/td>\n<td>Verkehrsabsicherung Volksfestauszug<\/td>\n<td style=\"text-align: center;\">0,5<\/td>\n<\/tr>\n<tr>\n<td style=\"text-align: right;\">26<\/td>\n<td style=\"text-align: center;\">28.05.2025<\/td>\n<td style=\"text-align: center;\">22:57<\/td>\n<td>Brand Baucontainer zwichen Haunstetten u Langwaid<\/td>\n<td style=\"text-align: center;\">2,25<\/td>\n<\/tr>\n<tr>\n<td style=\"text-align: right;\">25<\/td>\n<td style=\"text-align: center;\">21.05.2025<\/td>\n<td style=\"text-align: center;\">19:00<\/td>\n<td>Kleintierrettung, Am Ilmgrund Reichertshausen<\/td>\n<td style=\"text-align: center;\">0,75<\/td>\n<\/tr>\n<tr>\n<td style=\"text-align: right;\">24<\/td>\n<td style=\"text-align: center;\">29.04.2025<\/td>\n<td style=\"text-align: center;\">17:00<\/td>\n<td>Absicherung Maibaum-Transport<\/td>\n<td style=\"text-align: center;\">1,25<\/td>\n<\/tr>\n<tr>\n<td style=\"text-align: right;\">23<\/td>\n<td style=\"text-align: center;\">22.04.2025<\/td>\n<td style=\"text-align: center;\">17:00<\/td>\n<td>Absicherung Maibaum-Transport<\/td>\n<td style=\"text-align: center;\">0,5<\/td>\n<\/tr>\n<tr>\n<td style=\"text-align: right;\">22<\/td>\n<td style=\"text-align: center;\">19.04.2025<\/td>\n<td style=\"text-align: center;\">21:22<\/td>\n<td>Brand Freifl\u00e4che Paindorf<\/td>\n<td style=\"text-align: center;\">0,15<\/td>\n<\/tr>\n<tr>\n<td style=\"text-align: right;\">21<\/td>\n<td style=\"text-align: center;\">07.04.2025<\/td>\n<td style=\"text-align: center;\">18:50<\/td>\n<td>Kaminbrand Samhofstrasse, Grafing<\/td>\n<td style=\"text-align: center;\">2,33<\/td>\n<\/tr>\n<tr>\n<td style=\"text-align: right;\">20<\/td>\n<td style=\"text-align: center;\">05.04.2025<\/td>\n<td style=\"text-align: center;\">7:37<\/td>\n<td>BMA Seniorendomizil Haus Raphael Reichertshausen<\/td>\n<td style=\"text-align: center;\">0,33<\/td>\n<\/tr>\n<tr>\n<td style=\"text-align: right;\">19<\/td>\n<td style=\"text-align: center;\">15.03.2025<\/td>\n<td style=\"text-align: center;\">8:45<\/td>\n<td>Unterst\u00fctzung Ramadama<\/td>\n<td style=\"text-align: center;\">2,5<\/td>\n<\/tr>\n<tr>\n<td style=\"text-align: right;\">17-18<\/td>\n<td style=\"text-align: center;\">09.03.2025<\/td>\n<td style=\"text-align: center;\">13:53<\/td>\n<td>Bahndamm &#8211; Brand mehrere Einsatzstellen<\/td>\n<td style=\"text-align: center;\">2,0<\/td>\n<\/tr>\n<tr>\n<td style=\"text-align: right;\">16<\/td>\n<td style=\"text-align: center;\">02.03.2025<\/td>\n<td style=\"text-align: center;\">11:45<\/td>\n<td>Verkehrsabsicherung Faschingszug von Lausham nach Steinkirchen<\/td>\n<td style=\"text-align: center;\">4,25<\/td>\n<\/tr>\n<tr>\n<td style=\"text-align: right;\">15<\/td>\n<td style=\"text-align: center;\">02.03.2025<\/td>\n<td style=\"text-align: center;\">11:45<\/td>\n<td>Verkehrsabsicherung Faschingszug, Schlo\u00dfstra\u00dfe Reichertshausen<\/td>\n<td style=\"text-align: center;\">3,25<\/td>\n<\/tr>\n<tr>\n<td style=\"text-align: right;\">14<\/td>\n<td style=\"text-align: center;\">27.02.2025<\/td>\n<td style=\"text-align: center;\">13:03<\/td>\n<td>Verkehrsunfall Bus, Grafing<\/td>\n<td style=\"text-align: center;\">1,0<\/td>\n<\/tr>\n<tr>\n<td style=\"text-align: right;\">13<\/td>\n<td style=\"text-align: center;\">26.02.2025<\/td>\n<td style=\"text-align: center;\">22:50<\/td>\n<td>Kleintierrettung Waldstra\u00dfe, Reichertshausen<\/td>\n<td style=\"text-align: center;\">2,5<\/td>\n<\/tr>\n<tr>\n<td style=\"text-align: right;\">12<\/td>\n<td style=\"text-align: center;\">16.02.2025<\/td>\n<td style=\"text-align: center;\">14:00<\/td>\n<td>Sanit\u00e4tsdienst Veranstaltung Ilmtalhalle, Reichertshausen<\/td>\n<td style=\"text-align: center;\">2,0<\/td>\n<\/tr>\n<tr>\n<td style=\"text-align: right;\">11<\/td>\n<td style=\"text-align: center;\">09.02.2025<\/td>\n<td style=\"text-align: center;\">18:50<\/td>\n<td>Kaminbrand Angerhofstra\u00dfe, Reichertshausen<\/td>\n<td style=\"text-align: center;\">1,0<\/td>\n<\/tr>\n<tr>\n<td style=\"text-align: right;\">10<\/td>\n<td style=\"text-align: center;\">08.02.2025<\/td>\n<td style=\"text-align: center;\">19:00<\/td>\n<td>Sanit\u00e4tsdienst Veranstaltung, Ilmtalhalle<\/td>\n<td style=\"text-align: center;\">3,5<\/td>\n<\/tr>\n<tr>\n<td style=\"text-align: right;\">9<\/td>\n<td style=\"text-align: center;\">08.02.2025<\/td>\n<td style=\"text-align: center;\">17:45<\/td>\n<td>Verkehrsleitende Ma\u00dfnahmen, Veranstaltung Ilmtalhalle<\/td>\n<td style=\"text-align: center;\">2,25<\/td>\n<\/tr>\n<tr>\n<td style=\"text-align: right;\">8<\/td>\n<td style=\"text-align: center;\">03.02.2025<\/td>\n<td style=\"text-align: center;\">13:00<\/td>\n<td>Verkehrsabsicherung Trauerzug<\/td>\n<td style=\"text-align: center;\">0,25<\/td>\n<\/tr>\n<tr>\n<td style=\"text-align: right;\">7<\/td>\n<td style=\"text-align: center;\">02.02.2025<\/td>\n<td style=\"text-align: center;\">12:00<\/td>\n<td>Sanit\u00e4tsdienst Gardetreffen, Ilmtalhalle<\/td>\n<td style=\"text-align: center;\">9,0<\/td>\n<\/tr>\n<tr>\n<td style=\"text-align: right;\">6<\/td>\n<td style=\"text-align: center;\">17.01.2025<\/td>\n<td style=\"text-align: center;\">2:12<\/td>\n<td>Warnen der Bev\u00f6lkerung, Brand Raffinerie Neustadt<\/td>\n<td style=\"text-align: center;\">4,5<\/td>\n<\/tr>\n<tr>\n<td style=\"text-align: right;\">5<\/td>\n<td style=\"text-align: center;\">10.01.2025<\/td>\n<td style=\"text-align: center;\">19:00<\/td>\n<td>Sanit\u00e4tsdienst, Veranstaltung Ilmtalhalle<\/td>\n<td style=\"text-align: center;\">4,0<\/td>\n<\/tr>\n<tr>\n<td style=\"text-align: right;\">4<\/td>\n<td style=\"text-align: center;\">10.01.2025<\/td>\n<td style=\"text-align: center;\">18:30<\/td>\n<td>Sicherheitswache, Veranstaltung Ilmtalhalle<\/td>\n<td style=\"text-align: center;\">4,5<\/td>\n<\/tr>\n<tr>\n<td style=\"text-align: right;\">3<\/td>\n<td style=\"text-align: center;\">10.01.2025<\/td>\n<td style=\"text-align: center;\">17:45<\/td>\n<td>Verkehrsleitende Ma\u00dfnahmen Veranstaltung Ilmtalhalle<\/td>\n<td style=\"text-align: center;\">2,25<\/td>\n<\/tr>\n<tr>\n<td style=\"text-align: right;\">2<\/td>\n<td style=\"text-align: center;\">10.01.2025<\/td>\n<td style=\"text-align: center;\">16:58<\/td>\n<td>Brandmeldeanlage Ilmtalhalle<\/td>\n<td style=\"text-align: center;\">0,5<\/td>\n<\/tr>\n<tr>\n<td style=\"text-align: right;\">1<\/td>\n<td style=\"text-align: center;\">01.01.2025<\/td>\n<td style=\"text-align: center;\">00:39<\/td>\n<td>Brand Hecke<br \/>Am Ilmgrund, Reichertshausen<\/td>\n<td style=\"text-align: center;\">0,33<\/td>\n<\/tr>\n<\/tbody>\n<\/table>\n<p><a href=\"https:\/\/www.ff-reichertshausen.de\/cms\/einsaetze-2024\/\" data-wp-editing=\"1\"><img decoding=\"async\" src=\"https:\/\/www.ff-reichertshausen.de\/cms\/wp-content\/themes\/twentyten-ffrs\/images\/strahlrohr-l.gif\" alt=\"\" \/> Weiter zu Eins\u00e4tze 2024&#8230;<\/a><\/p>\n<p><a href=\"https:\/\/www.ff-reichertshausen.de\/cms\/?page_id=25\"><img decoding=\"async\" src=\"https:\/\/www.ff-reichertshausen.de\/cms\/wp-content\/themes\/twentyten-ffrs\/images\/strahlrohr-l.gif\" alt=\"\" \/> Unsere Eins\u00e4tze seit 2011<br \/>(Beginn unserer Einsatz-Ver\u00f6ffentlichungen im Internet &#8230;)<\/a><\/p>\n<table width=\"380\">\n<tbody>\n<tr>\n<th>\u00a0<\/th>\n<\/tr>\n<\/tbody>\n<\/table>\n<p><a href=\"https:\/\/www.ff-reichertshausen.de\/pdf-docs\/adac-blaulicht-martinshorn.pdf\" target=\"_blank\" rel=\"noopener noreferrer\"><img loading=\"lazy\" decoding=\"async\" class=\"size-full wp-image-147 alignright\" title=\"Wichtige Hinweise zu Blaulicht und Martinshorn ...\" src=\"https:\/\/www.ff-reichertshausen.de\/cms\/wp-content\/uploads\/2011\/01\/Blaulicht.gif\" alt=\"\" width=\"104\" height=\"120\" \/><\/a><\/p>\n\n\n<p><\/p>\n","protected":false},"excerpt":{"rendered":"<p>Unser Einsatz war zuletzt notwendig: Nr Datum Uhrzeit Ort und Einsatz Dauer(Std.) 41 28.11.2025 23:51 Verkehrsunfall PKW, zw. Gurn\u00f6bach u. Triefing 1,5 40 20.11.2025 15:08 Verkehrsunfall, Pfaffenhofener Stra\u00dfe, Reichertshausen 0,5 39 16.11.2025 11:30 Verkehrsabsicherung Kriegerjahrtag 0,25 38 05.10.2025 19:31 Baum \u00fcber Stra\u00dfe, Kreut 0,33 37 03.09.2025 7:35 Personensuche Oberstimm 9,5 36 24.08.2025 9:59 Verkehrsunfall Pfaffenhofener &hellip; <a href=\"https:\/\/www.ff-reichertshausen.de\/cms\/einsaetze-2025\/\" class=\"more-link\"><span class=\"screen-reader-text\">Eins\u00e4tze 2025<\/span> weiterlesen <span class=\"meta-nav\">&rarr;<\/span><\/a><\/p>\n","protected":false},"author":14,"featured_media":0,"parent":0,"menu_order":0,"comment_status":"closed","ping_status":"closed","template":"","meta":{"footnotes":""},"class_list":["post-6277","page","type-page","status-publish","hentry"],"_links":{"self":[{"href":"https:\/\/www.ff-reichertshausen.de\/cms\/wp-json\/wp\/v2\/pages\/6277","targetHints":{"allow":["GET"]}}],"collection":[{"href":"https:\/\/www.ff-reichertshausen.de\/cms\/wp-json\/wp\/v2\/pages"}],"about":[{"href":"https:\/\/www.ff-reichertshausen.de\/cms\/wp-json\/wp\/v2\/types\/page"}],"author":[{"embeddable":true,"href":"https:\/\/www.ff-reichertshausen.de\/cms\/wp-json\/wp\/v2\/users\/14"}],"replies":[{"embeddable":true,"href":"https:\/\/www.ff-reichertshausen.de\/cms\/wp-json\/wp\/v2\/comments?post=6277"}],"version-history":[{"count":1,"href":"https:\/\/www.ff-reichertshausen.de\/cms\/wp-json\/wp\/v2\/pages\/6277\/revisions"}],"predecessor-version":[{"id":6278,"href":"https:\/\/www.ff-reichertshausen.de\/cms\/wp-json\/wp\/v2\/pages\/6277\/revisions\/6278"}],"wp:attachment":[{"href":"https:\/\/www.ff-reichertshausen.de\/cms\/wp-json\/wp\/v2\/media?parent=6277"}],"curies":[{"name":"wp","href":"https:\/\/api.w.org\/{rel}","templated":true}]}}