{"id":579,"date":"2013-01-01T07:07:52","date_gmt":"2013-01-01T06:07:52","guid":{"rendered":"http:\/\/ff-reichertshausen.de\/cms\/?page_id=579"},"modified":"2018-03-17T18:38:09","modified_gmt":"2018-03-17T17:38:09","slug":"einsatze-2013","status":"publish","type":"page","link":"https:\/\/www.ff-reichertshausen.de\/cms\/alarmierung\/einsatze-2013\/","title":{"rendered":"Eins\u00e4tze 2013"},"content":{"rendered":"<p><a href=\"http:\/\/www.lfv-bayern.de\/cms\/fwaktionswoche\/2011\/\" target=\"_blank\" rel=\"noopener\"><img loading=\"lazy\" decoding=\"async\" class=\"size-full wp-image-297 aligncenter\" title=\"Ich will zur Feuerwehr!\" src=\"https:\/\/www.ff-reichertshausen.de\/cms\/wp-content\/uploads\/2011\/01\/Webbanner_Ichwillzurfw.gif\" alt=\"\" width=\"610\" height=\"217\" srcset=\"https:\/\/www.ff-reichertshausen.de\/cms\/wp-content\/uploads\/2011\/01\/Webbanner_Ichwillzurfw.gif 610w, https:\/\/www.ff-reichertshausen.de\/cms\/wp-content\/uploads\/2011\/01\/Webbanner_Ichwillzurfw-300x106.gif 300w\" sizes=\"auto, (max-width: 610px) 100vw, 610px\" \/><\/a><\/p>\n<p><a href=\"https:\/\/www.ff-reichertshausen.de\/cms\/?page_id=1018\"><img decoding=\"async\" src=\"https:\/\/www.ff-reichertshausen.de\/cms\/wp-content\/themes\/twentyten-ffrs\/images\/strahlrohr-l.gif\" alt=\"\" \/> Weiter zu Eins\u00e4tze 2014&#8230;<\/a><\/p>\n<p>18.12.2013 ab 18:00 Uhr &#8211; Parkplatzeinweisung, 2,0 Std.<br \/>\n16.11.2013 ab 18:15 Uhr &#8211; Parkplatzeinweisung, 1,5 Std.<br \/>\n16.11.2013 um 19:45 Uhr &#8211; \u00d6lspur Schlo\u00dfstrasse, 1,0 Std.<br \/>\n26.10.2013 ab 17:30 Uhr &#8211; Parkplatzeinweisung, 1,5 Std.<br \/>\n11.11.2013 ab 17:15 Uhr &#8211; Stra\u00dfensicherung Martinszug, 0,5 Std.<br \/>\n26.09.2013 um 10:00 Uhr &#8211; T\u00fcr\u00f6ffnung Reichertshausen, 0,25 Std.<br \/>\n04.07.2013 um 13:37 Uhr &#8211; Kleintierrettung Paindorf<br \/>\n29.06.2013 ab 8:45 Uhr &#8211; Parkplatzeinweisen Einweihung Ilmtalhalle.<br \/>\n28.06.2013 um 8:55 Uhr &#8211; BMA Ilmtalhalle, Fehlalarm.<br \/>\n09.06.2013 um 22:30 Uhr &#8211; Unwetter in Pfaffenhofen, Keller auspumpen 3,5 Std.<br \/>\n03.06.2013 um 5:50 Uhr &#8211; Verkehrsunfall B13, H\u00f6he Wahl<br \/>\n02.06.2013 um ca.21 Uhr &#8211; <a title=\"Ein herzliches \u201eDankesch\u00f6n\u201c an unsere Feuerwehren!\" href=\"https:\/\/www.ff-reichertshausen.de\/cms\/?p=718\">Hochwasser Reichertshausen Schlo\u00dfstrasse 9,5 Std<\/a><br \/>\n02.06.2013 um ca.21Uhr &#8211; <a title=\"Ein herzliches \u201eDankesch\u00f6n\u201c an unsere Feuerwehren!\" href=\"https:\/\/www.ff-reichertshausen.de\/cms\/?p=718\">Hochwasser Reichertshausen Ilmtal 0,5 Std<\/a><br \/>\n02.06.2013 um 17:10 Uhr &#8211; <a title=\"Ein herzliches \u201eDankesch\u00f6n\u201c an unsere Feuerwehren!\" href=\"https:\/\/www.ff-reichertshausen.de\/cms\/?p=718\">Hochwasser Reichertshausen Schlo\u00dfstrasse 0,5 Std<\/a><br \/>\n02.06.2013 um 16:50\u00a0Uhr &#8211; <a title=\"Ein herzliches \u201eDankesch\u00f6n\u201c an unsere Feuerwehren!\" href=\"https:\/\/www.ff-reichertshausen.de\/cms\/?p=718\">Hochwasser Reichertshausen Angerweg 1 Std<\/a><br \/>\n02.06.2013 um 15:40 Uhr &#8211; <a title=\"Ein herzliches \u201eDankesch\u00f6n\u201c an unsere Feuerwehren!\" href=\"https:\/\/www.ff-reichertshausen.de\/cms\/?p=718\">Hochwasser Reichertshausen Ilmtal 1,5 Std<\/a><br \/>\n30.05.2013 ab 18:45 Uhr &#8211; Stra\u00dfensicherung Fronleichnamsprozession<br \/>\n09.05.2013 ab 14:30 Uhr &#8211; Stra\u00dfensicherung Volksfesteinzug<br \/>\n07.04.2013 um 14:18 Uhr &#8211; Kleinbrand Schlo\u00dfstrasse Reichertshausen<br \/>\n14.03.2013 um 11:02 Uhr &#8211; BMA Seniorenheim, Fehlalarm<br \/>\n14.03.2013 um 10:58 Uhr &#8211; \u00d6lspur Kohlm\u00fchle- Ilmberg<br \/>\n06.03.2013 um 21:12 Uhr &#8211; Person auf Dach, Reichertshausen<br \/>\n15.02.2013 um 17:17 Uhr &#8211; Kaminbrand Kreut<br \/>\n15.02.2013 ab 09:00 Uhr &#8211; Stra\u00dfensicherung und Parkplatzeinweisung<br \/>\n14.02.2013 um 14:05 Uhr &#8211; Stra\u00dfensicherung Reichertshausen<br \/>\n14.02.2013 um 13:10 Uhr &#8211; Erste Hilfe Einsatz Reichertshausen<br \/>\n10.02.2013 ab 13:00 Uhr &#8211; Stra\u00dfensicherung Faschingszug<br \/>\n05.02.2013 um 21:27 Uhr &#8211; BMA Seniorenheim Fehlalarm<br \/>\n31.01.2013 um 13:40 Uhr &#8211; <a title=\"Schweinestall ausgebrannt\" href=\"https:\/\/www.ff-reichertshausen.de\/cms\/?p=593\">Brand in Strobenried<\/a>.<br \/>\n<a href=\"https:\/\/www.ff-reichertshausen.de\/pdf-docs\/adac-blaulicht-martinshorn.pdf\" target=\"_blank\" rel=\"noopener\"><img loading=\"lazy\" decoding=\"async\" class=\"size-full wp-image-147 alignright\" title=\"Wichtige Hinweise zu Blaulicht und Martinshorn ...\" src=\"https:\/\/www.ff-reichertshausen.de\/cms\/wp-content\/uploads\/2011\/01\/Blaulicht.gif\" alt=\"\" width=\"104\" height=\"120\" \/><\/a><\/p>\n<p><a href=\"https:\/\/www.ff-reichertshausen.de\/cms\/?page_id=353\"><img decoding=\"async\" src=\"https:\/\/www.ff-reichertshausen.de\/cms\/wp-content\/themes\/twentyten-ffrs\/images\/strahlrohr-l.gif\" alt=\"\" \/> Weiter zu Eins\u00e4tze 2012&#8230;<\/a><\/p>\n","protected":false},"excerpt":{"rendered":"<p>Weiter zu Eins\u00e4tze 2014&#8230; 18.12.2013 ab 18:00 Uhr &#8211; Parkplatzeinweisung, 2,0 Std. 16.11.2013 ab 18:15 Uhr &#8211; Parkplatzeinweisung, 1,5 Std. 16.11.2013 um 19:45 Uhr &#8211; \u00d6lspur Schlo\u00dfstrasse, 1,0 Std. 26.10.2013 ab 17:30 Uhr &#8211; Parkplatzeinweisung, 1,5 Std. 11.11.2013 ab 17:15 Uhr &#8211; Stra\u00dfensicherung Martinszug, 0,5 Std. 26.09.2013 um 10:00 Uhr &#8211; T\u00fcr\u00f6ffnung Reichertshausen, 0,25 Std. &hellip; <a href=\"https:\/\/www.ff-reichertshausen.de\/cms\/alarmierung\/einsatze-2013\/\" class=\"more-link\"><span class=\"screen-reader-text\">Eins\u00e4tze 2013<\/span> weiterlesen <span class=\"meta-nav\">&rarr;<\/span><\/a><\/p>\n","protected":false},"author":14,"featured_media":0,"parent":128,"menu_order":5,"comment_status":"closed","ping_status":"closed","template":"page-templates\/full-width.php","meta":{"footnotes":""},"class_list":["post-579","page","type-page","status-publish","hentry"],"_links":{"self":[{"href":"https:\/\/www.ff-reichertshausen.de\/cms\/wp-json\/wp\/v2\/pages\/579","targetHints":{"allow":["GET"]}}],"collection":[{"href":"https:\/\/www.ff-reichertshausen.de\/cms\/wp-json\/wp\/v2\/pages"}],"about":[{"href":"https:\/\/www.ff-reichertshausen.de\/cms\/wp-json\/wp\/v2\/types\/page"}],"author":[{"embeddable":true,"href":"https:\/\/www.ff-reichertshausen.de\/cms\/wp-json\/wp\/v2\/users\/14"}],"replies":[{"embeddable":true,"href":"https:\/\/www.ff-reichertshausen.de\/cms\/wp-json\/wp\/v2\/comments?post=579"}],"version-history":[{"count":0,"href":"https:\/\/www.ff-reichertshausen.de\/cms\/wp-json\/wp\/v2\/pages\/579\/revisions"}],"up":[{"embeddable":true,"href":"https:\/\/www.ff-reichertshausen.de\/cms\/wp-json\/wp\/v2\/pages\/128"}],"wp:attachment":[{"href":"https:\/\/www.ff-reichertshausen.de\/cms\/wp-json\/wp\/v2\/media?parent=579"}],"curies":[{"name":"wp","href":"https:\/\/api.w.org\/{rel}","templated":true}]}}