{"id":5568,"date":"2025-01-02T21:20:34","date_gmt":"2025-01-02T20:20:34","guid":{"rendered":"https:\/\/www.ff-reichertshausen.de\/cms\/?page_id=5568"},"modified":"2025-01-02T21:20:35","modified_gmt":"2025-01-02T20:20:35","slug":"einsaetze-2024","status":"publish","type":"page","link":"https:\/\/www.ff-reichertshausen.de\/cms\/einsaetze-2024\/","title":{"rendered":"Eins\u00e4tze 2024"},"content":{"rendered":"<p><strong>Unser Einsatz <\/strong>war zuletzt notwendig:<\/p>\n<table width=\"380\">\n<tbody>\n<tr>\n<th style=\"text-align: center;\"><strong>Nr<\/strong><\/th>\n<th style=\"text-align: center;\"><strong>Datum<\/strong><\/th>\n<th style=\"text-align: center;\">Uhrzeit<\/th>\n<th>Ort und Einsatz<\/th>\n<th style=\"text-align: center;\">Dauer<br \/>(Std.)<\/th>\n<\/tr>\n<tr>\n<td style=\"text-align: right;\">62<\/td>\n<td style=\"text-align: center;\">14.12.2024<\/td>\n<td style=\"text-align: center;\">19:08<\/td>\n<td>Brand Geb\u00e4ude, Jetzendorf, Schulstrasse<\/td>\n<td style=\"text-align: center;\">1,5<\/td>\n<\/tr>\n<tr>\n<td style=\"text-align: right;\">61<\/td>\n<td style=\"text-align: center;\">30.11.2024<\/td>\n<td style=\"text-align: center;\">10:06<\/td>\n<td>Baum auf Dach, Metzgerberg, Scheyern<\/td>\n<td style=\"text-align: center;\">3,5<\/td>\n<\/tr>\n<tr>\n<td style=\"text-align: right;\">60<\/td>\n<td style=\"text-align: center;\">11.11.2024<\/td>\n<td style=\"text-align: center;\">16:30<\/td>\n<td>Verkehrsabsicherung Martinsumzug, Reichertshausen<\/td>\n<td style=\"text-align: center;\">1,0<\/td>\n<\/tr>\n<tr>\n<td style=\"text-align: right;\">59<\/td>\n<td style=\"text-align: center;\">16.10.2024<\/td>\n<td style=\"text-align: center;\">04:21<\/td>\n<td>Hangabrutsch Kreuterstrasse, Reichertshausen<\/td>\n<td style=\"text-align: center;\">4,25<\/td>\n<\/tr>\n<tr>\n<td style=\"text-align: right;\">58<\/td>\n<td style=\"text-align: center;\">17.09.2024<\/td>\n<td style=\"text-align: center;\">21:09<\/td>\n<td>Baum \u00fcber Stra\u00dfe, Am Tonfeld, Oberpaindorf<\/td>\n<td style=\"text-align: center;\">0,5<\/td>\n<\/tr>\n<tr>\n<td style=\"text-align: right;\">57<\/td>\n<td style=\"text-align: center;\">20.08.2024<\/td>\n<td style=\"text-align: center;\">20:52<\/td>\n<td>Notdach aufbauen, Mozartring\u00a0 Reichertshausen<\/td>\n<td style=\"text-align: center;\">3,0<\/td>\n<\/tr>\n<tr>\n<td style=\"text-align: right;\">56<\/td>\n<td style=\"text-align: center;\">20.08.2024<\/td>\n<td style=\"text-align: center;\">12:48<\/td>\n<td>Baum auf Geb\u00e4ude, Mozartring Reichertshausen<\/td>\n<td style=\"text-align: center;\">1,25<\/td>\n<\/tr>\n<tr>\n<td style=\"text-align: right;\">55<\/td>\n<td style=\"text-align: center;\">15.08.2024<\/td>\n<td style=\"text-align: center;\">13:10<\/td>\n<td>First Responder, Staatstra\u00dfe 2337, Ortseingang Reichertshausen<\/td>\n<td style=\"text-align: center;\">0,66<\/td>\n<\/tr>\n<tr>\n<td style=\"text-align: right;\">54<\/td>\n<td style=\"text-align: center;\">15.08.2024<\/td>\n<td style=\"text-align: center;\">12:32<\/td>\n<td>Rauchmelder Oberhausener Str., Oberpaindorf<\/td>\n<td style=\"text-align: center;\">0,66<\/td>\n<\/tr>\n<tr>\n<td style=\"text-align: right;\">53<\/td>\n<td style=\"text-align: center;\">10.08.2024<\/td>\n<td style=\"text-align: center;\">21:55<\/td>\n<td>Hubschrauberlandeplatz ausleuchten, Oberpaindorf<\/td>\n<td style=\"text-align: center;\">1,0<\/td>\n<\/tr>\n<tr>\n<td style=\"text-align: right;\">52<\/td>\n<td style=\"text-align: center;\">19.07.2024<\/td>\n<td style=\"text-align: center;\">20:28<\/td>\n<td>Rauchmelder, Josef-Maria-Lutz Stra\u00dfe<\/td>\n<td style=\"text-align: center;\">0,5<\/td>\n<\/tr>\n<tr>\n<td style=\"text-align: right;\">51<\/td>\n<td style=\"text-align: center;\">15.06.2024<\/td>\n<td style=\"text-align: center;\">23:28<\/td>\n<td>Dachstuhlbrand Steinkirchen<\/td>\n<td style=\"text-align: center;\">0,33<\/td>\n<\/tr>\n<tr>\n<td style=\"text-align: right;\">50<\/td>\n<td style=\"text-align: center;\">14.06.2024<\/td>\n<td style=\"text-align: center;\">23:04<\/td>\n<td>Hubschrauberlandeplatz ausleuchten, Reichertshausen<\/td>\n<td style=\"text-align: center;\">1,0<\/td>\n<\/tr>\n<tr>\n<td style=\"text-align: right;\">49<\/td>\n<td style=\"text-align: center;\">13.06.2024<\/td>\n<td style=\"text-align: center;\">16:37<\/td>\n<td>Rauchmelder Paindorf<\/td>\n<td style=\"text-align: center;\">0,33<\/td>\n<\/tr>\n<tr>\n<td style=\"text-align: right;\">48<\/td>\n<td style=\"text-align: center;\">08.06.2024<\/td>\n<td style=\"text-align: center;\">06:00<\/td>\n<td>Unterst\u00fctzung der UG \u00d6EL<\/td>\n<td style=\"text-align: center;\">14,0<\/td>\n<\/tr>\n<tr>\n<td style=\"text-align: right;\">47<\/td>\n<td style=\"text-align: center;\">05.06.2024<\/td>\n<td style=\"text-align: center;\">18:00<\/td>\n<td>Unterst\u00fctzung der UG \u00d6EL<\/td>\n<td style=\"text-align: center;\">14,0<\/td>\n<\/tr>\n<tr>\n<td style=\"text-align: right;\">40-46<\/td>\n<td style=\"text-align: center;\">05.06.2024<\/td>\n<td style=\"text-align: center;\">7:25<\/td>\n<td>Keller auspumpen, Baar<\/td>\n<td style=\"text-align: center;\">13,25<\/td>\n<\/tr>\n<tr>\n<td style=\"text-align: right;\">39<\/td>\n<td style=\"text-align: center;\">03.06.2024<\/td>\n<td style=\"text-align: center;\">18:45<\/td>\n<td>Sands\u00e4cke nach Westenhausen liefern<\/td>\n<td style=\"text-align: center;\">3,0<\/td>\n<\/tr>\n<tr>\n<td style=\"text-align: right;\">38<\/td>\n<td style=\"text-align: center;\">03.06.2024<\/td>\n<td style=\"text-align: center;\">18:00<\/td>\n<td>Unterst\u00fctzung der UG \u00d6EL<\/td>\n<td style=\"text-align: center;\">14,0<\/td>\n<\/tr>\n<tr>\n<td style=\"text-align: right;\">37<\/td>\n<td style=\"text-align: center;\">03.06.2024<\/td>\n<td style=\"text-align: center;\">7:40<\/td>\n<td>Technische Hilfeleistung, LKW droht umzukippen<\/td>\n<td style=\"text-align: center;\">2,25<\/td>\n<\/tr>\n<tr>\n<td style=\"text-align: right;\">36<\/td>\n<td style=\"text-align: center;\">03.06.2024<\/td>\n<td style=\"text-align: center;\">00:22<\/td>\n<td>Hochwasserunterst\u00fctzung Manching<\/td>\n<td style=\"text-align: center;\">6,25<\/td>\n<\/tr>\n<tr>\n<td style=\"text-align: right;\">35<\/td>\n<td style=\"text-align: center;\">02.06.2024<\/td>\n<td style=\"text-align: center;\">23:00<\/td>\n<td>Unterst\u00fctzung der UG \u00d6EL<\/td>\n<td style=\"text-align: center;\">12,0<\/td>\n<\/tr>\n<tr>\n<td style=\"text-align: right;\">34<\/td>\n<td style=\"text-align: center;\">02.06.2024<\/td>\n<td style=\"text-align: center;\">9:50<\/td>\n<td>Sands\u00e4cke f\u00fcllen f\u00fcr Unterst\u00fctzung Katastrophenfall<\/td>\n<td style=\"text-align: center;\">5,5<\/td>\n<\/tr>\n<tr>\n<td style=\"text-align: right;\">33<\/td>\n<td style=\"text-align: center;\">02.06.2024<\/td>\n<td style=\"text-align: center;\">6:54<\/td>\n<td>Brand Elektroanlage, Hohenkammer<\/td>\n<td style=\"text-align: center;\">1,0<\/td>\n<\/tr>\n<tr>\n<td style=\"text-align: right;\">18-32<\/td>\n<td style=\"text-align: center;\">01.06.2024<\/td>\n<td style=\"text-align: center;\">08:55<\/td>\n<td>Hochwasser in Reichertshausen<\/td>\n<td style=\"text-align: center;\">22,0<\/td>\n<\/tr>\n<tr>\n<td style=\"text-align: right;\">17<\/td>\n<td style=\"text-align: center;\">31.05.2024<\/td>\n<td style=\"text-align: center;\">22:56<\/td>\n<td>Wasser im Keller, Angerhofstr., Reichertshausen<\/td>\n<td style=\"text-align: center;\">1,25<\/td>\n<\/tr>\n<tr>\n<td style=\"text-align: right;\">16<\/td>\n<td style=\"text-align: center;\">19.05.2024<\/td>\n<td style=\"text-align: center;\">03:16<\/td>\n<td>Unterst\u00fctzung Rettungsdienst, Reichertshausen, Erlenstra\u00dfe<\/td>\n<td style=\"text-align: center;\">0,33<\/td>\n<\/tr>\n<tr>\n<td style=\"text-align: right;\">15<\/td>\n<td style=\"text-align: center;\">17.05.2024<\/td>\n<td style=\"text-align: center;\">16:03<\/td>\n<td>Verkehrsunfall Bus mit Pkw, Reichertshausen, M\u00fcnchner Str. 4<\/td>\n<td style=\"text-align: center;\">4,0<\/td>\n<\/tr>\n<tr>\n<td style=\"text-align: right;\">14<\/td>\n<td style=\"text-align: center;\">12.05.2024<\/td>\n<td style=\"text-align: center;\">14:30<\/td>\n<td>Verkehrsabsicherung Sch\u00fctzenumzug<\/td>\n<td style=\"text-align: center;\">0,75<\/td>\n<\/tr>\n<tr>\n<td style=\"text-align: right;\">13<\/td>\n<td style=\"text-align: center;\">09.05.2024<\/td>\n<td style=\"text-align: center;\">14:30<\/td>\n<td>Verkehrsabsicherung Volksfesteinzug<\/td>\n<td style=\"text-align: center;\">0,5<\/td>\n<\/tr>\n<tr>\n<td style=\"text-align: right;\">12<\/td>\n<td style=\"text-align: center;\">04.05.2024<\/td>\n<td style=\"text-align: center;\">18:15<\/td>\n<td>Parkplatz einweisen Ilmtalhalle<\/td>\n<td style=\"text-align: center;\">2,25<\/td>\n<\/tr>\n<tr>\n<td style=\"text-align: right;\">11<\/td>\n<td style=\"text-align: center;\">09.04.2024<\/td>\n<td style=\"text-align: center;\">18:34<\/td>\n<td>First Responder, Riederweg, Reichertshausen<\/td>\n<td style=\"text-align: center;\">0,33<\/td>\n<\/tr>\n<tr>\n<td style=\"text-align: right;\">10<\/td>\n<td style=\"text-align: center;\">05.04.2024<\/td>\n<td style=\"text-align: center;\">23:27<\/td>\n<td>Verkehrsunfall mit Wohnwagen, Angerweg<\/td>\n<td style=\"text-align: center;\">6,75<\/td>\n<\/tr>\n<tr>\n<td style=\"text-align: right;\">9<\/td>\n<td style=\"text-align: center;\">02.03.2024<\/td>\n<td style=\"text-align: center;\">08:45<\/td>\n<td>Unterst\u00fctzung Ramadama<\/td>\n<td style=\"text-align: center;\">2,25<\/td>\n<\/tr>\n<tr>\n<td style=\"text-align: right;\">8<\/td>\n<td style=\"text-align: center;\">01.03.2024<\/td>\n<td style=\"text-align: center;\">15:51<\/td>\n<td>\u00d6l auf Gew\u00e4sser<\/td>\n<td style=\"text-align: center;\">1,0<\/td>\n<\/tr>\n<tr>\n<td style=\"text-align: right;\">7<\/td>\n<td style=\"text-align: center;\">11.02.2024<\/td>\n<td style=\"text-align: center;\">18:09<\/td>\n<td>Personensuche Oberpaindorf<\/td>\n<td style=\"text-align: center;\">2,25<\/td>\n<\/tr>\n<tr>\n<td style=\"text-align: right;\">6<\/td>\n<td style=\"text-align: center;\">11.02.2024<\/td>\n<td style=\"text-align: center;\">13:00<\/td>\n<td>Absicherung\/Begleitung Faschingszug von Reichertshausen nach Steinkirchen<\/td>\n<td style=\"text-align: center;\">3,0<\/td>\n<\/tr>\n<tr>\n<td style=\"text-align: right;\">5<\/td>\n<td style=\"text-align: center;\">11.02.2024<\/td>\n<td style=\"text-align: center;\">13:00<\/td>\n<td>Verkehrsabsicherung Faschingsumzug Reichertshausen<\/td>\n<td style=\"text-align: center;\">1,0<\/td>\n<\/tr>\n<tr>\n<td style=\"text-align: right;\">4<\/td>\n<td style=\"text-align: center;\">28.01.2024<\/td>\n<td style=\"text-align: center;\">14:00<\/td>\n<td>Sanit\u00e4tsdienst Ilmtalhalle<br \/>Reichertshausen<\/td>\n<td style=\"text-align: center;\">2,0<\/td>\n<\/tr>\n<tr>\n<td style=\"text-align: right;\">3<\/td>\n<td style=\"text-align: center;\">14.01.2024<\/td>\n<td style=\"text-align: center;\">12:55<\/td>\n<td>BMA Ilmtalhalle<br \/>Reichertshausen<\/td>\n<td style=\"text-align: center;\">0,5<\/td>\n<\/tr>\n<tr>\n<td style=\"text-align: right;\">2<\/td>\n<td style=\"text-align: center;\">07.01.2024<\/td>\n<td style=\"text-align: center;\">11:22<\/td>\n<td>K\u00fcchenbrand<br \/>Ilmried, Angerstra\u00dfe<\/td>\n<td style=\"text-align: center;\">1,75<\/td>\n<\/tr>\n<tr>\n<td style=\"text-align: right;\">1<\/td>\n<td style=\"text-align: center;\">04.01.2024<\/td>\n<td style=\"text-align: center;\">01:05<\/td>\n<td>Brand Freifl\u00e4che<br \/>zwischen Kleingurn\u00f6bach und Langwaid<\/td>\n<td style=\"text-align: center;\">2,0<\/td>\n<\/tr>\n<\/tbody>\n<\/table>\n<p><a href=\"https:\/\/www.ff-reichertshausen.de\/cms\/einsaetze-2023\/\" data-wp-editing=\"1\"><img decoding=\"async\" src=\"https:\/\/www.ff-reichertshausen.de\/cms\/wp-content\/themes\/twentyten-ffrs\/images\/strahlrohr-l.gif\" alt=\"\" \/> Weiter zu Eins\u00e4tze 2023&#8230;<\/a><\/p>\n<p><a href=\"https:\/\/www.ff-reichertshausen.de\/cms\/?page_id=25\"><img decoding=\"async\" src=\"https:\/\/www.ff-reichertshausen.de\/cms\/wp-content\/themes\/twentyten-ffrs\/images\/strahlrohr-l.gif\" alt=\"\" \/> Unsere Eins\u00e4tze seit 2011<br \/>(Beginn unserer Einsatz-Ver\u00f6ffentlichungen im Internet &#8230;)<\/a><\/p>\n<table width=\"380\">\n<tbody>\n<tr>\n<th>\u00a0<\/th>\n<\/tr>\n<\/tbody>\n<\/table>\n<p><a href=\"https:\/\/www.ff-reichertshausen.de\/pdf-docs\/adac-blaulicht-martinshorn.pdf\" target=\"_blank\" rel=\"noopener noreferrer\"><img loading=\"lazy\" decoding=\"async\" class=\"size-full wp-image-147 alignright\" title=\"Wichtige Hinweise zu Blaulicht und Martinshorn ...\" src=\"https:\/\/www.ff-reichertshausen.de\/cms\/wp-content\/uploads\/2011\/01\/Blaulicht.gif\" alt=\"\" width=\"104\" height=\"120\" \/><\/a><\/p>\n\n\n<p><\/p>\n","protected":false},"excerpt":{"rendered":"<p>Unser Einsatz war zuletzt notwendig: Nr Datum Uhrzeit Ort und Einsatz Dauer(Std.) 62 14.12.2024 19:08 Brand Geb\u00e4ude, Jetzendorf, Schulstrasse 1,5 61 30.11.2024 10:06 Baum auf Dach, Metzgerberg, Scheyern 3,5 60 11.11.2024 16:30 Verkehrsabsicherung Martinsumzug, Reichertshausen 1,0 59 16.10.2024 04:21 Hangabrutsch Kreuterstrasse, Reichertshausen 4,25 58 17.09.2024 21:09 Baum \u00fcber Stra\u00dfe, Am Tonfeld, Oberpaindorf 0,5 57 20.08.2024 &hellip; <a href=\"https:\/\/www.ff-reichertshausen.de\/cms\/einsaetze-2024\/\" class=\"more-link\"><span class=\"screen-reader-text\">Eins\u00e4tze 2024<\/span> weiterlesen <span class=\"meta-nav\">&rarr;<\/span><\/a><\/p>\n","protected":false},"author":14,"featured_media":0,"parent":0,"menu_order":0,"comment_status":"closed","ping_status":"closed","template":"","meta":{"footnotes":""},"class_list":["post-5568","page","type-page","status-publish","hentry"],"_links":{"self":[{"href":"https:\/\/www.ff-reichertshausen.de\/cms\/wp-json\/wp\/v2\/pages\/5568","targetHints":{"allow":["GET"]}}],"collection":[{"href":"https:\/\/www.ff-reichertshausen.de\/cms\/wp-json\/wp\/v2\/pages"}],"about":[{"href":"https:\/\/www.ff-reichertshausen.de\/cms\/wp-json\/wp\/v2\/types\/page"}],"author":[{"embeddable":true,"href":"https:\/\/www.ff-reichertshausen.de\/cms\/wp-json\/wp\/v2\/users\/14"}],"replies":[{"embeddable":true,"href":"https:\/\/www.ff-reichertshausen.de\/cms\/wp-json\/wp\/v2\/comments?post=5568"}],"version-history":[{"count":2,"href":"https:\/\/www.ff-reichertshausen.de\/cms\/wp-json\/wp\/v2\/pages\/5568\/revisions"}],"predecessor-version":[{"id":5570,"href":"https:\/\/www.ff-reichertshausen.de\/cms\/wp-json\/wp\/v2\/pages\/5568\/revisions\/5570"}],"wp:attachment":[{"href":"https:\/\/www.ff-reichertshausen.de\/cms\/wp-json\/wp\/v2\/media?parent=5568"}],"curies":[{"name":"wp","href":"https:\/\/api.w.org\/{rel}","templated":true}]}}