{"id":4982,"date":"2024-01-04T17:56:37","date_gmt":"2024-01-04T16:56:37","guid":{"rendered":"https:\/\/www.ff-reichertshausen.de\/cms\/?page_id=4982"},"modified":"2024-01-04T17:56:38","modified_gmt":"2024-01-04T16:56:38","slug":"einsaetze-2023","status":"publish","type":"page","link":"https:\/\/www.ff-reichertshausen.de\/cms\/einsaetze-2023\/","title":{"rendered":"Eins\u00e4tze 2023"},"content":{"rendered":"<p><strong>Unser Einsatz <\/strong>war zuletzt notwendig:<\/p>\n<table width=\"380\">\n<tbody>\n<tr>\n<th style=\"text-align: center;\"><strong>Nr<\/strong><\/th>\n<th style=\"text-align: center;\"><strong>Datum<\/strong><\/th>\n<th style=\"text-align: center;\">Uhrzeit<\/th>\n<th>Ort und Einsatz<\/th>\n<th style=\"text-align: center;\">Dauer<br \/>(Std.)<\/th>\n<\/tr>\n<tr>\n<td style=\"text-align: right;\">69-71<\/td>\n<td style=\"text-align: center;\">10.12.2023<\/td>\n<td style=\"text-align: center;\">10:15<\/td>\n<td>mehrere Kontrollfahrten wegen Hochwassergefahr<\/td>\n<td style=\"text-align: center;\">2,5<\/td>\n<\/tr>\n<tr>\n<td style=\"text-align: right;\">68<\/td>\n<td style=\"text-align: center;\">02.12.2023<\/td>\n<td style=\"text-align: center;\">15:00<\/td>\n<td>Baum \u00fcber Strasse, Friedhof Reichertshausen<\/td>\n<td style=\"text-align: center;\">0,75<\/td>\n<\/tr>\n<tr>\n<td style=\"text-align: right;\">67<\/td>\n<td style=\"text-align: center;\">02.12.2023<\/td>\n<td style=\"text-align: center;\">14:45<\/td>\n<td>Baum \u00fcber Stra\u00dfe, Reichertshausen Schlo\u00dfstra\u00dfe\/Hofberg<\/td>\n<td style=\"text-align: center;\">0,25<\/td>\n<\/tr>\n<tr>\n<td style=\"text-align: right;\">66<\/td>\n<td style=\"text-align: center;\">02.12.2023<\/td>\n<td style=\"text-align: center;\">14:15<\/td>\n<td>mehrere B\u00e4ume \u00fcber Stra\u00dfe, zw. Reichertshausen u. Kreut<\/td>\n<td style=\"text-align: center;\">0,75<\/td>\n<\/tr>\n<tr>\n<td style=\"text-align: right;\">65<\/td>\n<td style=\"text-align: center;\">02.12.2023<\/td>\n<td style=\"text-align: center;\">09:29<\/td>\n<td>Baum \u00fcber Stra\u00dfe, zw. Reichertshausen u. Gurn\u00f6back<\/td>\n<td style=\"text-align: center;\">0,5<\/td>\n<\/tr>\n<tr>\n<td style=\"text-align: right;\">64<\/td>\n<td style=\"text-align: center;\">02.12.2023<\/td>\n<td style=\"text-align: center;\">05:47<\/td>\n<td>Baum \u00fcber Stra\u00dfe, zw. Reichertshausen u. Kreut<\/td>\n<td style=\"text-align: center;\">0,75<\/td>\n<\/tr>\n<tr>\n<td style=\"text-align: right;\">63<\/td>\n<td style=\"text-align: center;\">22.11.2023<\/td>\n<td style=\"text-align: center;\">06:52<\/td>\n<td>Verkehrsunfall LKW B13<\/td>\n<td style=\"text-align: center;\">1,75<\/td>\n<\/tr>\n<tr>\n<td style=\"text-align: right;\">62<\/td>\n<td style=\"text-align: center;\">19.11.2023<\/td>\n<td style=\"text-align: center;\">11:15<\/td>\n<td>Verkehrsabsicherung Volkstrauertag<\/td>\n<td style=\"text-align: center;\">0,25<\/td>\n<\/tr>\n<tr>\n<td style=\"text-align: right;\">61<\/td>\n<td style=\"text-align: center;\">18.11.2023<\/td>\n<td style=\"text-align: center;\">23:08<\/td>\n<td>Verkehrsabsicherung zwischen Kemmoden und Jetzendorf<\/td>\n<td style=\"text-align: center;\">1,0<\/td>\n<\/tr>\n<tr>\n<td style=\"text-align: right;\">60<\/td>\n<td style=\"text-align: center;\">17.11.2023<\/td>\n<td style=\"text-align: center;\">14:17<\/td>\n<td>Verkehrsunfall Zug, Bahnhof Reichertshausen<\/td>\n<td style=\"text-align: center;\">5,0<\/td>\n<\/tr>\n<tr>\n<td style=\"text-align: right;\">59<\/td>\n<td style=\"text-align: center;\">13.11.2023<\/td>\n<td style=\"text-align: center;\">17:00<\/td>\n<td>Verkehrsabsicherung Martinsumzug<\/td>\n<td style=\"text-align: center;\">0,33<\/td>\n<\/tr>\n<tr>\n<td style=\"text-align: right;\">58<\/td>\n<td style=\"text-align: center;\">29.10.2023<\/td>\n<td style=\"text-align: center;\">23:00<\/td>\n<td>Wasser im Keller, Schlo\u00dfstra\u00dfe Reichertshausen<\/td>\n<td style=\"text-align: center;\">0,75<\/td>\n<\/tr>\n<tr>\n<td style=\"text-align: right;\">57<\/td>\n<td style=\"text-align: center;\">25.10.2023<\/td>\n<td style=\"text-align: center;\">15:35<\/td>\n<td>Evakuierung Zug, Bahnhof Reichertshausen<\/td>\n<td style=\"text-align: center;\">1,0<\/td>\n<\/tr>\n<tr>\n<td style=\"text-align: right;\">56<\/td>\n<td style=\"text-align: center;\">19.10.2023<\/td>\n<td style=\"text-align: center;\">14:26<\/td>\n<td>T\u00fcr\u00f6ffnung Ilmtal, Reichertshausen<\/td>\n<td style=\"text-align: center;\">0,5<\/td>\n<\/tr>\n<tr>\n<td style=\"text-align: right;\">55<\/td>\n<td style=\"text-align: center;\">07.10.2023<\/td>\n<td style=\"text-align: center;\">09:00<\/td>\n<td>Hochwasserschutzkonzept, Sands\u00e4cke f\u00fcllen<\/td>\n<td style=\"text-align: center;\">2,5<\/td>\n<\/tr>\n<tr>\n<td style=\"text-align: right;\">54<\/td>\n<td style=\"text-align: center;\">04.10.2023<\/td>\n<td style=\"text-align: center;\">06:14<\/td>\n<td>THL Bahn, Zw. Reichertshausen und Ilmm\u00fcnster<\/td>\n<td style=\"text-align: center;\">0,5<\/td>\n<\/tr>\n<tr>\n<td style=\"text-align: right;\">53<\/td>\n<td style=\"text-align: center;\">04.10.2023<\/td>\n<td style=\"text-align: center;\">03:44<\/td>\n<td>Unterst\u00fctzung Rettungsdienst, Peter-Rosegger Str. Reichertshausen<\/td>\n<td style=\"text-align: center;\">0,33<\/td>\n<\/tr>\n<tr>\n<td style=\"text-align: right;\">52<\/td>\n<td style=\"text-align: center;\">02.10.2023<\/td>\n<td style=\"text-align: center;\">10:57<\/td>\n<td>Wohnungs\u00f6ffnung Hofberg, Reichertshausen<\/td>\n<td style=\"text-align: center;\">1,5<\/td>\n<\/tr>\n<tr>\n<td style=\"text-align: right;\">51<\/td>\n<td style=\"text-align: center;\">17.09.2023<\/td>\n<td style=\"text-align: center;\">10:25<\/td>\n<td>T\u00fcr\u00f6ffnung Reichertshausen<\/td>\n<td style=\"text-align: center;\">0,33<\/td>\n<\/tr>\n<tr>\n<td style=\"text-align: right;\">41-50<\/td>\n<td style=\"text-align: center;\">26.08.2023<\/td>\n<td style=\"text-align: center;\">ab 17:55<\/td>\n<td>Kontrolle mehrerer Keller im Stadtgebiet PAF, kein Eingreifen erforderlich<\/td>\n<td style=\"text-align: center;\">1,0<\/td>\n<\/tr>\n<tr>\n<td style=\"text-align: right;\">40<\/td>\n<td style=\"text-align: center;\">26.08.2023<\/td>\n<td style=\"text-align: center;\">ab 17:55<\/td>\n<td>Keller unter Wasser, Scheyerer Str. PAF<\/td>\n<td style=\"text-align: center;\">0,75<\/td>\n<\/tr>\n<tr>\n<td style=\"text-align: right;\">39<\/td>\n<td style=\"text-align: center;\">26.08.2023<\/td>\n<td style=\"text-align: center;\">ab 17:55<\/td>\n<td>Keller unter Wasser, Niederscheyerer Str. PAF<\/td>\n<td style=\"text-align: center;\">0,5<\/td>\n<\/tr>\n<tr>\n<td style=\"text-align: right;\">38<\/td>\n<td style=\"text-align: center;\">26.08.2023<\/td>\n<td style=\"text-align: center;\">ab 17:55<\/td>\n<td>Garage unter Wasser, Quellengasse PAF<\/td>\n<td style=\"text-align: center;\">1,0<\/td>\n<\/tr>\n<tr>\n<td style=\"text-align: right;\">37<\/td>\n<td style=\"text-align: center;\">26.08.2023<\/td>\n<td style=\"text-align: center;\">ab 17:55<\/td>\n<td>Keller unter Wasser, Hohenwarter Str. PAF<\/td>\n<td style=\"text-align: center;\">1,5<\/td>\n<\/tr>\n<tr>\n<td style=\"text-align: right;\">36<\/td>\n<td style=\"text-align: center;\">25.08.2023<\/td>\n<td style=\"text-align: center;\">23:55<\/td>\n<td>Baum \u00fcber Stra\u00dfe, S\u00e4gm\u00fchlstra\u00dfe, Grafing<\/td>\n<td style=\"text-align: center;\">0,25<\/td>\n<\/tr>\n<tr>\n<td style=\"text-align: right;\">35<\/td>\n<td style=\"text-align: center;\">24.08.2023<\/td>\n<td style=\"text-align: center;\">23:55<\/td>\n<td>B\u00e4ume \u00fcber Stra\u00dfe, Haselhof<\/td>\n<td style=\"text-align: center;\">1,0<\/td>\n<\/tr>\n<tr>\n<td style=\"text-align: right;\">34<\/td>\n<td style=\"text-align: center;\">24.08.2023<\/td>\n<td style=\"text-align: center;\">23:50<\/td>\n<td>\u00c4ste auf Fahrbahn, B13 Kammerer Berg, Reichertshausen<\/td>\n<td style=\"text-align: center;\">0,25<\/td>\n<\/tr>\n<tr>\n<td style=\"text-align: right;\">33<\/td>\n<td style=\"text-align: center;\">24.08.2023<\/td>\n<td style=\"text-align: center;\">23:35<\/td>\n<td>Baum \u00fcber Stra\u00dfe, Paindorfer Str. Reichertshausen<\/td>\n<td style=\"text-align: center;\">0,25<\/td>\n<\/tr>\n<tr>\n<td style=\"text-align: right;\">32<\/td>\n<td style=\"text-align: center;\">24.08.2023<\/td>\n<td style=\"text-align: center;\">23:20<\/td>\n<td>\u00c4ste auf Fahrbahn, Grafinger Tring, Reichertshausen<\/td>\n<td style=\"text-align: center;\">0,25<\/td>\n<\/tr>\n<tr>\n<td style=\"text-align: right;\">31<\/td>\n<td style=\"text-align: center;\">24.08.2023<\/td>\n<td style=\"text-align: center;\">22:58<\/td>\n<td>Zimmerbrand Raiffeisenstr. Reichertshausen, Fehlalarm<\/td>\n<td style=\"text-align: center;\">0,33<\/td>\n<\/tr>\n<tr>\n<td style=\"text-align: right;\">30<\/td>\n<td style=\"text-align: center;\">30.07.2023<\/td>\n<td style=\"text-align: center;\">18:16<\/td>\n<td>VU Motorrad Reichertshausen Pfaffenhofener Str.<\/td>\n<td style=\"text-align: center;\">3,5<\/td>\n<\/tr>\n<tr>\n<td style=\"text-align: right;\">29<\/td>\n<td style=\"text-align: center;\">12.07.2023<\/td>\n<td style=\"text-align: center;\">3:09<\/td>\n<td>Langwaid Talstra\u00dfe Baum auf Fahrbahn<\/td>\n<td style=\"text-align: center;\">0,75<\/td>\n<\/tr>\n<tr>\n<td style=\"text-align: right;\">28<\/td>\n<td style=\"text-align: center;\">12.07.2023<\/td>\n<td style=\"text-align: center;\">3:09<\/td>\n<td>Haselhof Baum auf Fahrbahn<\/td>\n<td style=\"text-align: center;\">0,75<\/td>\n<\/tr>\n<tr>\n<td style=\"text-align: right;\">27<\/td>\n<td style=\"text-align: center;\">05.07.2023<\/td>\n<td style=\"text-align: center;\">15:00<\/td>\n<td>Niernsdorf Verkehrsunfall<\/td>\n<td style=\"text-align: center;\">3,5<\/td>\n<\/tr>\n<tr>\n<td style=\"text-align: right;\">26<\/td>\n<td style=\"text-align: center;\">03.07.2023<\/td>\n<td style=\"text-align: center;\">18:12<\/td>\n<td>Gurn\u00f6bach Verkehrsunfall *** Fehlalarm ***<\/td>\n<td style=\"text-align: center;\">0,5<\/td>\n<\/tr>\n<tr>\n<td style=\"text-align: right;\">25<\/td>\n<td style=\"text-align: center;\">25.06.2023<\/td>\n<td style=\"text-align: center;\">14:00<\/td>\n<td>Verkehrsabsicherung Festumzug Ilmm\u00fcnster<\/td>\n<td style=\"text-align: center;\">1,75<\/td>\n<\/tr>\n<tr>\n<td style=\"text-align: right;\">24<\/td>\n<td style=\"text-align: center;\">22.06.2023<\/td>\n<td style=\"text-align: center;\">23:52<\/td>\n<td>verschmutzte Fahrbahn, Staatsstrasse 2337<br \/>Reichertshausen &#8211; Lausham<\/td>\n<td style=\"text-align: center;\">0,5<\/td>\n<\/tr>\n<tr>\n<td style=\"text-align: right;\">23<\/td>\n<td style=\"text-align: center;\">22.06.2023<\/td>\n<td style=\"text-align: center;\">23:22<\/td>\n<td>Baum \u00fcber Strasse<br \/>B13 Richtung Salmading<\/td>\n<td style=\"text-align: center;\">0,5<\/td>\n<\/tr>\n<tr>\n<td style=\"text-align: right;\">22<\/td>\n<td style=\"text-align: center;\">11.06.2023<\/td>\n<td style=\"text-align: center;\">11:35<\/td>\n<td>Verkehrsunfall Motorrad<br \/>Reichertshausen im Wald N\u00e4he Waldfriedhof<\/td>\n<td style=\"text-align: center;\">1,25<\/td>\n<\/tr>\n<tr>\n<td style=\"text-align: right;\">21<\/td>\n<td style=\"text-align: center;\">08.06.2023<\/td>\n<td style=\"text-align: center;\">20:59<\/td>\n<td>Grafing<br \/>Brand Stall<\/td>\n<td style=\"text-align: center;\">1,5<\/td>\n<\/tr>\n<tr>\n<td style=\"text-align: right;\">20<\/td>\n<td style=\"text-align: center;\">08.06.2023<\/td>\n<td style=\"text-align: center;\">19:15<\/td>\n<td>Reichertshausen<br \/>Verkehrsabsicherung Fronleichnamsprozession<\/td>\n<td style=\"text-align: center;\">1,0<\/td>\n<\/tr>\n<tr>\n<td style=\"text-align: right;\">19<\/td>\n<td style=\"text-align: center;\">06.06.2023<\/td>\n<td style=\"text-align: center;\">17:44<\/td>\n<td>Reichertshausen<br \/>Tierrettung<\/td>\n<td style=\"text-align: center;\">0,25<\/td>\n<\/tr>\n<tr>\n<td style=\"text-align: right;\">18<\/td>\n<td style=\"text-align: center;\">21.05.2023<\/td>\n<td style=\"text-align: center;\">14:00<\/td>\n<td>Reichertshausen<br \/>Verkehrsabsicherung Volksfest<\/td>\n<td style=\"text-align: center;\">0,5<\/td>\n<\/tr>\n<tr>\n<td style=\"text-align: right;\">17<\/td>\n<td style=\"text-align: center;\">21.05.2023<\/td>\n<td style=\"text-align: center;\">1:08<\/td>\n<td>Reichertshausen<br \/>Pfaffenhofener Str.<br \/>Brand M\u00fclltonne<\/td>\n<td style=\"text-align: center;\">0,5<\/td>\n<\/tr>\n<tr>\n<td style=\"text-align: right;\">16<\/td>\n<td style=\"text-align: center;\">19.05.2023<\/td>\n<td style=\"text-align: center;\">12:06<\/td>\n<td>Grafing<br \/>Kleintierrettung<\/td>\n<td style=\"text-align: center;\">0,66<\/td>\n<\/tr>\n<tr>\n<td style=\"text-align: right;\">15<\/td>\n<td style=\"text-align: center;\">18.05.2023<\/td>\n<td style=\"text-align: center;\">14:30<\/td>\n<td>Reichertshausen<br \/>Verkehrsabsicherung Volksfestumzug<\/td>\n<td style=\"text-align: center;\">0,5<\/td>\n<\/tr>\n<tr>\n<td style=\"text-align: right;\">14<\/td>\n<td style=\"text-align: center;\">01.05.2023<\/td>\n<td style=\"text-align: center;\">11:00<\/td>\n<td>Reichertshausen<br \/>Absicherung Maibaum aufstellen<\/td>\n<td style=\"text-align: center;\">2,0<\/td>\n<\/tr>\n<tr>\n<td style=\"text-align: right;\">13<\/td>\n<td style=\"text-align: center;\">30.04.2023<\/td>\n<td style=\"text-align: center;\">16:00<\/td>\n<td>Reichertshausen<br \/>Absichern Maibaum-Transport<\/td>\n<td style=\"text-align: center;\">1,0<\/td>\n<\/tr>\n<tr>\n<td style=\"text-align: right;\">12<\/td>\n<td style=\"text-align: center;\">21.04.2023<\/td>\n<td style=\"text-align: center;\">17:45<\/td>\n<td>Reichertshausen<br \/>Absichern Maibaum-Transport<\/td>\n<td style=\"text-align: center;\">1,0<\/td>\n<\/tr>\n<tr>\n<td style=\"text-align: right;\">11<\/td>\n<td style=\"text-align: center;\">10.04.2023<\/td>\n<td style=\"text-align: center;\">16:10<\/td>\n<td>Ilmm\u00fcnster<br \/>Rosenstra\u00dfe<br \/>Brand Hecke am Geb\u00e4ude<\/td>\n<td style=\"text-align: center;\">0,33<\/td>\n<\/tr>\n<tr>\n<td style=\"text-align: right;\">10<\/td>\n<td style=\"text-align: center;\">08.04.2023<\/td>\n<td style=\"text-align: center;\">20:28<\/td>\n<td>Reichertshausen &#8211; Holzhof<br \/>Waldbrand klein<br \/>(angemeldetes Osterfeuer)<\/td>\n<td style=\"text-align: center;\">0,5<\/td>\n<\/tr>\n<tr>\n<td style=\"text-align: right;\">9<\/td>\n<td style=\"text-align: center;\">04.03.2023<\/td>\n<td style=\"text-align: center;\">8:43<\/td>\n<td>Reichertshausen<br \/>Unterst\u00fctzung Ramadama<\/td>\n<td style=\"text-align: center;\">2,0<\/td>\n<\/tr>\n<tr>\n<td style=\"text-align: right;\">8<\/td>\n<td style=\"text-align: center;\">27.02.2023<\/td>\n<td style=\"text-align: center;\">0:55<\/td>\n<td>Lausham<br \/>Reichertshausener Stra\u00dfe<br \/>Brand Schuppen<\/td>\n<td style=\"text-align: center;\">2,0<\/td>\n<\/tr>\n<tr>\n<td style=\"text-align: right;\">7<\/td>\n<td style=\"text-align: center;\">21.02.2023<\/td>\n<td style=\"text-align: center;\">12:25<\/td>\n<td>Reichertshausen<br \/>Ilmtal<br \/>T\u00fcr\u00f6ffnung<\/td>\n<td style=\"text-align: center;\">0,5<\/td>\n<\/tr>\n<tr>\n<td style=\"text-align: right;\">6<\/td>\n<td style=\"text-align: center;\">21.02.2023<\/td>\n<td style=\"text-align: center;\">11:56<\/td>\n<td>Kerum<br \/>Gro\u00dftierrettung<\/td>\n<td style=\"text-align: center;\">0,5<\/td>\n<\/tr>\n<tr>\n<td style=\"text-align: right;\">5<\/td>\n<td style=\"text-align: center;\">19.02.2023<\/td>\n<td style=\"text-align: center;\">13:00<\/td>\n<td>Reichertshausen &#8211; Steinkirchen<br \/>Zugbegleitung<br \/>Faschingszug<\/td>\n<td style=\"text-align: center;\">3,0<\/td>\n<\/tr>\n<tr>\n<td style=\"text-align: right;\">4<\/td>\n<td style=\"text-align: center;\">19.02.2023<\/td>\n<td style=\"text-align: center;\">13:00<\/td>\n<td>Reichertshausen<br \/>Verkehrsabsicherung<br \/>Faschingszug<\/td>\n<td style=\"text-align: center;\">0,75<\/td>\n<\/tr>\n<tr>\n<td style=\"text-align: right;\">3<\/td>\n<td style=\"text-align: center;\">29.01.2023<\/td>\n<td style=\"text-align: center;\">13:45<\/td>\n<td>Reichertshausen<br \/>Ilmtalhalle<br \/>Sanit\u00e4tsdienst<\/td>\n<td style=\"text-align: center;\">2,25<\/td>\n<\/tr>\n<tr>\n<td style=\"text-align: right;\">2<\/td>\n<td style=\"text-align: center;\">17.01.2023<\/td>\n<td style=\"text-align: center;\">9:50<\/td>\n<td>Reichertshausen<br \/>M\u00fcnchener Stra\u00dfe<br \/>\u00d6lspur<\/td>\n<td style=\"text-align: center;\">0,33<\/td>\n<\/tr>\n<tr>\n<td style=\"text-align: right;\">1<\/td>\n<td style=\"text-align: center;\">07.01.2023<\/td>\n<td style=\"text-align: center;\">8:49<\/td>\n<td>Herrnrast<br \/>Waldbrand klein<\/td>\n<td style=\"text-align: center;\">0,5<\/td>\n<\/tr>\n<\/tbody>\n<\/table>\n<p><a href=\"https:\/\/www.ff-reichertshausen.de\/cms\/einsaetz-2022\/\" data-wp-editing=\"1\"><img decoding=\"async\" src=\"https:\/\/www.ff-reichertshausen.de\/cms\/wp-content\/themes\/twentyten-ffrs\/images\/strahlrohr-l.gif\" alt=\"\" \/> Weiter zu Eins\u00e4tze 2022&#8230;<\/a><\/p>\n<p><a href=\"https:\/\/www.ff-reichertshausen.de\/cms\/?page_id=25\"><img decoding=\"async\" src=\"https:\/\/www.ff-reichertshausen.de\/cms\/wp-content\/themes\/twentyten-ffrs\/images\/strahlrohr-l.gif\" alt=\"\" \/> Unsere Eins\u00e4tze seit 2011<br \/>(Beginn unserer Einsatz-Ver\u00f6ffentlichungen im Internet &#8230;)<\/a><\/p>\n<table width=\"380\">\n<tbody>\n<tr>\n<th>\u00a0<\/th>\n<\/tr>\n<\/tbody>\n<\/table>\n<p><a href=\"https:\/\/www.ff-reichertshausen.de\/pdf-docs\/adac-blaulicht-martinshorn.pdf\" target=\"_blank\" rel=\"noopener noreferrer\"><img loading=\"lazy\" decoding=\"async\" class=\"size-full wp-image-147 alignright\" title=\"Wichtige Hinweise zu Blaulicht und Martinshorn ...\" src=\"https:\/\/www.ff-reichertshausen.de\/cms\/wp-content\/uploads\/2011\/01\/Blaulicht.gif\" alt=\"\" width=\"104\" height=\"120\" \/><\/a><\/p>\n\n\n<p><\/p>\n","protected":false},"excerpt":{"rendered":"<p>Unser Einsatz war zuletzt notwendig: Nr Datum Uhrzeit Ort und Einsatz Dauer(Std.) 69-71 10.12.2023 10:15 mehrere Kontrollfahrten wegen Hochwassergefahr 2,5 68 02.12.2023 15:00 Baum \u00fcber Strasse, Friedhof Reichertshausen 0,75 67 02.12.2023 14:45 Baum \u00fcber Stra\u00dfe, Reichertshausen Schlo\u00dfstra\u00dfe\/Hofberg 0,25 66 02.12.2023 14:15 mehrere B\u00e4ume \u00fcber Stra\u00dfe, zw. Reichertshausen u. Kreut 0,75 65 02.12.2023 09:29 Baum \u00fcber &hellip; <a href=\"https:\/\/www.ff-reichertshausen.de\/cms\/einsaetze-2023\/\" class=\"more-link\"><span class=\"screen-reader-text\">Eins\u00e4tze 2023<\/span> weiterlesen <span class=\"meta-nav\">&rarr;<\/span><\/a><\/p>\n","protected":false},"author":14,"featured_media":0,"parent":0,"menu_order":0,"comment_status":"closed","ping_status":"closed","template":"","meta":{"footnotes":""},"class_list":["post-4982","page","type-page","status-publish","hentry"],"_links":{"self":[{"href":"https:\/\/www.ff-reichertshausen.de\/cms\/wp-json\/wp\/v2\/pages\/4982","targetHints":{"allow":["GET"]}}],"collection":[{"href":"https:\/\/www.ff-reichertshausen.de\/cms\/wp-json\/wp\/v2\/pages"}],"about":[{"href":"https:\/\/www.ff-reichertshausen.de\/cms\/wp-json\/wp\/v2\/types\/page"}],"author":[{"embeddable":true,"href":"https:\/\/www.ff-reichertshausen.de\/cms\/wp-json\/wp\/v2\/users\/14"}],"replies":[{"embeddable":true,"href":"https:\/\/www.ff-reichertshausen.de\/cms\/wp-json\/wp\/v2\/comments?post=4982"}],"version-history":[{"count":1,"href":"https:\/\/www.ff-reichertshausen.de\/cms\/wp-json\/wp\/v2\/pages\/4982\/revisions"}],"predecessor-version":[{"id":4983,"href":"https:\/\/www.ff-reichertshausen.de\/cms\/wp-json\/wp\/v2\/pages\/4982\/revisions\/4983"}],"wp:attachment":[{"href":"https:\/\/www.ff-reichertshausen.de\/cms\/wp-json\/wp\/v2\/media?parent=4982"}],"curies":[{"name":"wp","href":"https:\/\/api.w.org\/{rel}","templated":true}]}}