{"id":4384,"date":"2023-01-07T11:29:02","date_gmt":"2023-01-07T10:29:02","guid":{"rendered":"https:\/\/www.ff-reichertshausen.de\/cms\/?page_id=4384"},"modified":"2023-01-07T11:35:56","modified_gmt":"2023-01-07T10:35:56","slug":"einsaetz-2022","status":"publish","type":"page","link":"https:\/\/www.ff-reichertshausen.de\/cms\/einsaetz-2022\/","title":{"rendered":"Eins\u00e4tze 2022"},"content":{"rendered":"<p><strong>Unser Einsatz <\/strong>war zuletzt notwendig:<\/p>\n<table width=\"380\">\n<tbody>\n<tr>\n<th style=\"text-align: center;\"><strong>Nr<\/strong><\/th>\n<th style=\"text-align: center;\"><strong>Datum<\/strong><\/th>\n<th style=\"text-align: center;\">Uhrzeit<\/th>\n<th>Ort und Einsatz<\/th>\n<th style=\"text-align: center;\">Dauer<br>(Std.)<\/th>\n<\/tr>\n<tr>\n<td style=\"text-align: right;\">32<\/td>\n<td style=\"text-align: center;\">20.12.2022<\/td>\n<td style=\"text-align: center;\">7:25<\/td>\n<td>Voglried<br>Brand Scheune<\/td>\n<td style=\"text-align: center;\">1,0<\/td>\n<\/tr>\n<tr>\n<td style=\"text-align: right;\">31<\/td>\n<td style=\"text-align: center;\">03.12.2022<\/td>\n<td style=\"text-align: center;\">5:09<\/td>\n<td>Scheyern<br>Pl\u00f6ckinger Stra\u00dfe<br>Brand landwirtschaftlches Anwesen<\/td>\n<td style=\"text-align: center;\">2,5<\/td>\n<\/tr>\n<tr>\n<td style=\"text-align: right;\">30<\/td>\n<td style=\"text-align: center;\">17.11.2022<\/td>\n<td style=\"text-align: center;\">22:50<\/td>\n<td>Paindorf<br>First Responder<\/td>\n<td style=\"text-align: center;\">1,0<\/td>\n<\/tr>\n<tr>\n<td style=\"text-align: right;\">29<\/td>\n<td style=\"text-align: center;\">13.11.2022<\/td>\n<td style=\"text-align: center;\">10:30<\/td>\n<td>Reichertshausen<br>Verkehrsabsicherung<br>Kriegerjahrtag<\/td>\n<td style=\"text-align: center;\">0,5<\/td>\n<\/tr>\n<tr>\n<td style=\"text-align: right;\">28<\/td>\n<td style=\"text-align: center;\">09.11.2022<\/td>\n<td style=\"text-align: center;\">7:33<\/td>\n<td>Langwaid<br>Talstra\u00dfe<br>Verkehrsunfall imit 3 PKW<\/td>\n<td style=\"text-align: center;\">1,0<\/td>\n<\/tr>\n<tr>\n<td style=\"text-align: right;\">27<\/td>\n<td style=\"text-align: center;\">20.10.2022<\/td>\n<td style=\"text-align: center;\">18:10<\/td>\n<td>Oberpaindorf<br>T\u00fcr\u00f6ffnung<\/td>\n<td style=\"text-align: center;\">0,5<\/td>\n<\/tr>\n<tr>\n<td style=\"text-align: right;\">26<\/td>\n<td style=\"text-align: center;\">18.10.2022<\/td>\n<td style=\"text-align: center;\">10:35<\/td>\n<td>Reichertshausen<br>Sonnenweg<br>Brand Absauganlage<\/td>\n<td style=\"text-align: center;\">0,75<\/td>\n<\/tr>\n<tr>\n<td style=\"text-align: right;\">25<\/td>\n<td style=\"text-align: center;\">12.10.2022<\/td>\n<td style=\"text-align: center;\">16:15<\/td>\n<td>llmm\u00fcnster<br>Freisinger Stra\u00dfe<br>Verkehrsunfall<\/td>\n<td style=\"text-align: center;\">0,5<\/td>\n<\/tr>\n<tr>\n<td style=\"text-align: right;\">24<\/td>\n<td style=\"text-align: center;\">11.10.2022<\/td>\n<td style=\"text-align: center;\">8:15<\/td>\n<td>llmm\u00fcnster &#8211; Paunzhausen<br>Verkehrsunfall<\/td>\n<td style=\"text-align: center;\">1,0<\/td>\n<\/tr>\n<tr>\n<td style=\"text-align: right;\">23<\/td>\n<td style=\"text-align: center;\">09.10.2022<\/td>\n<td style=\"text-align: center;\">8:30<\/td>\n<td>Reichertshausen<br>Erkundung Waldebrandeinsatzkarten<\/td>\n<td style=\"text-align: center;\">2,25<\/td>\n<\/tr>\n<tr>\n<td style=\"text-align: right;\">22<\/td>\n<td style=\"text-align: center;\">08.10.2022<\/td>\n<td style=\"text-align: center;\">12:00<\/td>\n<td>Reichertshausen<br>Erkundung Waldbrandeinsatzkarten<\/td>\n<td style=\"text-align: center;\">4,25<\/td>\n<\/tr>\n<tr>\n<td style=\"text-align: right;\">21<\/td>\n<td style=\"text-align: center;\">08.10.2022<\/td>\n<td style=\"text-align: center;\">8:45<\/td>\n<td>Reichertshausen<br>Unterst\u00fctzung Ramadama<\/td>\n<td style=\"text-align: center;\">2,25<\/td>\n<\/tr>\n<tr>\n<td style=\"text-align: right;\">20<\/td>\n<td style=\"text-align: center;\">04.10.2022<\/td>\n<td style=\"text-align: center;\">17:14<\/td>\n<td>Gurn\u00f6bach &#8211; Triefing<br><a href=\"https:\/\/feuerwehr-langwaid.de\/verkehrsunfall-mit-motorrad\">Verkehrsunfall mit Motorrad<\/a><\/td>\n<td style=\"text-align: center;\">1,0<\/td>\n<\/tr>\n<tr>\n<td style=\"text-align: right;\">19<\/td>\n<td style=\"text-align: center;\">25.08.2022<\/td>\n<td style=\"text-align: center;\">0:58<\/td>\n<td>Reichertshausen<br>Pfaffenhofener Stra\u00dfe<br>Brand M\u00fclleimer<\/td>\n<td style=\"text-align: center;\">0,5<\/td>\n<\/tr>\n<tr>\n<td style=\"text-align: right;\">18<\/td>\n<td style=\"text-align: center;\">21.08.2022<\/td>\n<td style=\"text-align: center;\">10:45<\/td>\n<td>Reichertshausen<br>Salmadinger Stra\u00dfe<br>Baum auf Fahrbahn<\/td>\n<td style=\"text-align: center;\">1,0<\/td>\n<\/tr>\n<tr>\n<td style=\"text-align: right;\">17<\/td>\n<td style=\"text-align: center;\">26.07.2022<\/td>\n<td style=\"text-align: center;\">6:26<\/td>\n<td>Reichertshausen<br>M\u00fcnchner Stra\u00dfe<br>Ast auf Stromleitung<\/td>\n<td style=\"text-align: center;\">&nbsp;<\/td>\n<\/tr>\n<tr>\n<td style=\"text-align: right;\">16<\/td>\n<td style=\"text-align: center;\">25.07.2022<\/td>\n<td style=\"text-align: center;\">23:30<\/td>\n<td>Reichertshausen<br>Schlo\u00dfstra\u00dfe<br>Baum auf Fahrbahn<\/td>\n<td style=\"text-align: center;\">0,33<\/td>\n<\/tr>\n<tr>\n<td style=\"text-align: right;\">15<\/td>\n<td style=\"text-align: center;\">25.07.2022<\/td>\n<td style=\"text-align: center;\">23:18<\/td>\n<td>Reichertshausen<br>Pfaffenhofener Stra\u00dfe<br>Baum auf Fahrbahn<\/td>\n<td style=\"text-align: center;\">0,5<\/td>\n<\/tr>\n<tr>\n<td style=\"text-align: right;\">14<\/td>\n<td style=\"text-align: center;\">08.07.2022<\/td>\n<td style=\"text-align: center;\">17:21<\/td>\n<td>Reichertshausen<br>Unterst\u00fctzung Notarzt<\/td>\n<td style=\"text-align: center;\">0,66<\/td>\n<\/tr>\n<tr>\n<td style=\"text-align: right;\">13<\/td>\n<td style=\"text-align: center;\">23.06.2022<\/td>\n<td style=\"text-align: center;\">14:50<\/td>\n<td>Brand Freifl\u00e4che zwischen Paindorf und Oberpaindorf<\/td>\n<td style=\"text-align: center;\">1,0<\/td>\n<\/tr>\n<tr>\n<td style=\"text-align: right;\">12<\/td>\n<td style=\"text-align: center;\">16.06.2022<\/td>\n<td style=\"text-align: center;\">19:15<\/td>\n<td>Reichertshausen<br>Verkehrsabsicherung<br>Fronleichnamsprozession<\/td>\n<td style=\"text-align: center;\">1,0<\/td>\n<\/tr>\n<tr>\n<td style=\"text-align: right;\">11<\/td>\n<td style=\"text-align: center;\">29.05.2022<\/td>\n<td style=\"text-align: center;\">14:30<\/td>\n<td>Reichertshausen<br>Verkehrsabsicherung<br>Sch\u00fctzenumzug<\/td>\n<td style=\"text-align: center;\">0,75<\/td>\n<\/tr>\n<tr>\n<td style=\"text-align: right;\">10<\/td>\n<td style=\"text-align: center;\">26.05.2022<\/td>\n<td style=\"text-align: center;\">14:30<\/td>\n<td>Reichertshausen<br>Verkehrsabsicherung<br>Volksfestauszug<\/td>\n<td style=\"text-align: center;\">0,33<\/td>\n<\/tr>\n<tr>\n<td style=\"text-align: right;\">9<\/td>\n<td style=\"text-align: center;\">20.05.2022<\/td>\n<td style=\"text-align: center;\">18:12<\/td>\n<td>Ilmried<br>Angerstra\u00dfe<br>Rauchentwicklung im Geb\u00e4ude<\/td>\n<td style=\"text-align: center;\">1,0<\/td>\n<\/tr>\n<tr>\n<td style=\"text-align: right;\">8<\/td>\n<td style=\"text-align: center;\">23.04.2022<\/td>\n<td style=\"text-align: center;\">15:46<\/td>\n<td>Reichertshausen <br>First-Responder-Einsatz<\/td>\n<td style=\"text-align: center;\">0,5<\/td>\n<\/tr>\n<tr>\n<td style=\"text-align: right;\">7<\/td>\n<td style=\"text-align: center;\">22.04.2022<\/td>\n<td style=\"text-align: center;\">15:51<\/td>\n<td>Reichertshausen <br>B13 H\u00f6he Bahnhof<br>Verkehrsunfall<\/td>\n<td style=\"text-align: center;\">0,75<\/td>\n<\/tr>\n<tr>\n<td style=\"text-align: right;\">6<\/td>\n<td style=\"text-align: center;\">09.04.2022<\/td>\n<td style=\"text-align: center;\">19:00<\/td>\n<td>Reichertshausen <br>verkehrsleitende Ma\u00dfnahmen Veranstaltung Ilmtalhalle<\/td>\n<td style=\"text-align: center;\">2,5<\/td>\n<\/tr>\n<tr>\n<td style=\"text-align: right;\">5<\/td>\n<td style=\"text-align: center;\">09.04.2022<\/td>\n<td style=\"text-align: center;\">16:00<\/td>\n<td>Reichertshausen <br>verkehrsleitende Ma\u00dfnahmen Veranstaltung Ilmtalhalle<\/td>\n<td style=\"text-align: center;\">2,25<\/td>\n<\/tr>\n<tr>\n<td style=\"text-align: right;\">4<\/td>\n<td style=\"text-align: center;\">24.03.2022<\/td>\n<td style=\"text-align: center;\">19:57<\/td>\n<td>Reichertshausen <br>Paindorfer Stra\u00dfe<br>Kaminbrand<\/td>\n<td style=\"text-align: center;\">1,25<\/td>\n<\/tr>\n<tr>\n<td style=\"text-align: right;\">3<\/td>\n<td style=\"text-align: center;\">11.03.2022<\/td>\n<td style=\"text-align: center;\">5:19<\/td>\n<td>B13 H\u00f6he Salmading<br>Verkehrsunfall<\/td>\n<td style=\"text-align: center;\">1,25<\/td>\n<\/tr>\n<tr>\n<td style=\"text-align: right;\">2<\/td>\n<td style=\"text-align: center;\">18.02.2022<\/td>\n<td style=\"text-align: center;\">18:30<\/td>\n<td>Reichertshausen<br>verkehrsleitende Ma\u00dfnahmen Veranstaltung Ilmtalhalle<\/td>\n<td style=\"text-align: center;\">2,0<\/td>\n<\/tr>\n<tr>\n<td style=\"text-align: right;\">1<\/td>\n<td style=\"text-align: center;\">02.01.2022<\/td>\n<td style=\"text-align: center;\">13:08<\/td>\n<td>Steinkirchen<br>Schyrenstra\u00dfe<br>Verkehrsunfall<\/td>\n<td style=\"text-align: center;\">1,0<\/td>\n<\/tr>\n<\/tbody>\n<\/table>\n<p><a href=\"https:\/\/www.ff-reichertshausen.de\/cms\/einsaetze\/einsaetze-2021\/\"><img decoding=\"async\" src=\"https:\/\/www.ff-reichertshausen.de\/cms\/wp-content\/themes\/twentyten-ffrs\/images\/strahlrohr-l.gif\" alt=\"\"> Weiter zu Eins\u00e4tze 2021&#8230;<\/a><\/p>\n<p><a href=\"https:\/\/www.ff-reichertshausen.de\/cms\/?page_id=25\"><img decoding=\"async\" src=\"https:\/\/www.ff-reichertshausen.de\/cms\/wp-content\/themes\/twentyten-ffrs\/images\/strahlrohr-l.gif\" alt=\"\"> Unsere Eins\u00e4tze seit 2011<br>(Beginn unserer Einsatz-Ver\u00f6ffentlichungen im Internet &#8230;)<\/a><\/p>\n<table width=\"380\">\n<tbody>\n<tr>\n<th>&nbsp;<\/th>\n<\/tr>\n<\/tbody>\n<\/table>\n<p><a href=\"https:\/\/www.ff-reichertshausen.de\/pdf-docs\/adac-blaulicht-martinshorn.pdf\" target=\"_blank\" rel=\"noopener noreferrer\"><img loading=\"lazy\" decoding=\"async\" class=\"size-full wp-image-147 alignright\" title=\"Wichtige Hinweise zu Blaulicht und Martinshorn ...\" src=\"https:\/\/www.ff-reichertshausen.de\/cms\/wp-content\/uploads\/2011\/01\/Blaulicht.gif\" alt=\"\" width=\"104\" height=\"120\"><\/a><\/p>\n\n\n<p><\/p>\n","protected":false},"excerpt":{"rendered":"<p>Unser Einsatz war zuletzt notwendig: Nr Datum Uhrzeit Ort und Einsatz Dauer(Std.) 32 20.12.2022 7:25 VoglriedBrand Scheune 1,0 31 03.12.2022 5:09 ScheyernPl\u00f6ckinger Stra\u00dfeBrand landwirtschaftlches Anwesen 2,5 30 17.11.2022 22:50 PaindorfFirst Responder 1,0 29 13.11.2022 10:30 ReichertshausenVerkehrsabsicherungKriegerjahrtag 0,5 28 09.11.2022 7:33 LangwaidTalstra\u00dfeVerkehrsunfall imit 3 PKW 1,0 27 20.10.2022 18:10 OberpaindorfT\u00fcr\u00f6ffnung 0,5 26 18.10.2022 10:35 ReichertshausenSonnenwegBrand Absauganlage &hellip; <a href=\"https:\/\/www.ff-reichertshausen.de\/cms\/einsaetz-2022\/\" class=\"more-link\"><span class=\"screen-reader-text\">Eins\u00e4tze 2022<\/span> weiterlesen <span class=\"meta-nav\">&rarr;<\/span><\/a><\/p>\n","protected":false},"author":39,"featured_media":0,"parent":0,"menu_order":0,"comment_status":"closed","ping_status":"closed","template":"","meta":{"footnotes":""},"class_list":["post-4384","page","type-page","status-publish","hentry"],"_links":{"self":[{"href":"https:\/\/www.ff-reichertshausen.de\/cms\/wp-json\/wp\/v2\/pages\/4384","targetHints":{"allow":["GET"]}}],"collection":[{"href":"https:\/\/www.ff-reichertshausen.de\/cms\/wp-json\/wp\/v2\/pages"}],"about":[{"href":"https:\/\/www.ff-reichertshausen.de\/cms\/wp-json\/wp\/v2\/types\/page"}],"author":[{"embeddable":true,"href":"https:\/\/www.ff-reichertshausen.de\/cms\/wp-json\/wp\/v2\/users\/39"}],"replies":[{"embeddable":true,"href":"https:\/\/www.ff-reichertshausen.de\/cms\/wp-json\/wp\/v2\/comments?post=4384"}],"version-history":[{"count":0,"href":"https:\/\/www.ff-reichertshausen.de\/cms\/wp-json\/wp\/v2\/pages\/4384\/revisions"}],"wp:attachment":[{"href":"https:\/\/www.ff-reichertshausen.de\/cms\/wp-json\/wp\/v2\/media?parent=4384"}],"curies":[{"name":"wp","href":"https:\/\/api.w.org\/{rel}","templated":true}]}}