{"id":4059,"date":"2022-05-23T15:00:54","date_gmt":"2022-05-23T13:00:54","guid":{"rendered":"https:\/\/www.ff-reichertshausen.de\/cms\/?page_id=4059"},"modified":"2022-05-23T15:02:11","modified_gmt":"2022-05-23T13:02:11","slug":"jahreshauptversammlung","status":"publish","type":"page","link":"https:\/\/www.ff-reichertshausen.de\/cms\/jahreshauptversammlung\/","title":{"rendered":"Jahreshauptversammlung"},"content":{"rendered":"\n<p>Traditionell findet in unsere Jahreshauptversammlung jedem Jahr am Dreik\u00f6nigstag, dem 6. Januar statt. 2021 sagten wir diese coronabedingt g\u00e4nzlich ab und berichteten f\u00fcr unsere Mitglieder in einem schriftlichen Jahresbericht, 2022 verschoben wir sie in das Fr\u00fchjahr.<\/p>\n\n\n\n<p>Am 15. Mai konnten wir unsere Jahreshauptversammlung 2022, um gen\u00fcgend Abstand zu halten in unserer Fahrzeughalle, durchf\u00fchren und R\u00fcckschau \u00fcber die Jahre 2020 und 2021 halten.<\/p>\n\n\n\n<figure class=\"wp-block-image size-large\"><img loading=\"lazy\" decoding=\"async\" width=\"850\" height=\"567\" src=\"https:\/\/www.ff-reichertshausen.de\/cms\/wp-content\/uploads\/2022\/05\/Bild_01-1.jpg\" alt=\"\" class=\"wp-image-4063\" srcset=\"https:\/\/www.ff-reichertshausen.de\/cms\/wp-content\/uploads\/2022\/05\/Bild_01-1.jpg 850w, https:\/\/www.ff-reichertshausen.de\/cms\/wp-content\/uploads\/2022\/05\/Bild_01-1-768x512.jpg 768w\" sizes=\"auto, (max-width: 850px) 100vw, 850px\" \/><figcaption>Erster Vorsitzender Hans-J\u00fcrgen Wei\u00df berichtet \u00fcber das Vereinsgeschehen.<\/figcaption><\/figure>\n\n\n\n<!--more-->\n\n\n\n<p>Der erste Vorsitzende des Feuerwehrvereins Hans-J\u00fcrgen Wei\u00df berichtete nach der Er\u00f6ffnung der Versammlung \u00fcber das Vereinsleben. In den vergangenen beiden Jahren hielten wir die gemeinsamen Veranstaltungen so gering wie m\u00f6glich, um nicht durch Quarant\u00e4nema\u00dfnahmen die Einsatzbereitschaft der Feuerwehr zu gef\u00e4hrden. Vor diesem Hintergrund mussten beispielsweise unsere Familienfeste, die Weihnachtfeiern und die gemeinsamen Ausfl\u00fcge entfallen. Um den f\u00fcr die Kameradschaft n\u00f6tigen Zusammenhalt und die Identifikation mit der Feuerwehr soweit m\u00f6glich aufrecht zu erhalten, informierten wir unsere Kameradinnen und Kameraden mit regelm\u00e4\u00dfigen Rundschreiben \u00fcber die aktuelle Lage und das beabsichtigte weitere Vorgehen. F\u00fcr dieses Jahr planen wir sowohl unser Familienfest, die Weihnachtsfeier, eine gemeinsame Kanufahrt auf dem Regen, eine Bergwanderung und nat\u00fcrlich wieder den Nikolausdienst, dessen Durchf\u00fchrung wir auch in den beiden vergangenen Jahren aufrechterhalten haben.<\/p>\n\n\n\n<figure class=\"wp-block-image size-large\"><img loading=\"lazy\" decoding=\"async\" width=\"850\" height=\"567\" src=\"https:\/\/www.ff-reichertshausen.de\/cms\/wp-content\/uploads\/2022\/05\/Bild_02.jpg\" alt=\"\" class=\"wp-image-4064\" srcset=\"https:\/\/www.ff-reichertshausen.de\/cms\/wp-content\/uploads\/2022\/05\/Bild_02.jpg 850w, https:\/\/www.ff-reichertshausen.de\/cms\/wp-content\/uploads\/2022\/05\/Bild_02-768x512.jpg 768w\" sizes=\"auto, (max-width: 850px) 100vw, 850px\" \/><figcaption>Kassenbericht von unserem Kassier Jens Maa\u00df<\/figcaption><\/figure>\n\n\n\n<p>Unser Kassier Jens Maa\u00df konnte unter anderem Berichten, wie durch die Vereinskasse die aktive Feuerwehr unterst\u00fctzt wurde. Beispielhaft nannte er umfangreiche Beschaffungen f\u00fcr den Bereich Atemschutz, die auch durch gro\u00dfzugige Betr\u00e4ge unserer F\u00f6rdermitglieder m\u00f6glich waren. Zusammengefasst steht unser Verein finanziell auf einer soliden Basis.<\/p>\n\n\n\n<figure class=\"wp-block-image size-large\"><img loading=\"lazy\" decoding=\"async\" width=\"850\" height=\"567\" src=\"https:\/\/www.ff-reichertshausen.de\/cms\/wp-content\/uploads\/2022\/05\/Bild_03.jpg\" alt=\"\" class=\"wp-image-4065\" srcset=\"https:\/\/www.ff-reichertshausen.de\/cms\/wp-content\/uploads\/2022\/05\/Bild_03.jpg 850w, https:\/\/www.ff-reichertshausen.de\/cms\/wp-content\/uploads\/2022\/05\/Bild_03-768x512.jpg 768w\" sizes=\"auto, (max-width: 850px) 100vw, 850px\" \/><figcaption>Erster Kommandant Josef Haun beim Bericht zur aktiven Wehr.<\/figcaption><\/figure>\n\n\n\n<p>Josef Haun, unser erster Kommandant, ging zu Beginn seines Berichtes \u00fcber die aktive Feuerwehr auf den Personalstand ein. Mit 44 Aktiven Feuerwehrfrauen und M\u00e4nnern, davon 23 Atemschutzger\u00e4tetr\u00e4gerinnen und Atemschutzger\u00e4tetr\u00e4ger steht die Feuerwehr Reichertshausen sehr gut da. So sind wir zu allen Wochen- und Tageszeiten, speziell auch Wochentags in der Lage, mit immer ausreichend Personal auszur\u00fccken.<\/p>\n\n\n\n<figure class=\"wp-block-image size-large\"><img loading=\"lazy\" decoding=\"async\" width=\"850\" height=\"567\" src=\"https:\/\/www.ff-reichertshausen.de\/cms\/wp-content\/uploads\/2022\/05\/Bild_04.jpg\" alt=\"\" class=\"wp-image-4066\" srcset=\"https:\/\/www.ff-reichertshausen.de\/cms\/wp-content\/uploads\/2022\/05\/Bild_04.jpg 850w, https:\/\/www.ff-reichertshausen.de\/cms\/wp-content\/uploads\/2022\/05\/Bild_04-768x512.jpg 768w\" sizes=\"auto, (max-width: 850px) 100vw, 850px\" \/><\/figure>\n\n\n\n<p>Um unsere Einsatzbereitschaft aufrecht zu erhalten, wurde der \u00dcbungsplan f\u00fcr die Jahre 2020 und 2021 dahingehend angepasst, dass in festen Gruppen ge\u00fcbt wurde, damit eine eventuell n\u00f6tige Quarant\u00e4nema\u00dfnahme nie die gesamte Feuerwehr betroffen h\u00e4tte. 2021 wurden 15 \u00dcbungen zum allgemeinen Feuerwehrdienst und 15 weitere \u00dcbungen und Ausbildungen f\u00fcr Kameradinnen und Kameraden mit erweiterten Bef\u00e4higungen, wie z.B. die Maschinisten, F\u00fchrungsassistenten, Atemschutzger\u00e4tetr\u00e4ger, Kettens\u00e4genf\u00fchrer oder First Responder durchgef\u00fchrt. Weiterhin wurden die vorgeschrieben Belastungs\u00fcbungen der Atemschutzger\u00e4tetr\u00e4ger, die sonst durch die Kreisausbildungsstelle durchgef\u00fchrt werden, am Standort abgehalten.<\/p>\n\n\n\n<figure class=\"wp-block-image size-large\"><img loading=\"lazy\" decoding=\"async\" width=\"850\" height=\"567\" src=\"https:\/\/www.ff-reichertshausen.de\/cms\/wp-content\/uploads\/2022\/05\/Bild_05.jpg\" alt=\"\" class=\"wp-image-4067\" srcset=\"https:\/\/www.ff-reichertshausen.de\/cms\/wp-content\/uploads\/2022\/05\/Bild_05.jpg 850w, https:\/\/www.ff-reichertshausen.de\/cms\/wp-content\/uploads\/2022\/05\/Bild_05-768x512.jpg 768w\" sizes=\"auto, (max-width: 850px) 100vw, 850px\" \/><\/figure>\n\n\n\n<p>An der Kreisausbildungsstelle des Landkreises Pfaffenhofen und an einer Feuerwehrschule des Landes Bayern wurden vier Atemschutzger\u00e4tetr\u00e4ger und ein Gruppenf\u00fchrer neu ausgebildet. Bei 17 Eins\u00e4tzen leisteten wir 234 Stunden Hilfe.<\/p>\n\n\n\n<figure class=\"wp-block-image size-large\"><img loading=\"lazy\" decoding=\"async\" width=\"850\" height=\"567\" src=\"https:\/\/www.ff-reichertshausen.de\/cms\/wp-content\/uploads\/2022\/05\/Bild_06.jpg\" alt=\"\" class=\"wp-image-4069\" srcset=\"https:\/\/www.ff-reichertshausen.de\/cms\/wp-content\/uploads\/2022\/05\/Bild_06.jpg 850w, https:\/\/www.ff-reichertshausen.de\/cms\/wp-content\/uploads\/2022\/05\/Bild_06-768x512.jpg 768w\" sizes=\"auto, (max-width: 850px) 100vw, 850px\" \/><\/figure>\n\n\n\n<p>Auf Basis der durchf\u00fchrten Ausbildungen wurden 5 Aktive zum Feuerwehrmann, 11 zum Oberfeuermann, 2 zum Hauptfeuerwehrmann und 3 zum L\u00f6schmeister bef\u00f6rdert.<\/p>\n\n\n\n<figure class=\"wp-block-image size-large\"><img loading=\"lazy\" decoding=\"async\" width=\"850\" height=\"567\" src=\"https:\/\/www.ff-reichertshausen.de\/cms\/wp-content\/uploads\/2022\/05\/Bild_07-1.jpg\" alt=\"\" class=\"wp-image-4070\" srcset=\"https:\/\/www.ff-reichertshausen.de\/cms\/wp-content\/uploads\/2022\/05\/Bild_07-1.jpg 850w, https:\/\/www.ff-reichertshausen.de\/cms\/wp-content\/uploads\/2022\/05\/Bild_07-1-768x512.jpg 768w\" sizes=\"auto, (max-width: 850px) 100vw, 850px\" \/><figcaption>Bef\u00f6rderung von Fabian Dirschl zum L\u00f6schmeister<\/figcaption><\/figure>\n\n\n\n<p>Vinzent Ernstberger berichtete von einem Aufwuchs der Jugendfeuerwehr von 6 Jugendfeuerwehrlern am Jahresbeginn 2020 zu 16 zum Jahresende 2021. In den vergangenen beiden Jahren wurden 4 Jugendliche mit abgeschlossener Grundausbildung an die aktive Feuerwehr \u00fcbergeben. <\/p>\n\n\n\n<figure class=\"wp-block-image size-large\"><img loading=\"lazy\" decoding=\"async\" width=\"850\" height=\"567\" src=\"https:\/\/www.ff-reichertshausen.de\/cms\/wp-content\/uploads\/2022\/05\/Bild_08.jpg\" alt=\"\" class=\"wp-image-4071\" srcset=\"https:\/\/www.ff-reichertshausen.de\/cms\/wp-content\/uploads\/2022\/05\/Bild_08.jpg 850w, https:\/\/www.ff-reichertshausen.de\/cms\/wp-content\/uploads\/2022\/05\/Bild_08-768x512.jpg 768w\" sizes=\"auto, (max-width: 850px) 100vw, 850px\" \/><figcaption>Jugendwart Vinzent Ernstberger berichtet aus der Jugendfeuerwehr<\/figcaption><\/figure>\n\n\n\n<p>Damit ist eine solide Basis f\u00fcr die Personalentwicklung auch hinsichtlich der Altersstruktur der Aktiven Feuerwehr gelegt. <\/p>\n\n\n\n<figure class=\"wp-block-image size-large\"><img loading=\"lazy\" decoding=\"async\" width=\"850\" height=\"567\" src=\"https:\/\/www.ff-reichertshausen.de\/cms\/wp-content\/uploads\/2022\/05\/Bild_09.jpg\" alt=\"\" class=\"wp-image-4072\" srcset=\"https:\/\/www.ff-reichertshausen.de\/cms\/wp-content\/uploads\/2022\/05\/Bild_09.jpg 850w, https:\/\/www.ff-reichertshausen.de\/cms\/wp-content\/uploads\/2022\/05\/Bild_09-768x512.jpg 768w\" sizes=\"auto, (max-width: 850px) 100vw, 850px\" \/><figcaption>Der zweite B\u00fcrgermeister \u00fcbermittelt den Dank der Gemeinde.<\/figcaption><\/figure>\n\n\n\n<p>Als Vertreter der Gemeinde bedankte sich der zweite B\u00fcrgermeisten Albert Schnell bei allen Mitgliedern f\u00fcr ihr hohes Engagement bei allen \u00dcbungen und Ausbildungen, die st\u00e4ndige Einsatzbereitschaft und nicht zuletzt f\u00fcr die geleistete Hilfe bei den Eins\u00e4tzen. Weiterhin stellte er die Vielzahl an Einsatzoptionen, die \u00fcber die bekannten Umf\u00e4nge der Brandbek\u00e4mpfung und technischen Hilfeleistung z.B. im Bereich Sanit\u00e4tsdienst vorgehalten werden, als gro\u00dfe St\u00e4rke der freiwilligen Feuerwehr dar.<\/p>\n\n\n\n<figure class=\"wp-block-image size-large\"><img loading=\"lazy\" decoding=\"async\" width=\"850\" height=\"567\" src=\"https:\/\/www.ff-reichertshausen.de\/cms\/wp-content\/uploads\/2022\/05\/Bild_10.jpg\" alt=\"\" class=\"wp-image-4073\" srcset=\"https:\/\/www.ff-reichertshausen.de\/cms\/wp-content\/uploads\/2022\/05\/Bild_10.jpg 850w, https:\/\/www.ff-reichertshausen.de\/cms\/wp-content\/uploads\/2022\/05\/Bild_10-768x512.jpg 768w\" sizes=\"auto, (max-width: 850px) 100vw, 850px\" \/><figcaption>Ein Teil der bef\u00f6rderten Aktiven mit den beiden Kommandanten Josel Haun und Martin Profendiner<br>\u00a0\u00a0\u00a0\u00a0\u00a0\u00a0\u00a0\u00a0\u00a0\u00a0\u00a0\u00a0<br>Bef\u00f6rdert wurden:<br>zum Feuerwehrann: Stefan Fetzer, Sara Liliental, Anna-Lisa Wei\u00df, Kay Fischer, Manuel Geisenhofer<br><br>zum Oberfeuerwehrmann: Gerhard Denk, Benjamin R\u00f6ssle, Dennis Denk, Jens Maa\u00df, Herbert Prussas, Josef Haun jun., Andre Fassbender, Jonas Winter, Paul Neumeier, Dominik Neumeier, Veronika Ernstberger<br><br>zum Hauptfeuerwehrmann: Johannes Stocker, Phillip R\u00f6ssle<br><br>zum L\u00f6schmeister: Vinzent Ernstberger, Michael K\u00f6rner, Fabian Dirschl<\/figcaption><\/figure>\n\n\n\n<p><\/p>\n","protected":false},"excerpt":{"rendered":"<p>Traditionell findet in unsere Jahreshauptversammlung jedem Jahr am Dreik\u00f6nigstag, dem 6. Januar statt. 2021 sagten wir diese coronabedingt g\u00e4nzlich ab und berichteten f\u00fcr unsere Mitglieder in einem schriftlichen Jahresbericht, 2022 verschoben wir sie in das Fr\u00fchjahr. Am 15. Mai konnten wir unsere Jahreshauptversammlung 2022, um gen\u00fcgend Abstand zu halten in unserer Fahrzeughalle, durchf\u00fchren und R\u00fcckschau &hellip; <a href=\"https:\/\/www.ff-reichertshausen.de\/cms\/jahreshauptversammlung\/\" class=\"more-link\"><span class=\"screen-reader-text\">Jahreshauptversammlung<\/span> weiterlesen <span class=\"meta-nav\">&rarr;<\/span><\/a><\/p>\n","protected":false},"author":39,"featured_media":0,"parent":0,"menu_order":0,"comment_status":"closed","ping_status":"closed","template":"","meta":{"footnotes":""},"class_list":["post-4059","page","type-page","status-publish","hentry"],"_links":{"self":[{"href":"https:\/\/www.ff-reichertshausen.de\/cms\/wp-json\/wp\/v2\/pages\/4059","targetHints":{"allow":["GET"]}}],"collection":[{"href":"https:\/\/www.ff-reichertshausen.de\/cms\/wp-json\/wp\/v2\/pages"}],"about":[{"href":"https:\/\/www.ff-reichertshausen.de\/cms\/wp-json\/wp\/v2\/types\/page"}],"author":[{"embeddable":true,"href":"https:\/\/www.ff-reichertshausen.de\/cms\/wp-json\/wp\/v2\/users\/39"}],"replies":[{"embeddable":true,"href":"https:\/\/www.ff-reichertshausen.de\/cms\/wp-json\/wp\/v2\/comments?post=4059"}],"version-history":[{"count":0,"href":"https:\/\/www.ff-reichertshausen.de\/cms\/wp-json\/wp\/v2\/pages\/4059\/revisions"}],"wp:attachment":[{"href":"https:\/\/www.ff-reichertshausen.de\/cms\/wp-json\/wp\/v2\/media?parent=4059"}],"curies":[{"name":"wp","href":"https:\/\/api.w.org\/{rel}","templated":true}]}}