{"id":3806,"date":"2021-08-11T10:35:26","date_gmt":"2021-08-11T08:35:26","guid":{"rendered":"https:\/\/www.ff-reichertshausen.de\/cms\/?page_id=3806"},"modified":"2021-08-11T11:22:17","modified_gmt":"2021-08-11T09:22:17","slug":"danke","status":"publish","type":"page","link":"https:\/\/www.ff-reichertshausen.de\/cms\/danke\/","title":{"rendered":"Danke!"},"content":{"rendered":"\n<p>Unser Dank gilt zuvorderst unseren <strong>Einsatzkr\u00e4ften<\/strong>, die t\u00e4glich und unentgeltlich im Dienste der Allgemeinheit stehen.<\/p>\n\n\n\n<p>Dar\u00fcber hinaus gilt unser besonderer Dank unseren <strong>F\u00f6rdermitgliedern<\/strong>, deren Unterst\u00fctzung uns eine Verbesserung unserer Ausr\u00fcstung und so eine noch schnellere und effizientere Hilfe erm\u00f6glichen:<\/p>\n\n\n\n<p class=\"has-text-align-center\"><strong>Gasthaus Fuchs<\/strong> &#8211; Hr. Michael K\u00f6nig<\/p>\n\n\n\n<p class=\"has-text-align-center\"><strong>Landmetzgerei Fuchs <\/strong>&#8211; Hr. Josef Fuchs<\/p>\n\n\n\n<p class=\"has-text-align-center\"><strong>Metzgerei Lindermeir<\/strong> &#8211; Hr. Ludwig Tant<\/p>\n\n\n\n<p class=\"has-text-align-center\"><strong>Edeka Knoll<\/strong> &#8211; Hr. Maximilian Knoll<\/p>\n\n\n\n<p class=\"has-text-align-center\"><strong>Steuerkanzlei<\/strong> <strong>Faltenbacher <\/strong>&#8211; Fr. Monika Faltenbacher<\/p>\n\n\n\n<p class=\"has-text-align-center\"><strong>IUF-PAF Strategieberatung f\u00fcr Finanzen<\/strong> &#8211; Hr. Hans-J\u00fcrgen Wei\u00df<\/p>\n\n\n\n<p class=\"has-text-align-center\"><strong>Allgemeinarztpraxis Wolfgang Moll<\/strong> &#8211; Hr. Wolfgang Moll<\/p>\n\n\n\n<p><\/p>\n","protected":false},"excerpt":{"rendered":"<p>Unser Dank gilt zuvorderst unseren Einsatzkr\u00e4ften, die t\u00e4glich und unentgeltlich im Dienste der Allgemeinheit stehen. Dar\u00fcber hinaus gilt unser besonderer Dank unseren F\u00f6rdermitgliedern, deren Unterst\u00fctzung uns eine Verbesserung unserer Ausr\u00fcstung und so eine noch schnellere und effizientere Hilfe erm\u00f6glichen: Gasthaus Fuchs &#8211; Hr. Michael K\u00f6nig Landmetzgerei Fuchs &#8211; Hr. Josef Fuchs Metzgerei Lindermeir &#8211; Hr. &hellip; <a href=\"https:\/\/www.ff-reichertshausen.de\/cms\/danke\/\" class=\"more-link\"><span class=\"screen-reader-text\">Danke!<\/span> weiterlesen <span class=\"meta-nav\">&rarr;<\/span><\/a><\/p>\n","protected":false},"author":39,"featured_media":0,"parent":0,"menu_order":0,"comment_status":"closed","ping_status":"closed","template":"","meta":{"footnotes":""},"class_list":["post-3806","page","type-page","status-publish","hentry"],"_links":{"self":[{"href":"https:\/\/www.ff-reichertshausen.de\/cms\/wp-json\/wp\/v2\/pages\/3806","targetHints":{"allow":["GET"]}}],"collection":[{"href":"https:\/\/www.ff-reichertshausen.de\/cms\/wp-json\/wp\/v2\/pages"}],"about":[{"href":"https:\/\/www.ff-reichertshausen.de\/cms\/wp-json\/wp\/v2\/types\/page"}],"author":[{"embeddable":true,"href":"https:\/\/www.ff-reichertshausen.de\/cms\/wp-json\/wp\/v2\/users\/39"}],"replies":[{"embeddable":true,"href":"https:\/\/www.ff-reichertshausen.de\/cms\/wp-json\/wp\/v2\/comments?post=3806"}],"version-history":[{"count":0,"href":"https:\/\/www.ff-reichertshausen.de\/cms\/wp-json\/wp\/v2\/pages\/3806\/revisions"}],"wp:attachment":[{"href":"https:\/\/www.ff-reichertshausen.de\/cms\/wp-json\/wp\/v2\/media?parent=3806"}],"curies":[{"name":"wp","href":"https:\/\/api.w.org\/{rel}","templated":true}]}}