{"id":3644,"date":"2021-02-21T21:47:39","date_gmt":"2021-02-21T20:47:39","guid":{"rendered":"https:\/\/www.ff-reichertshausen.de\/cms\/?page_id=3644"},"modified":"2022-01-02T21:40:30","modified_gmt":"2022-01-02T20:40:30","slug":"einsaetze-2021","status":"publish","type":"page","link":"https:\/\/www.ff-reichertshausen.de\/cms\/einsaetze\/einsaetze-2021\/","title":{"rendered":"Eins\u00e4tze 2021"},"content":{"rendered":"<p><strong>Unser Einsatz <\/strong>war zuletzt notwendig:<\/p>\n<table width=\"380\">\n<tbody>\n<tr>\n<th style=\"text-align: center;\"><strong>Nr<\/strong><\/th>\n<th style=\"text-align: center;\"><strong>Datum<\/strong><\/th>\n<th style=\"text-align: center;\">Uhrzeit<\/th>\n<th>Ort und Einsatz<\/th>\n<th style=\"text-align: center;\">Dauer<br>(Std.)<\/th>\n<\/tr>\n<tr>\n<td style=\"text-align: right;\">17<\/td>\n<td style=\"text-align: center;\">06.12.2021<\/td>\n<td style=\"text-align: center;\">18:47<\/td>\n<td>Reichertshausen<br>P\u00fctrichstra\u00dfe<br>Brand M\u00fcllcontainer<\/td>\n<td style=\"text-align: center;\">0,75<\/td>\n<\/tr>\n<tr>\n<td style=\"text-align: right;\">16<\/td>\n<td style=\"text-align: center;\">03.12.2021<\/td>\n<td style=\"text-align: center;\">21:42<\/td>\n<td>B13 Salmading &#8211; Wahl<br>Verkehrsunfall mit 2 PKW<br>keine Person eingeklemmt<\/td>\n<td style=\"text-align: center;\">1,25<\/td>\n<\/tr>\n<tr>\n<td style=\"text-align: right;\">15<\/td>\n<td style=\"text-align: center;\">27.11.2021<\/td>\n<td style=\"text-align: center;\">13:18<\/td>\n<td>\n<p>Reichertshausen<br>Unterst\u00fctzung Rettungsdienst<\/p>\n<\/td>\n<td style=\"text-align: center;\">0,5<\/td>\n<\/tr>\n<tr>\n<td style=\"text-align: right;\">14<\/td>\n<td style=\"text-align: center;\">21.10.2021<\/td>\n<td style=\"text-align: center;\">11:24<\/td>\n<td>Reichertshausen &#8211; Gurn\u00f6bach<br>Baum \u00fcber Stra\u00dfe<\/td>\n<td style=\"text-align: center;\">0,33<\/td>\n<\/tr>\n<tr>\n<td style=\"text-align: right;\">13<\/td>\n<td style=\"text-align: center;\">11.10.2021<\/td>\n<td style=\"text-align: center;\">10:29<\/td>\n<td>Fernhag<br>Kellerbrand<\/td>\n<td style=\"text-align: center;\">1,0<\/td>\n<\/tr>\n<tr>\n<td style=\"text-align: right;\">12<\/td>\n<td style=\"text-align: center;\">28.08.2021<\/td>\n<td style=\"text-align: center;\">16:47<\/td>\n<td>Reichertshausen<br>Brandmeldeanlage<\/td>\n<td style=\"text-align: center;\">0,5<\/td>\n<\/tr>\n<tr>\n<td style=\"text-align: right;\">11<\/td>\n<td style=\"text-align: center;\">25.08.2021<\/td>\n<td style=\"text-align: center;\">19:19<\/td>\n<td>Reichertshausen<br>Salmadinger Stra\u00dfe<br>Tierrettung<\/td>\n<td style=\"text-align: center;\">0,5<\/td>\n<\/tr>\n<tr>\n<td style=\"text-align: right;\">10<\/td>\n<td style=\"text-align: center;\">07.08.2021<\/td>\n<td style=\"text-align: center;\">8:00<\/td>\n<td>Reichertshausen<br>Vorbereitung Hochwasserschutz<br>Sands\u00e4cke f\u00fcllen<\/td>\n<td style=\"text-align: center;\">3,0<\/td>\n<\/tr>\n<tr>\n<td style=\"text-align: right;\">9<\/td>\n<td style=\"text-align: center;\">25.07.2021<\/td>\n<td style=\"text-align: center;\">20:41<\/td>\n<td>Reichertshausen<br>Unterst\u00fctzung Rettungsdienst<\/td>\n<td style=\"text-align: center;\">0,5<\/td>\n<\/tr>\n<tr>\n<td style=\"text-align: right;\">8<\/td>\n<td style=\"text-align: center;\">01.06.2021<\/td>\n<td style=\"text-align: center;\">16:03<\/td>\n<td>Reichertshausen<br>Ilmtal<br>T\u00fcr\u00f6ffnung<\/td>\n<td style=\"text-align: center;\">0,5<\/td>\n<\/tr>\n<tr>\n<td style=\"text-align: right;\">7<\/td>\n<td style=\"text-align: center;\">16.05.2021<\/td>\n<td style=\"text-align: center;\">6:24<\/td>\n<td>Reichertshausen &#8211; Salmading<br>Radweg<br>Baum \u00fcber Stra\u00dfe<\/td>\n<td style=\"text-align: center;\">1,5<\/td>\n<\/tr>\n<tr>\n<td style=\"text-align: right;\">6<\/td>\n<td style=\"text-align: center;\">30.04.2021<\/td>\n<td style=\"text-align: center;\">21:47<\/td>\n<td>Reichertshausen<br>Schlo\u00dfstra\u00dfe<br>Verkehrsunfall<\/td>\n<td style=\"text-align: center;\">1,75<\/td>\n<\/tr>\n<tr>\n<td style=\"text-align: right;\">5<\/td>\n<td style=\"text-align: center;\">29.04.2021<\/td>\n<td style=\"text-align: center;\">19:15<\/td>\n<td>Oberpaindorf<br>auslaufende Betriebsstoffe<\/td>\n<td style=\"text-align: center;\">1,25<\/td>\n<\/tr>\n<tr>\n<td style=\"text-align: right;\">4<\/td>\n<td style=\"text-align: center;\">29.04.2021<\/td>\n<td style=\"text-align: center;\">14:33<\/td>\n<td>Pischelsdorf &#8211; Lausham<br>auslaufende Betriebsstoffe<\/td>\n<td style=\"text-align: center;\">0,75<\/td>\n<\/tr>\n<tr>\n<td style=\"text-align: right;\">3<\/td>\n<td style=\"text-align: center;\">02.04.2021<\/td>\n<td style=\"text-align: center;\">17:25<\/td>\n<td>Reichertshausen<br>Bahnhof<br>THL Bus<\/td>\n<td style=\"text-align: center;\">1,5<\/td>\n<\/tr>\n<tr>\n<td style=\"text-align: right;\">2<\/td>\n<td style=\"text-align: center;\">21.02.2021<\/td>\n<td style=\"text-align: center;\">19:18<\/td>\n<td>Reichertshausen<br>Ilmtal<br>Wasserschaden<\/td>\n<td style=\"text-align: center;\">0,5<\/td>\n<\/tr>\n<tr>\n<td style=\"text-align: right;\">1<\/td>\n<td style=\"text-align: center;\">28.01.2021<\/td>\n<td style=\"text-align: center;\">15:49<\/td>\n<td>Reichertshausen<br>Schlossstra\u00dfe<br>Tierrettung<\/td>\n<td style=\"text-align: center;\">0,5\/2,0<\/td>\n<\/tr>\n<\/tbody>\n<\/table>\n<p><a href=\"https:\/\/www.ff-reichertshausen.de\/cms\/einsaetze\/einsaetze-2020\/\"><img decoding=\"async\" src=\"https:\/\/www.ff-reichertshausen.de\/cms\/wp-content\/themes\/twentyten-ffrs\/images\/strahlrohr-l.gif\" alt=\"\"> Weiter zu Eins\u00e4tze 2020&#8230;<\/a><\/p>\n<p><a href=\"https:\/\/www.ff-reichertshausen.de\/cms\/?page_id=25\"><img decoding=\"async\" src=\"https:\/\/www.ff-reichertshausen.de\/cms\/wp-content\/themes\/twentyten-ffrs\/images\/strahlrohr-l.gif\" alt=\"\"> Unsere Eins\u00e4tze seit 2011<br>(Beginn unserer Einsatz-Ver\u00f6ffentlichungen im Internet &#8230;)<\/a><\/p>\n<table width=\"380\">\n<tbody>\n<tr>\n<th>&nbsp;<\/th>\n<\/tr>\n<\/tbody>\n<\/table>\n<p><a href=\"https:\/\/www.ff-reichertshausen.de\/pdf-docs\/adac-blaulicht-martinshorn.pdf\" target=\"_blank\" rel=\"noopener noreferrer\"><img loading=\"lazy\" decoding=\"async\" class=\"size-full wp-image-147 alignright\" title=\"Wichtige Hinweise zu Blaulicht und Martinshorn ...\" src=\"https:\/\/www.ff-reichertshausen.de\/cms\/wp-content\/uploads\/2011\/01\/Blaulicht.gif\" alt=\"\" width=\"104\" height=\"120\"><\/a><\/p>\n\n\n<p><\/p>\n","protected":false},"excerpt":{"rendered":"<p>Unser Einsatz war zuletzt notwendig: Nr Datum Uhrzeit Ort und Einsatz Dauer(Std.) 17 06.12.2021 18:47 ReichertshausenP\u00fctrichstra\u00dfeBrand M\u00fcllcontainer 0,75 16 03.12.2021 21:42 B13 Salmading &#8211; WahlVerkehrsunfall mit 2 PKWkeine Person eingeklemmt 1,25 15 27.11.2021 13:18 ReichertshausenUnterst\u00fctzung Rettungsdienst 0,5 14 21.10.2021 11:24 Reichertshausen &#8211; Gurn\u00f6bachBaum \u00fcber Stra\u00dfe 0,33 13 11.10.2021 10:29 FernhagKellerbrand 1,0 12 28.08.2021 16:47 ReichertshausenBrandmeldeanlage &hellip; <a href=\"https:\/\/www.ff-reichertshausen.de\/cms\/einsaetze\/einsaetze-2021\/\" class=\"more-link\"><span class=\"screen-reader-text\">Eins\u00e4tze 2021<\/span> weiterlesen <span class=\"meta-nav\">&rarr;<\/span><\/a><\/p>\n","protected":false},"author":39,"featured_media":0,"parent":3945,"menu_order":0,"comment_status":"closed","ping_status":"closed","template":"","meta":{"footnotes":""},"class_list":["post-3644","page","type-page","status-publish","hentry"],"_links":{"self":[{"href":"https:\/\/www.ff-reichertshausen.de\/cms\/wp-json\/wp\/v2\/pages\/3644","targetHints":{"allow":["GET"]}}],"collection":[{"href":"https:\/\/www.ff-reichertshausen.de\/cms\/wp-json\/wp\/v2\/pages"}],"about":[{"href":"https:\/\/www.ff-reichertshausen.de\/cms\/wp-json\/wp\/v2\/types\/page"}],"author":[{"embeddable":true,"href":"https:\/\/www.ff-reichertshausen.de\/cms\/wp-json\/wp\/v2\/users\/39"}],"replies":[{"embeddable":true,"href":"https:\/\/www.ff-reichertshausen.de\/cms\/wp-json\/wp\/v2\/comments?post=3644"}],"version-history":[{"count":0,"href":"https:\/\/www.ff-reichertshausen.de\/cms\/wp-json\/wp\/v2\/pages\/3644\/revisions"}],"up":[{"embeddable":true,"href":"https:\/\/www.ff-reichertshausen.de\/cms\/wp-json\/wp\/v2\/pages\/3945"}],"wp:attachment":[{"href":"https:\/\/www.ff-reichertshausen.de\/cms\/wp-json\/wp\/v2\/media?parent=3644"}],"curies":[{"name":"wp","href":"https:\/\/api.w.org\/{rel}","templated":true}]}}