{"id":353,"date":"2012-02-29T20:46:59","date_gmt":"2012-02-29T19:46:59","guid":{"rendered":"http:\/\/ff-reichertshausen.de\/cms\/?page_id=353"},"modified":"2018-03-17T18:38:29","modified_gmt":"2018-03-17T17:38:29","slug":"einsatze-2012","status":"publish","type":"page","link":"https:\/\/www.ff-reichertshausen.de\/cms\/alarmierung\/einsatze-2012\/","title":{"rendered":"Eins\u00e4tze 2012"},"content":{"rendered":"<p><a href=\"http:\/\/www.lfv-bayern.de\/cms\/fwaktionswoche\/2011\/\" target=\"_blank\" rel=\"noopener\"><img loading=\"lazy\" decoding=\"async\" class=\"size-full wp-image-297 aligncenter\" title=\"Ich will zur Feuerwehr!\" src=\"https:\/\/www.ff-reichertshausen.de\/cms\/wp-content\/uploads\/2011\/01\/Webbanner_Ichwillzurfw.gif\" alt=\"\" width=\"610\" height=\"217\" srcset=\"https:\/\/www.ff-reichertshausen.de\/cms\/wp-content\/uploads\/2011\/01\/Webbanner_Ichwillzurfw.gif 610w, https:\/\/www.ff-reichertshausen.de\/cms\/wp-content\/uploads\/2011\/01\/Webbanner_Ichwillzurfw-300x106.gif 300w\" sizes=\"auto, (max-width: 610px) 100vw, 610px\" \/><\/a><\/p>\n<p><a title=\"Eins\u00e4tze 2013\" href=\"https:\/\/www.ff-reichertshausen.de\/cms\/?page_id=579\"><img decoding=\"async\" src=\"https:\/\/www.ff-reichertshausen.de\/cms\/wp-content\/themes\/twentyten-ffrs\/images\/strahlrohr-l.gif\" alt=\"\" \/> Weiter zu Eins\u00e4tze 2013&#8230;<\/a><\/p>\n<p>28.10.2012 um 08:10 Uhr &#8211; <a title=\"Hohe Schneelast erfordert unseren Einsatz\" href=\"https:\/\/www.ff-reichertshausen.de\/cms\/?p=577\">\u00c4ste ragen wg. Schneelast in Fahrbahn<\/a><br \/>\n28.10.2012 um 07:56 Uhr &#8211; Ast droht abzust\u00fcrzen<br \/>\n20.10.2012 um 12:18 Uhr &#8211; <a title=\"Frau und zwei Kinder beim Zimmerbrand verletzt\" href=\"https:\/\/www.ff-reichertshausen.de\/cms\/?p=482\">Zimmerbrand in Langwaid<\/a><br \/>\n19.10.2012 um 14:34 Uhr &#8211; Brand Bahndamm Paindorf<br \/>\n23.09.2012 um 21:30 Uhr &#8211; \u00d6lspur Kreisel Reichertshausen<br \/>\n11.09.2012 um 11:29 Uhr &#8211; Benzin aus PKW Tankstelle Reichertshausen<br \/>\n02.08.2012 um 15:51 Uhr &#8211; \u00d6lspur<br \/>\n02.08.2012 um 10:08 Uhr &#8211; Zimmerbrand Ilmm\u00fcnster<br \/>\n27.07.2012 um 23:08 Uhr &#8211; Feuermeldung Brandmeldeanlage<br \/>\n26.07.2012 um 18:21 Uhr &#8211; Person in Maschine eingeklemmt<br \/>\n24.07.2012 um 11:48 Uhr &#8211; Person unter Schienenfahrzeug Hettenshausen<br \/>\n21.07.2012 um 18:40 Uhr &#8211; VU Person eingeklemmt Hohenkammer<br \/>\n11.07.2012 um 06:54 Uhr &#8211; Brand Strohballen Ilmberg<br \/>\n07.06.2012 um 13:27 Uhr &#8211; VU Person eingeklemmt Letten-Paunzhausen<br \/>\n03.06.2012 um 13:01 Uhr &#8211; Gasaustritt Golfheim<br \/>\n02.06.2012 um 13:49 Uhr &#8211; \u00d6lspur<br \/>\n11.05.2012 um 10:41 Uhr &#8211; Brand Geb\u00fcsch Paindorf<br \/>\n28.04.2012 um 06:40 Uhr &#8211; Person unter Schienenfahrzeug<br \/>\n07.04.2012 um 21:30 Uhr &#8211; Osterfeuer Paindorf<br \/>\n07.04.2012 um 10:37 Uhr &#8211; \u00d6lspur B13 und Paindorfer Stra\u00dfe<br \/>\n31.03.2012 um 17:30 Uhr &#8211; Stra\u00dfensicherung zur Palmweihe<br \/>\n24.03.2012 um 08:43 Uhr &#8211; Fl\u00e4chenbrand Waldfriedhof<br \/>\n06.03.2012 um 06:31 Uhr &#8211; Personenunfall auf der Bahnstrecke bei km 47. (Ilmm\u00fcnster)<br \/>\n20.02.2012 um 13:00 Uhr &#8211; Zugsicherung Faschingszug OCV Steinkirchen<br \/>\n20.02.2012 um 13:00 Uhr &#8211; Sta\u00dfensicherung Faschingszug OCV Steinkirchen<br \/>\n13.02.2012 um 18:13 Uhr &#8211; Wassurrohrbruch im Heizungsraum<br \/>\n11.02.2012 um 13:11 Uhr &#8211; Verkehrsunfall: B13 &#8211; Vor B\u00e4ckerei Breitner<br \/>\n05.02.2012 um 12:19 Uhr &#8211; Tierrettung: Pferd im Schlo\u00dfweiher ins Eis eingebrochen<br \/>\n04.02.2012 um 18:21 Uhr &#8211; Wasserrohrbruch im Wohnhaus in Oberpaindorf<br \/>\n17.01.2012 um 14:35 Uhr &#8211; Fehlalarm ILS<br \/>\n<a href=\"https:\/\/www.ff-reichertshausen.de\/pdf-docs\/adac-blaulicht-martinshorn.pdf\" target=\"_blank\" rel=\"noopener\"><img loading=\"lazy\" decoding=\"async\" class=\"size-full wp-image-147 alignright\" title=\"Wichtige Hinweise zu Blaulicht und Martinshorn ...\" src=\"https:\/\/www.ff-reichertshausen.de\/cms\/wp-content\/uploads\/2011\/01\/Blaulicht.gif\" alt=\"\" width=\"104\" height=\"120\" \/><\/a><\/p>\n<p><a href=\"https:\/\/www.ff-reichertshausen.de\/cms\/?page_id=25\"><img decoding=\"async\" src=\"https:\/\/www.ff-reichertshausen.de\/cms\/wp-content\/themes\/twentyten-ffrs\/images\/strahlrohr-l.gif\" alt=\"\" \/> Weiter zu Eins\u00e4tze 2011&#8230;<\/a><\/p>\n","protected":false},"excerpt":{"rendered":"<p>Weiter zu Eins\u00e4tze 2013&#8230; 28.10.2012 um 08:10 Uhr &#8211; \u00c4ste ragen wg. Schneelast in Fahrbahn 28.10.2012 um 07:56 Uhr &#8211; Ast droht abzust\u00fcrzen 20.10.2012 um 12:18 Uhr &#8211; Zimmerbrand in Langwaid 19.10.2012 um 14:34 Uhr &#8211; Brand Bahndamm Paindorf 23.09.2012 um 21:30 Uhr &#8211; \u00d6lspur Kreisel Reichertshausen 11.09.2012 um 11:29 Uhr &#8211; Benzin aus PKW &hellip; <a href=\"https:\/\/www.ff-reichertshausen.de\/cms\/alarmierung\/einsatze-2012\/\" class=\"more-link\"><span class=\"screen-reader-text\">Eins\u00e4tze 2012<\/span> weiterlesen <span class=\"meta-nav\">&rarr;<\/span><\/a><\/p>\n","protected":false},"author":14,"featured_media":0,"parent":128,"menu_order":6,"comment_status":"closed","ping_status":"closed","template":"page-templates\/full-width.php","meta":{"footnotes":""},"class_list":["post-353","page","type-page","status-publish","hentry"],"_links":{"self":[{"href":"https:\/\/www.ff-reichertshausen.de\/cms\/wp-json\/wp\/v2\/pages\/353","targetHints":{"allow":["GET"]}}],"collection":[{"href":"https:\/\/www.ff-reichertshausen.de\/cms\/wp-json\/wp\/v2\/pages"}],"about":[{"href":"https:\/\/www.ff-reichertshausen.de\/cms\/wp-json\/wp\/v2\/types\/page"}],"author":[{"embeddable":true,"href":"https:\/\/www.ff-reichertshausen.de\/cms\/wp-json\/wp\/v2\/users\/14"}],"replies":[{"embeddable":true,"href":"https:\/\/www.ff-reichertshausen.de\/cms\/wp-json\/wp\/v2\/comments?post=353"}],"version-history":[{"count":0,"href":"https:\/\/www.ff-reichertshausen.de\/cms\/wp-json\/wp\/v2\/pages\/353\/revisions"}],"up":[{"embeddable":true,"href":"https:\/\/www.ff-reichertshausen.de\/cms\/wp-json\/wp\/v2\/pages\/128"}],"wp:attachment":[{"href":"https:\/\/www.ff-reichertshausen.de\/cms\/wp-json\/wp\/v2\/media?parent=353"}],"curies":[{"name":"wp","href":"https:\/\/api.w.org\/{rel}","templated":true}]}}