{"id":2906,"date":"2018-08-15T00:43:48","date_gmt":"2018-08-14T22:43:48","guid":{"rendered":"https:\/\/www.ff-reichertshausen.de\/cms\/?page_id=2906"},"modified":"2018-08-27T22:51:45","modified_gmt":"2018-08-27T20:51:45","slug":"feuerwehr-zukunftsplan-2020ff","status":"publish","type":"page","link":"https:\/\/www.ff-reichertshausen.de\/cms\/ueber-uns\/feuerwehr-zukunftsplan-2020ff\/","title":{"rendered":"Feuerwehr-Zukunftsplan 2020ff"},"content":{"rendered":"<p>Aufbauend auf das \u201e<em>Feuerwehrkonzept 2010ff.<\/em>\u201c hat der Gemeinderat der Gemeinde Reichertshausen am 20.12.2017 dem <strong><em>\u201eZukunftsplan 2020ff.\u201c<\/em><\/strong> zugestimmt, welcher als Diskussions- und Umsetzungsgrundlage f\u00fcr den Zeitraum 2020 \u2013 2030 gelten soll. Eine Beschaffungs- bzw. Ausgabefreigabe ist damit noch nicht verbunden. Die Kosten f\u00fcr die Umsetzung werden auf ca. 2 Millionen Euro gesch\u00e4tzt<\/p>\n<p><strong>\u00a0I. Bauliche Ma\u00dfnahmen:<\/strong><\/p>\n<p style=\"padding-left: 30px;\">a) Das Feuerwehrger\u00e4tehaus in<strong> Langwaid<\/strong> ist f\u00fcr die Unterbringung von Ausr\u00fcstung und Ger\u00e4t zu klein, weswegen bereits seit l\u00e4ngerem ein Anbau an das oder ein Neubau des Feuerwehrger\u00e4tehauses diskutiert wurde. Nunmehr ist der <strong>Neubau eines Feuerwehrger\u00e4tehauses<\/strong> auf einem Teil des Dorfplatzes vorgesehen, wobei ein Kostendeckel von 610.000 \u20ac gilt. Baukosten dar\u00fcber hinaus muss der Feuerwehrverein finanziell oder durch Eigenleistung abfangen.<\/p>\n<p style=\"padding-left: 30px;\"><strong>Geplanter Realisierungszeitraum: 2018 &#8211; 2020<\/strong><\/p>\n<p style=\"padding-left: 30px;\">b) Auch das Feuerwehrger\u00e4tehaus in <strong>Steinkirchen<\/strong> ist zu klein, beispielsweise fehlt es an einem Schulungsraum und einer Kleiderkammer. Nunmehr soll \u2013 unter Verschiebung der Ausfahrt des Kindergartenparkplatzes \u2013 an Stelle des alten \u201eAechterhausl\u00b4s\u201c eine ausreichend <strong>gro\u00dfe Garage insbesondere f\u00fcr das Einsatzfahrzeug und die Kleiderkammer<\/strong> errichtet werden. Der bisherige Fahrzeugstellplatz im Kindergartengeb\u00e4ude soll geteilt und zur Unterbringung des Hochwasseranh\u00e4ngers einerseits und eines Schulungsraums andererseits dienen.<\/p>\n<p style=\"padding-left: 30px;\"><strong>Geplanter Realisierungszeitraum: 2021\/2022<\/strong><\/p>\n<p><strong>II. Fahrzeuge\/Ger\u00e4tschaften<\/strong><\/p>\n<p>In den kommenden Jahren sind f\u00fcr verschiedene Einsatzfahrzeuge Ersatzbeschaffungen notwendig. F\u00fcr alle Beschaffungen gilt, dass zun\u00e4chst der Platzbedarf in den Feuerwehrger\u00e4teh\u00e4usern \u00fcberpr\u00fcft werden muss.<\/p>\n<p style=\"padding-left: 30px;\">a) <strong>Feuerwehr Reichertshausen:<\/strong><\/p>\n<p style=\"padding-left: 30px;\">Die beiden Gro\u00dffahrzeuge sind aktuell 29 Jahre (LF16-TS Bund) und 22 Jahre (LF16\/12). Diese m\u00fcssen zwischen 2020 und 2025 ersetzt werden. Hierzu gibt es 2 Umsetzungsalternativen:<\/p>\n<p style=\"padding-left: 30px;\"><strong>Variante A:<\/strong><br \/>\nLF 16 TS wird bis 2019 durch ein LF KatS durch den Bund ersetzt,<br \/>\nLF 16\/12 wird aus eigenen Mitteln der Gemeinde bis 2025 ersetzt.<\/p>\n<p style=\"padding-left: 30px;\">Falls bis 2019\/2020 keine Ersatzbeschaffung durch den Bund erreicht werden kann, soll die<\/p>\n<p style=\"padding-left: 30px;\"><strong>Variante B<\/strong> zum Zuge kommen:<\/p>\n<p style=\"padding-left: 30px;\">LF 16 TS wird durch ein HLF 20 aus eigenen Mitteln ersetzt (Planung dazu muss 2019 beginnen),<br \/>\nLF 16\/12 wird bis ca. 2025 durch ein den Erfordernissen entsprechendes Fahrzeug aus eigenen Mitteln der Gemeinde beschafft (Planung dazu muss sp\u00e4testens 2023 beginnen), sofern sich auch bis dahin keine M\u00f6glichkeit ergibt, vom Bund ein LF KatS-Fahrzeug zu erhalten.<\/p>\n<p style=\"padding-left: 30px;\">b) <strong>Feuerwehr Paindorf: <\/strong>Das TSF (Baujahr 1992) der Feuerwehr Paindorf und<\/p>\n<p style=\"padding-left: 30px;\">c) <strong>Feuerwehr Langwaid: <\/strong>das TSF-W (Baujahr 1996) der Feuerwehr Langwaid sind im Zeitraum zwischen 2023 und 2029 zu ersetzen.<\/p>\n<p style=\"padding-left: 30px;\">d) <strong>Feuerwehr Pischelsdorf: <\/strong><\/p>\n<p style=\"padding-left: 30px;\">Die Ersatzbeschaffung des MTW (Baujahr 2010) steht ab 2028 an.<\/p>\n<p style=\"padding-left: 30px;\">Die <strong>Tragkraftspritze<\/strong> stammt aus den 1960er Jahren, diese sollte 2020 oder 2021 (je nach Haushaltslage) ersetzt werden. Eine fr\u00fchere Ersatzbeschaffung ist bereits 2018\/2019 m\u00f6glich, da eine voll funktionsfahige Pumpe bei der Freiwilligen Feuerwehr Reichertshausen eingelagert ist. Diese muss im Vorfeld lediglich einmal komplett gewartet werden.<\/p>\n<p style=\"padding-left: 30px;\">e) <strong>Hochwasserschutz: <\/strong>Noch gepr\u00fcft wird die Anschaffung eines Anh\u00e4ngers mit Kippfunktion f\u00fcr den vorsorglichen Hochwasserschutz.<\/p>\n<p>.<\/p>\n<p>&nbsp;<\/p>\n","protected":false},"excerpt":{"rendered":"<p>Aufbauend auf das \u201eFeuerwehrkonzept 2010ff.\u201c hat der Gemeinderat der Gemeinde Reichertshausen am 20.12.2017 dem \u201eZukunftsplan 2020ff.\u201c zugestimmt, welcher als Diskussions- und Umsetzungsgrundlage f\u00fcr den Zeitraum 2020 \u2013 2030 gelten soll. Eine Beschaffungs- bzw. Ausgabefreigabe ist damit noch nicht verbunden. Die Kosten f\u00fcr die Umsetzung werden auf ca. 2 Millionen Euro gesch\u00e4tzt \u00a0I. Bauliche Ma\u00dfnahmen: a) &hellip; <a href=\"https:\/\/www.ff-reichertshausen.de\/cms\/ueber-uns\/feuerwehr-zukunftsplan-2020ff\/\" class=\"more-link\"><span class=\"screen-reader-text\">Feuerwehr-Zukunftsplan 2020ff<\/span> weiterlesen <span class=\"meta-nav\">&rarr;<\/span><\/a><\/p>\n","protected":false},"author":39,"featured_media":0,"parent":2270,"menu_order":0,"comment_status":"closed","ping_status":"closed","template":"","meta":{"footnotes":""},"class_list":["post-2906","page","type-page","status-publish","hentry"],"_links":{"self":[{"href":"https:\/\/www.ff-reichertshausen.de\/cms\/wp-json\/wp\/v2\/pages\/2906","targetHints":{"allow":["GET"]}}],"collection":[{"href":"https:\/\/www.ff-reichertshausen.de\/cms\/wp-json\/wp\/v2\/pages"}],"about":[{"href":"https:\/\/www.ff-reichertshausen.de\/cms\/wp-json\/wp\/v2\/types\/page"}],"author":[{"embeddable":true,"href":"https:\/\/www.ff-reichertshausen.de\/cms\/wp-json\/wp\/v2\/users\/39"}],"replies":[{"embeddable":true,"href":"https:\/\/www.ff-reichertshausen.de\/cms\/wp-json\/wp\/v2\/comments?post=2906"}],"version-history":[{"count":0,"href":"https:\/\/www.ff-reichertshausen.de\/cms\/wp-json\/wp\/v2\/pages\/2906\/revisions"}],"up":[{"embeddable":true,"href":"https:\/\/www.ff-reichertshausen.de\/cms\/wp-json\/wp\/v2\/pages\/2270"}],"wp:attachment":[{"href":"https:\/\/www.ff-reichertshausen.de\/cms\/wp-json\/wp\/v2\/media?parent=2906"}],"curies":[{"name":"wp","href":"https:\/\/api.w.org\/{rel}","templated":true}]}}