{"id":266,"date":"2012-01-06T12:00:34","date_gmt":"2012-01-06T12:00:34","guid":{"rendered":"http:\/\/ff-reichertshausen.de\/cms\/?page_id=266"},"modified":"2025-12-22T10:30:11","modified_gmt":"2025-12-22T09:30:11","slug":"termine","status":"publish","type":"page","link":"https:\/\/www.ff-reichertshausen.de\/cms\/termine\/","title":{"rendered":"Termine"},"content":{"rendered":"<p><strong>Unsere Vorbereitung<\/strong> auf das Einsatzgeschehen ist vielf\u00e4ltig und auch f\u00fcr das Jahr 2026 haben wir uns wieder viel vorgenommen:<\/p>\n<p>Inzwischen stehen die <strong>Termine f\u00fcr 2026<\/strong>\u00a0fest.\u00a0<\/p>\n<p>Die Termine gibt\u00b4s wie immer als <a href=\"https:\/\/www.ff-reichertshausen.de\/cms\/wp-content\/uploads\/2025\/12\/Jahresplaner.pdf\">Jahresplaner<\/a> im PDF-Format.<\/p>\n<p>Au\u00dferdem stehen f\u00fcr diejenigen, die sich das Abtippen sparen m\u00f6chten, folgende Termine f\u00fcr das <strong>Jahr 2026<\/strong>\u00a0auch wieder im <strong><em>iCalendar (.ics) &#8211; Format<\/em><\/strong> zur Verf\u00fcgung. Zur Unterscheidung sind unsere Termine mit &#8222;<strong>FF Rs &#8211;<\/strong>&#8220; gekennzeichnet:<\/p>\n<p><em><strong>Termine der aktiven Feuerwehr:<\/strong><\/em><\/p>\n<p><a href=\"https:\/\/www.ff-reichertshausen.de\/cms\/wp-content\/uploads\/2025\/12\/Zuguebung.ics\">Zug\u00fcbungen<\/a><\/p>\n<p><a href=\"https:\/\/www.ff-reichertshausen.de\/cms\/wp-content\/uploads\/2025\/12\/StationsAusb.ics\">Stationsausbildungen<\/a><\/p>\n<p><a href=\"https:\/\/www.ff-reichertshausen.de\/cms\/wp-content\/uploads\/2025\/12\/LPr_THL.ics\">Leistungspr\u00fcfung THL<\/a><\/p>\n<p><a href=\"https:\/\/www.ff-reichertshausen.de\/cms\/wp-content\/uploads\/2025\/12\/Fachbereichsuebung2.ics\">Fachbereichs\u00fcbungen<\/a>\u00a0(reservierte \u00dcbungstermine,\u00a0 zu denen \u00dcbungen bestimmter Fachbereiche (z. B. Maschinisten, F\u00fchrungsassistenten) durchgef\u00fchrt werden.\u00a0 Welcher Fachbereich am jeweiligen Termin \u00fcbt, wird gesondert angek\u00fcndigt.<\/p>\n<p><em style=\"font-size: inherit;\"><strong>Gruppenbezogene Termine:<\/strong><\/em><\/p>\n<p><\/p>\n<p><a href=\"https:\/\/www.ff-reichertshausen.de\/cms\/wp-content\/uploads\/2025\/12\/GF-Termine.ics\">Gruppenf\u00fchrertermine<\/a><\/p>\n<p> <\/p>\n<p><a href=\"https:\/\/www.ff-reichertshausen.de\/cms\/wp-content\/uploads\/2025\/12\/Jugendfeuerwehr.ics\">Jugendfeuerwehr<\/a><\/p>\n<p> <\/p>\n<p><a href=\"https:\/\/www.ff-reichertshausen.de\/cms\/wp-content\/uploads\/2025\/12\/Kinderfeuerwehr.ics\">Kinderfeuerwehr<\/a><\/p>\n<p>Hier gibt\u00b4s noch den <a href=\"https:\/\/www.ff-reichertshausen.de\/cms\/wp-content\/uploads\/2024\/12\/Termine_2025.pdf\">Jahresplaner 2025 im PDF-Format<\/a>.<\/p>\n<p><img loading=\"lazy\" decoding=\"async\" class=\"aligncenter wp-image-547 size-full\" title=\"\u00dcbungsplan und Terminkalender\" src=\"https:\/\/www.ff-reichertshausen.de\/cms\/wp-content\/uploads\/2012\/01\/kalenderblatt.jpg\" alt=\"Kalender\" width=\"196\" height=\"211\" \/><\/p>\n\n\n<hr class=\"wp-block-separator has-alpha-channel-opacity\"\/>\n\n\n\n<p><\/p>\n","protected":false},"excerpt":{"rendered":"<p>Unsere Vorbereitung auf das Einsatzgeschehen ist vielf\u00e4ltig und auch f\u00fcr das Jahr 2026 haben wir uns wieder viel vorgenommen: Inzwischen stehen die Termine f\u00fcr 2026\u00a0fest.\u00a0 Die Termine gibt\u00b4s wie immer als Jahresplaner im PDF-Format. Au\u00dferdem stehen f\u00fcr diejenigen, die sich das Abtippen sparen m\u00f6chten, folgende Termine f\u00fcr das Jahr 2026\u00a0auch wieder im iCalendar (.ics) &#8211; &hellip; <a href=\"https:\/\/www.ff-reichertshausen.de\/cms\/termine\/\" class=\"more-link\"><span class=\"screen-reader-text\">Termine<\/span> weiterlesen <span class=\"meta-nav\">&rarr;<\/span><\/a><\/p>\n","protected":false},"author":14,"featured_media":0,"parent":0,"menu_order":1,"comment_status":"closed","ping_status":"closed","template":"","meta":{"footnotes":""},"class_list":["post-266","page","type-page","status-publish","hentry"],"_links":{"self":[{"href":"https:\/\/www.ff-reichertshausen.de\/cms\/wp-json\/wp\/v2\/pages\/266","targetHints":{"allow":["GET"]}}],"collection":[{"href":"https:\/\/www.ff-reichertshausen.de\/cms\/wp-json\/wp\/v2\/pages"}],"about":[{"href":"https:\/\/www.ff-reichertshausen.de\/cms\/wp-json\/wp\/v2\/types\/page"}],"author":[{"embeddable":true,"href":"https:\/\/www.ff-reichertshausen.de\/cms\/wp-json\/wp\/v2\/users\/14"}],"replies":[{"embeddable":true,"href":"https:\/\/www.ff-reichertshausen.de\/cms\/wp-json\/wp\/v2\/comments?post=266"}],"version-history":[{"count":11,"href":"https:\/\/www.ff-reichertshausen.de\/cms\/wp-json\/wp\/v2\/pages\/266\/revisions"}],"predecessor-version":[{"id":6229,"href":"https:\/\/www.ff-reichertshausen.de\/cms\/wp-json\/wp\/v2\/pages\/266\/revisions\/6229"}],"wp:attachment":[{"href":"https:\/\/www.ff-reichertshausen.de\/cms\/wp-json\/wp\/v2\/media?parent=266"}],"curies":[{"name":"wp","href":"https:\/\/api.w.org\/{rel}","templated":true}]}}