{"id":2494,"date":"2018-01-05T16:14:10","date_gmt":"2018-01-05T15:14:10","guid":{"rendered":"https:\/\/www.ff-reichertshausen.de\/cms\/?page_id=2494"},"modified":"2019-01-01T10:21:15","modified_gmt":"2019-01-01T09:21:15","slug":"einsaetze-2018","status":"publish","type":"page","link":"https:\/\/www.ff-reichertshausen.de\/cms\/einsaetze\/einsaetze-2021\/einsaetze-2020\/einsaetze-2018\/","title":{"rendered":"Eins\u00e4tze 2018"},"content":{"rendered":"<p><strong>Unser Einsatz <\/strong>war zuletzt notwendig:<\/p>\n<table width=\"380\">\n<tbody>\n<tr>\n<th><strong>Nr<\/strong><\/th>\n<th><strong>Datum<\/strong><\/th>\n<th>Uhrzeit<\/th>\n<th>Ort und Einsatz<\/th>\n<th>Dauer<br \/>\n(Std.)<\/th>\n<\/tr>\n<tr>\n<td>34<\/td>\n<td>19.12.18<\/td>\n<td>2:26<\/td>\n<td>Reichertshausen<br \/>\nFirst Responder Einsatz<\/td>\n<td>0,25<\/td>\n<\/tr>\n<tr>\n<td>33<\/td>\n<td>11.11.18<\/td>\n<td>17:00<\/td>\n<td>Reichertshausen<br \/>\nStra\u00dfensicherung Martinszug<\/td>\n<td>0,5<\/td>\n<\/tr>\n<tr>\n<td>32<\/td>\n<td>27.10.18<\/td>\n<td>18:00<\/td>\n<td>Reichertshausen<br \/>\nIlmtalhalle<br \/>\nParkpl\u00e4tze einweisen<\/td>\n<td>2,0<\/td>\n<\/tr>\n<tr>\n<td>31<\/td>\n<td>05.10.18<\/td>\n<td>9:02<\/td>\n<td>Reichertshausen<br \/>\nP\u00fctrichstra\u00dfe<br \/>\nKeller unter Wasser<\/td>\n<td>1,0<\/td>\n<\/tr>\n<tr>\n<td>30<\/td>\n<td>03.10.18<\/td>\n<td>7:53<\/td>\n<td>Reichertshausen<br \/>\nSchlossstra\u00dfe<br \/>\nBrandmeldeanlage<\/td>\n<td>0,5<\/td>\n<\/tr>\n<tr>\n<td>29<\/td>\n<td>29.09.18<\/td>\n<td>15:00<\/td>\n<td>Fehlalarm<\/td>\n<td>0,25<\/td>\n<\/tr>\n<tr>\n<td>28<\/td>\n<td>25.09.18<\/td>\n<td>19:35<\/td>\n<td>Gurn\u00f6bach<br \/>\nRauchentwicklung im Geb\u00e4ude<\/td>\n<td>1,75<\/td>\n<\/tr>\n<tr>\n<td>27<\/td>\n<td>11.09.18<\/td>\n<td>20:35<\/td>\n<td>Ilmberg<br \/>\n<a href=\"https:\/\/www.ff-reichertshausen.de\/cms\/hubschrauberlandeplatz-ausleuchten\/\">Hubschrauberlandeplatz<\/a><br \/>\nausleuchten<\/td>\n<td>1,25<\/td>\n<\/tr>\n<tr>\n<td>26<\/td>\n<td>01.09.18<\/td>\n<td>6:44<\/td>\n<td>Vohburg a. d. Donau<br \/>\n<a href=\"https:\/\/www.ff-reichertshausen.de\/cms\/raffineriebrand-in-vohburg\/\">Brand Raffinerie<\/a><br \/>\n*** Katastrophenalarm ***<\/td>\n<td>9,5<\/td>\n<\/tr>\n<tr>\n<td>25<\/td>\n<td>17.08.18<\/td>\n<td>12:32<\/td>\n<td>Salmading<br \/>\nMaibaumstra\u00dfe<br \/>\nWohnungs\u00f6ffnung<\/td>\n<td>0,5<\/td>\n<\/tr>\n<tr>\n<td>24<\/td>\n<td>02.08.18<\/td>\n<td>3:53<\/td>\n<td>B13 Reichertshausen-Salmading<br \/>\nBaum \u00fcber Stra\u00dfe<\/td>\n<td>0,5<\/td>\n<\/tr>\n<tr>\n<td>23<\/td>\n<td>11.06.18<\/td>\n<td>9:13<\/td>\n<td>Reichertshausen<br \/>\nKleintierrettung<\/td>\n<td>1,0<\/td>\n<\/tr>\n<tr>\n<td>22<\/td>\n<td>31.05.18<\/td>\n<td>18:45<\/td>\n<td>Reichertshausen<br \/>\nStra\u00dfensicherung<br \/>\nFronleichnamsprozession<\/td>\n<td>0,25<\/td>\n<\/tr>\n<tr>\n<td>21<\/td>\n<td>24.05.18<\/td>\n<td>23:12<\/td>\n<td><a href=\"https:\/\/www.ff-reichertshausen.de\/cms\/?p=2800\">Gebietsabsicherung<\/a><\/td>\n<td>1,75<\/td>\n<\/tr>\n<tr>\n<td>20<\/td>\n<td>19.05.18<\/td>\n<td>16:34<\/td>\n<td>Reichertshausen<br \/>\nUnwetter<br \/>\nWasser l\u00e4uft in Geb\u00e4ude<\/td>\n<td>0,75<\/td>\n<\/tr>\n<tr>\n<td>19<\/td>\n<td>16.05.18<\/td>\n<td>13:01<\/td>\n<td>Reichertshausen<br \/>\nBergweg<br \/>\nWohnungs\u00f6ffnung<\/td>\n<td>0,33<\/td>\n<\/tr>\n<tr>\n<td>18<\/td>\n<td>13.05.18<\/td>\n<td>14:30<\/td>\n<td>Reichertshausen<br \/>\nStra\u00dfensicherung<br \/>\n<a href=\"https:\/\/www.ff-reichertshausen.de\/cms\/?p=2779\">Umzug Sch\u00fctzenverein<\/a><\/td>\n<td>1,0<\/td>\n<\/tr>\n<tr>\n<td>17<\/td>\n<td>10.05.18<\/td>\n<td>14:30<\/td>\n<td>Reichertshausen<br \/>\nStra\u00dfensicherung<br \/>\n<a href=\"https:\/\/www.ff-reichertshausen.de\/cms\/?p=2764\">Einzug Volksfest<\/a><\/td>\n<td>0,25<\/td>\n<\/tr>\n<tr>\n<td>16<\/td>\n<td>06.05.18<\/td>\n<td>10:00<\/td>\n<td>Reichertshausen<br \/>\nStra\u00dfensicherung Erstkommunion<\/td>\n<td>0,25<\/td>\n<\/tr>\n<tr>\n<td>15<\/td>\n<td>01.05.18<\/td>\n<td>12:45<\/td>\n<td>Reichertshausen<br \/>\nAbsicherung<br \/>\n<a href=\"https:\/\/www.ff-reichertshausen.de\/cms\/?p=2746\">Maibaum aufstellen<\/a><\/td>\n<td>1,5<\/td>\n<\/tr>\n<tr>\n<td>14<\/td>\n<td>30.04.18<\/td>\n<td>18:30<\/td>\n<td>Reichertshausen<br \/>\nAbsicherung Maibaumtransport<\/td>\n<td>0,5<\/td>\n<\/tr>\n<tr>\n<td>13<\/td>\n<td>28.04.18<\/td>\n<td>18:30<\/td>\n<td>Reichertshausen<br \/>\nTechnische Unterst\u00fctzung und<br \/>\nabsichern<br \/>\n<a href=\"https:\/\/www.ff-reichertshausen.de\/cms\/?p=2733\">Maibaum umlegen<\/a><\/td>\n<td>2,0<\/td>\n<\/tr>\n<tr>\n<td>12<\/td>\n<td>16.04.18<\/td>\n<td>23:21<\/td>\n<td>Reichertshausen<br \/>\nM\u00fcnchener Stra\u00dfe<br \/>\nUnterst\u00fctzung Polizei<\/td>\n<td>0,25<\/td>\n<\/tr>\n<tr>\n<td>11<\/td>\n<td>16.04.18<\/td>\n<td>16:32<\/td>\n<td>Reichertshausen<br \/>\nM\u00fcnchener Stra\u00dfe<br \/>\nWohnungs\u00f6ffnung<\/td>\n<td>0,5<\/td>\n<\/tr>\n<tr>\n<td>10<\/td>\n<td>31.03.18<\/td>\n<td>21:32<\/td>\n<td>Reichertshausen<br \/>\nKammererberg<br \/>\n<a href=\"https:\/\/www.ff-reichertshausen.de\/cms\/?p=2675\">Rauchentwicklung im Freien<\/a><\/td>\n<td>0,75<\/td>\n<\/tr>\n<tr>\n<td>9<\/td>\n<td>31.03.18<\/td>\n<td>20:40<\/td>\n<td>Lausham (Oberpaindorf)<br \/>\nBahnhofstra\u00dfe<br \/>\n<a href=\"https:\/\/www.ff-reichertshausen.de\/cms\/?p=2675\">Rauchentwicklung im Freien<\/a><\/td>\n<td>0,5<\/td>\n<\/tr>\n<tr>\n<td>8<\/td>\n<td>31.03.18<\/td>\n<td>10:35<\/td>\n<td>Reichertshausen<br \/>\nPfaffenhofener Stra\u00dfe<br \/>\nBrand Pergola<\/td>\n<td>1,0<\/td>\n<\/tr>\n<tr>\n<td>7<\/td>\n<td>17.03.18<\/td>\n<td>01:10<\/td>\n<td>Reichertshausen &#8211; Hohenkammer<br \/>\nB13 &#8211; H\u00f6he Salmading<br \/>\n<a href=\"https:\/\/www.ff-reichertshausen.de\/cms\/?p=2566\">Verkehrsunfall<\/a><\/td>\n<td>1,75<\/td>\n<\/tr>\n<tr>\n<td>6<\/td>\n<td>26.02.18<\/td>\n<td>19:38<\/td>\n<td>Oberpaindorf<br \/>\nBahnhof<br \/>\nTechnische Hilfeleistung Bahn<\/td>\n<td>1,0<\/td>\n<\/tr>\n<tr>\n<td>5<\/td>\n<td>21.02.18<\/td>\n<td>21:00<\/td>\n<td>Reichertshausen<br \/>\nHubschrauberlandeplatz ausleuchten<\/td>\n<td>0,75<\/td>\n<\/tr>\n<tr>\n<td>4<\/td>\n<td>11.02.18<\/td>\n<td>13:00<\/td>\n<td>Zugbegleitung<br \/>\nFaschingszug<\/td>\n<td>3,0<\/td>\n<\/tr>\n<tr>\n<td>3<\/td>\n<td>11.02.18<\/td>\n<td>13:00<\/td>\n<td>Stra\u00dfensicherung<br \/>\nFaschingszug<\/td>\n<td>0,75<\/td>\n<\/tr>\n<tr>\n<td>2<\/td>\n<td>24.01.18<\/td>\n<td>16:15<\/td>\n<td>Ilmm\u00fcnster<br \/>\nRaiffeisenstra\u00dfe<br \/>\n<a href=\"https:\/\/www.ff-reichertshausen.de\/cms\/?p=2542\">unklare Rauchentwicklung<\/a><\/td>\n<td>0,75<\/td>\n<\/tr>\n<tr>\n<td>1<\/td>\n<td>05.01.18<\/td>\n<td>08:32<\/td>\n<td>Reichertshausen Richtung Kreut<br \/>\nBaum \u00fcber Stra\u00dfe<br \/>\nh\u00e4ngt in der Telefonleitung<\/td>\n<td>0,5<\/td>\n<\/tr>\n<\/tbody>\n<\/table>\n<p><a href=\"https:\/\/www.ff-reichertshausen.de\/cms\/?page_id=1913\"><img decoding=\"async\" src=\"https:\/\/www.ff-reichertshausen.de\/cms\/wp-content\/themes\/twentyten-ffrs\/images\/strahlrohr-l.gif\" alt=\"\" \/> Weiter zu Eins\u00e4tze 2017&#8230;<\/a><\/p>\n<p><a href=\"https:\/\/www.ff-reichertshausen.de\/cms\/?page_id=25\"><img decoding=\"async\" src=\"https:\/\/www.ff-reichertshausen.de\/cms\/wp-content\/themes\/twentyten-ffrs\/images\/strahlrohr-l.gif\" alt=\"\" \/> Unsere Eins\u00e4tze seit 2011<br \/>\n(Beginn unserer Einsatz-Ver\u00f6ffentlichungen im Internet &#8230;)<\/a><\/p>\n<table width=\"380\">\n<tbody>\n<tr>\n<th><\/th>\n<\/tr>\n<\/tbody>\n<\/table>\n<p><a href=\"https:\/\/www.ff-reichertshausen.de\/pdf-docs\/adac-blaulicht-martinshorn.pdf\" target=\"_blank\" rel=\"noopener noreferrer\"><img loading=\"lazy\" decoding=\"async\" class=\"size-full wp-image-147 alignright\" title=\"Wichtige Hinweise zu Blaulicht und Martinshorn ...\" src=\"https:\/\/www.ff-reichertshausen.de\/cms\/wp-content\/uploads\/2011\/01\/Blaulicht.gif\" alt=\"\" width=\"104\" height=\"120\" \/><\/a><\/p>\n","protected":false},"excerpt":{"rendered":"<p>Unser Einsatz war zuletzt notwendig: Nr Datum Uhrzeit Ort und Einsatz Dauer (Std.) 34 19.12.18 2:26 Reichertshausen First Responder Einsatz 0,25 33 11.11.18 17:00 Reichertshausen Stra\u00dfensicherung Martinszug 0,5 32 27.10.18 18:00 Reichertshausen Ilmtalhalle Parkpl\u00e4tze einweisen 2,0 31 05.10.18 9:02 Reichertshausen P\u00fctrichstra\u00dfe Keller unter Wasser 1,0 30 03.10.18 7:53 Reichertshausen Schlossstra\u00dfe Brandmeldeanlage 0,5 29 29.09.18 15:00 &hellip; <a href=\"https:\/\/www.ff-reichertshausen.de\/cms\/einsaetze\/einsaetze-2021\/einsaetze-2020\/einsaetze-2018\/\" class=\"more-link\"><span class=\"screen-reader-text\">Eins\u00e4tze 2018<\/span> weiterlesen <span class=\"meta-nav\">&rarr;<\/span><\/a><\/p>\n","protected":false},"author":39,"featured_media":0,"parent":3073,"menu_order":0,"comment_status":"closed","ping_status":"closed","template":"","meta":{"footnotes":""},"class_list":["post-2494","page","type-page","status-publish","hentry"],"_links":{"self":[{"href":"https:\/\/www.ff-reichertshausen.de\/cms\/wp-json\/wp\/v2\/pages\/2494","targetHints":{"allow":["GET"]}}],"collection":[{"href":"https:\/\/www.ff-reichertshausen.de\/cms\/wp-json\/wp\/v2\/pages"}],"about":[{"href":"https:\/\/www.ff-reichertshausen.de\/cms\/wp-json\/wp\/v2\/types\/page"}],"author":[{"embeddable":true,"href":"https:\/\/www.ff-reichertshausen.de\/cms\/wp-json\/wp\/v2\/users\/39"}],"replies":[{"embeddable":true,"href":"https:\/\/www.ff-reichertshausen.de\/cms\/wp-json\/wp\/v2\/comments?post=2494"}],"version-history":[{"count":0,"href":"https:\/\/www.ff-reichertshausen.de\/cms\/wp-json\/wp\/v2\/pages\/2494\/revisions"}],"up":[{"embeddable":true,"href":"https:\/\/www.ff-reichertshausen.de\/cms\/wp-json\/wp\/v2\/pages\/3073"}],"wp:attachment":[{"href":"https:\/\/www.ff-reichertshausen.de\/cms\/wp-json\/wp\/v2\/media?parent=2494"}],"curies":[{"name":"wp","href":"https:\/\/api.w.org\/{rel}","templated":true}]}}