{"id":1913,"date":"2017-01-02T07:55:24","date_gmt":"2017-01-02T06:55:24","guid":{"rendered":"https:\/\/www.ff-reichertshausen.de\/cms\/?page_id=1913"},"modified":"2018-03-17T18:36:35","modified_gmt":"2018-03-17T17:36:35","slug":"einsaetze-2017","status":"publish","type":"page","link":"https:\/\/www.ff-reichertshausen.de\/cms\/alarmierung\/einsaetze-2017\/","title":{"rendered":"Eins\u00e4tze 2017"},"content":{"rendered":"<p><a href=\"http:\/\/www.lfv-bayern.de\/cms\/fwaktionswoche\/2011\/\" target=\"_blank\" rel=\"noopener noreferrer\"><img loading=\"lazy\" decoding=\"async\" class=\"size-full wp-image-297 aligncenter\" title=\"Ich will zur Feuerwehr!\" src=\"https:\/\/www.ff-reichertshausen.de\/cms\/wp-content\/uploads\/2011\/01\/Webbanner_Ichwillzurfw.gif\" alt=\"\" width=\"610\" height=\"217\" srcset=\"https:\/\/www.ff-reichertshausen.de\/cms\/wp-content\/uploads\/2011\/01\/Webbanner_Ichwillzurfw.gif 610w, https:\/\/www.ff-reichertshausen.de\/cms\/wp-content\/uploads\/2011\/01\/Webbanner_Ichwillzurfw-300x106.gif 300w\" sizes=\"auto, (max-width: 610px) 100vw, 610px\" \/><\/a><\/p>\n<p><a href=\"https:\/\/www.ff-reichertshausen.de\/cms\/?page_id=25\"><img decoding=\"async\" src=\"https:\/\/www.ff-reichertshausen.de\/cms\/wp-content\/themes\/twentyten-ffrs\/images\/strahlrohr-l.gif\" alt=\"\" \/> Unsere Eins\u00e4tze seit 2011<br \/>\n(Beginn unserer Einsatz-Ver\u00f6ffentlichungen im Internet &#8230;)<\/a><\/p>\n<table width=\"380\">\n<tbody>\n<tr>\n<th><strong>Nr<\/strong><\/th>\n<th><strong>Datum<\/strong><\/th>\n<th>Uhrzeit<\/th>\n<th>oRt und Einsatz<\/th>\n<th>Dauer<br \/>\n(Std.)<\/th>\n<\/tr>\n<tr>\n<td>28<\/td>\n<td>16.12.17<\/td>\n<td>17:30<\/td>\n<td>Reichertshausen<br \/>\nIlmtalhalle<br \/>\nParkplatz einweisen<\/td>\n<td>2,5<\/td>\n<\/tr>\n<tr>\n<td>27<\/td>\n<td>19.11.17<\/td>\n<td>9:30<\/td>\n<td>Reichertshausen<br \/>\nStra\u00dfensicherung Volkstrauertag<\/td>\n<td>0,5<\/td>\n<\/tr>\n<tr>\n<td>26<\/td>\n<td>29.10.17<\/td>\n<td>8:20<\/td>\n<td>Ilmberg &#8211; Kerum<br \/>\nBaum \u00fcber Stra\u00dfe<\/td>\n<td>0,5<\/td>\n<\/tr>\n<tr>\n<td>25<\/td>\n<td>27.09.17<\/td>\n<td>9:44<\/td>\n<td><a href=\"https:\/\/www.ff-reichertshausen.de\/cms\/?p=2313\">Reichertshausen &#8211; Lausham<br \/>\nStaatsstra\u00dfe 2337<br \/>\nVerkehrsunfall mit LKW<\/a><\/td>\n<td>5,0<\/td>\n<\/tr>\n<tr>\n<td>24<\/td>\n<td>27.09.17<\/td>\n<td>8:27<\/td>\n<td><a href=\"https:\/\/www.ff-reichertshausen.de\/cms\/?p=2309\">Reichertshausen<br \/>\nBergweg<br \/>\nBrennender Holzsto\u00df<\/a><\/td>\n<td>0,75<\/td>\n<\/tr>\n<tr>\n<td>23<\/td>\n<td>24.09.17<\/td>\n<td>11:00<\/td>\n<td><a href=\"https:\/\/www.ff-reichertshausen.de\/cms\/?p=2261\">Hohenkammer<br \/>\nB13 H\u00f6he Wahl<br \/>\nVerkehrsunfall<\/a><\/td>\n<td>0,5<\/td>\n<\/tr>\n<tr>\n<td>22<\/td>\n<td>18.08.17<\/td>\n<td>22:24<\/td>\n<td>Reichertshausen<br \/>\nKreuzung Paindorfer-\/Erlenstra\u00dfe<br \/>\nBaum auf Auto<\/td>\n<td>0,75<\/td>\n<\/tr>\n<tr>\n<td>21<\/td>\n<td>18.08.17<\/td>\n<td>21:34<\/td>\n<td>Reichertshausen<br \/>\nSonnenweg<br \/>\nBaum \u00fcber Stra\u00dfe<\/td>\n<td>0,25<\/td>\n<\/tr>\n<tr>\n<td>20<\/td>\n<td>18.08.17<\/td>\n<td>21:22<\/td>\n<td>Reichertshausen<br \/>\nSchlossstra\u00dfe<br \/>\nBaum \u00fcber Stra\u00dfe<\/td>\n<td>0,25<\/td>\n<\/tr>\n<tr>\n<td>19<\/td>\n<td>18.08.17<\/td>\n<td>20:30<\/td>\n<td>Grafing<br \/>\nSamhofstra\u00dfe<br \/>\nBaum \u00fcber Stra\u00dfe<\/td>\n<td>0,5<\/td>\n<\/tr>\n<tr>\n<td>18<\/td>\n<td>13.08.17<\/td>\n<td>14:28<\/td>\n<td>Paindorf<br \/>\nBrand Waschmaschine<\/td>\n<td>0,5<\/td>\n<\/tr>\n<tr>\n<td>17<\/td>\n<td>04.07.17<\/td>\n<td>05:00<\/td>\n<td>Reichertshausen<br \/>\nUnterst\u00fctzung Rettungsdienst<\/td>\n<td>0,5<\/td>\n<\/tr>\n<tr>\n<td>16<\/td>\n<td>03.07.17<\/td>\n<td>14:02<\/td>\n<td>Grafing<br \/>\nBaum \u00fcber Fahrbahn<\/td>\n<td>0,5<\/td>\n<\/tr>\n<tr>\n<td>15<\/td>\n<td>25.06.17<\/td>\n<td>08:59<\/td>\n<td><a href=\"https:\/\/www.facebook.com\/FFRS112\/posts\/1563611830378542\" target=\"_blank\" rel=\"noopener\">Paindorf &#8211; Oberpaindorf<br \/>\nKleinbrand<\/a><\/td>\n<td>0,5<\/td>\n<\/tr>\n<tr>\n<td>14<\/td>\n<td>15.06.17<\/td>\n<td>18:45<\/td>\n<td>Reichertshausen<br \/>\nStra\u00dfensicherung<br \/>\n<a href=\"https:\/\/www.ff-reichertshausen.de\/cms\/?p=2083\">Fronleichnamsprozession<\/a><\/td>\n<td>1,5<\/td>\n<\/tr>\n<tr>\n<td>13<\/td>\n<td>30.05.17<\/td>\n<td>21:40<\/td>\n<td>Reichertshausen<br \/>\nSalmadinger Stra\u00dfe<br \/>\nKeller unter Wasser<\/td>\n<td>0,5<\/td>\n<\/tr>\n<tr>\n<td>12<\/td>\n<td>30.05.17<\/td>\n<td>21:34<\/td>\n<td>Reichertshausen<br \/>\nP\u00fctrichstra\u00dfe<br \/>\nKeller unter Wasser<\/td>\n<td>0,75<\/td>\n<\/tr>\n<tr>\n<td>11<\/td>\n<td>25.05.17<\/td>\n<td>14.30<\/td>\n<td>Reichertshausen<br \/>\nStra\u00dfensicherung Volksfesteinzug<\/td>\n<td>0,5<\/td>\n<\/tr>\n<tr>\n<td>10<\/td>\n<td>16.05.17<\/td>\n<td>19:55<\/td>\n<td>Ilmberg &#8211; Kerum<br \/>\nVerkehrsunfall mit Motorrad<\/td>\n<td>1,0<\/td>\n<\/tr>\n<tr>\n<td>09<\/td>\n<td>01.04.17<\/td>\n<td>09.19<\/td>\n<td>Reichertshausen &#8211; Lausham<br \/>\nStaatsstra\u00dfe 2337 H\u00f6he Golfplatz<br \/>\nPKW-Brand<\/td>\n<td>1,75<\/td>\n<\/tr>\n<tr>\n<td>08<\/td>\n<td>31.03.17<\/td>\n<td>18:00<\/td>\n<td>Reichertshausen<br \/>\nIlmtalhalle<br \/>\nParkplatz einweisen<\/td>\n<td>2,0<\/td>\n<\/tr>\n<tr>\n<td>07<\/td>\n<td>06.03.17<\/td>\n<td>21:20<\/td>\n<td>Grafing<br \/>\n<a href=\"https:\/\/www.ff-reichertshausen.de\/cms\/?p=1990\">Ausleuchten<br \/>\nHubschrauberlandeplatz<\/a><\/td>\n<td>0,5<\/td>\n<\/tr>\n<tr>\n<td>06<\/td>\n<td>26.02.17<\/td>\n<td>\u00a013:00<\/td>\n<td>Reichertshausen &#8211; Grafing &#8211; Paindorf &#8211;<br \/>\nOberpaindorf &#8211; Lausham &#8211; Pischelsdorf &#8211;<br \/>\nSteinkirchen<br \/>\nZugbegleitung Faschingszug<\/td>\n<td>3,0<\/td>\n<\/tr>\n<tr>\n<td>05<\/td>\n<td>26.02.17<\/td>\n<td>\u00a013:00<\/td>\n<td>Reichertshausen<br \/>\nStra\u00dfensicherung Faschingsumzug<\/td>\n<td>1,0<\/td>\n<\/tr>\n<tr>\n<td>04<\/td>\n<td>13.02.17<\/td>\n<td>12:56<\/td>\n<td>Reichertshausen<br \/>\nAm Ilmgrund<br \/>\nWohnungs\u00f6ffnung<\/td>\n<td>0,5<\/td>\n<\/tr>\n<tr>\n<td>03<\/td>\n<td>23.01.17<\/td>\n<td>12:57<\/td>\n<td>Reichertshausen<br \/>\nPfaffenhofener Stra\u00dfe<br \/>\nKeller unter Wasser<\/td>\n<td>0,75<\/td>\n<\/tr>\n<tr>\n<td>02<\/td>\n<td>13.01.17<\/td>\n<td>07:36<\/td>\n<td>Kreuth &#8211; Kerum<br \/>\nBaum \u00fcber Stra\u00dfe<\/td>\n<td>1,25<\/td>\n<\/tr>\n<tr>\n<td>01<\/td>\n<td>09.01.17<\/td>\n<td>07:38<\/td>\n<td>Reichertshausen<br \/>\nKeller unter Wasser<\/td>\n<td>1,5<\/td>\n<\/tr>\n<\/tbody>\n<\/table>\n<p><a href=\"https:\/\/www.ff-reichertshausen.de\/cms\/?page_id=1511\"><img decoding=\"async\" src=\"https:\/\/www.ff-reichertshausen.de\/cms\/wp-content\/themes\/twentyten-ffrs\/images\/strahlrohr-l.gif\" alt=\"\" \/> Weiter zu Eins\u00e4tze 2016&#8230;<\/a><a href=\"https:\/\/www.ff-reichertshausen.de\/pdf-docs\/adac-blaulicht-martinshorn.pdf\" target=\"_blank\" rel=\"noopener noreferrer\"><img loading=\"lazy\" decoding=\"async\" class=\"size-full wp-image-147 alignright\" title=\"Wichtige Hinweise zu Blaulicht und Martinshorn ...\" src=\"https:\/\/www.ff-reichertshausen.de\/cms\/wp-content\/uploads\/2011\/01\/Blaulicht.gif\" alt=\"\" width=\"104\" height=\"120\" \/><\/a><\/p>\n","protected":false},"excerpt":{"rendered":"<p>Unsere Eins\u00e4tze seit 2011 (Beginn unserer Einsatz-Ver\u00f6ffentlichungen im Internet &#8230;) Nr Datum Uhrzeit oRt und Einsatz Dauer (Std.) 28 16.12.17 17:30 Reichertshausen Ilmtalhalle Parkplatz einweisen 2,5 27 19.11.17 9:30 Reichertshausen Stra\u00dfensicherung Volkstrauertag 0,5 26 29.10.17 8:20 Ilmberg &#8211; Kerum Baum \u00fcber Stra\u00dfe 0,5 25 27.09.17 9:44 Reichertshausen &#8211; Lausham Staatsstra\u00dfe 2337 Verkehrsunfall mit LKW 5,0 &hellip; <a href=\"https:\/\/www.ff-reichertshausen.de\/cms\/alarmierung\/einsaetze-2017\/\" class=\"more-link\"><span class=\"screen-reader-text\">Eins\u00e4tze 2017<\/span> weiterlesen <span class=\"meta-nav\">&rarr;<\/span><\/a><\/p>\n","protected":false},"author":14,"featured_media":0,"parent":128,"menu_order":1,"comment_status":"closed","ping_status":"closed","template":"page-templates\/full-width.php","meta":{"footnotes":""},"class_list":["post-1913","page","type-page","status-publish","hentry"],"_links":{"self":[{"href":"https:\/\/www.ff-reichertshausen.de\/cms\/wp-json\/wp\/v2\/pages\/1913","targetHints":{"allow":["GET"]}}],"collection":[{"href":"https:\/\/www.ff-reichertshausen.de\/cms\/wp-json\/wp\/v2\/pages"}],"about":[{"href":"https:\/\/www.ff-reichertshausen.de\/cms\/wp-json\/wp\/v2\/types\/page"}],"author":[{"embeddable":true,"href":"https:\/\/www.ff-reichertshausen.de\/cms\/wp-json\/wp\/v2\/users\/14"}],"replies":[{"embeddable":true,"href":"https:\/\/www.ff-reichertshausen.de\/cms\/wp-json\/wp\/v2\/comments?post=1913"}],"version-history":[{"count":0,"href":"https:\/\/www.ff-reichertshausen.de\/cms\/wp-json\/wp\/v2\/pages\/1913\/revisions"}],"up":[{"embeddable":true,"href":"https:\/\/www.ff-reichertshausen.de\/cms\/wp-json\/wp\/v2\/pages\/128"}],"wp:attachment":[{"href":"https:\/\/www.ff-reichertshausen.de\/cms\/wp-json\/wp\/v2\/media?parent=1913"}],"curies":[{"name":"wp","href":"https:\/\/api.w.org\/{rel}","templated":true}]}}