{"id":1018,"date":"2013-12-27T09:53:17","date_gmt":"2013-12-27T08:53:17","guid":{"rendered":"http:\/\/ff-reichertshausen.de\/cms\/?page_id=1018"},"modified":"2018-03-17T18:37:51","modified_gmt":"2018-03-17T17:37:51","slug":"einsaetze-2014","status":"publish","type":"page","link":"https:\/\/www.ff-reichertshausen.de\/cms\/alarmierung\/einsaetze-2014\/","title":{"rendered":"Eins\u00e4tze 2014"},"content":{"rendered":"<p><a href=\"http:\/\/www.lfv-bayern.de\/cms\/fwaktionswoche\/2011\/\" target=\"_blank\" rel=\"noopener\"><img loading=\"lazy\" decoding=\"async\" class=\"size-full wp-image-297 aligncenter\" title=\"Ich will zur Feuerwehr!\" src=\"https:\/\/www.ff-reichertshausen.de\/cms\/wp-content\/uploads\/2011\/01\/Webbanner_Ichwillzurfw.gif\" alt=\"\" width=\"610\" height=\"217\" srcset=\"https:\/\/www.ff-reichertshausen.de\/cms\/wp-content\/uploads\/2011\/01\/Webbanner_Ichwillzurfw.gif 610w, https:\/\/www.ff-reichertshausen.de\/cms\/wp-content\/uploads\/2011\/01\/Webbanner_Ichwillzurfw-300x106.gif 300w\" sizes=\"auto, (max-width: 610px) 100vw, 610px\" \/><\/a><\/p>\n<p><a href=\"https:\/\/www.ff-reichertshausen.de\/cms\/?page_id=1235\"><img decoding=\"async\" src=\"https:\/\/www.ff-reichertshausen.de\/cms\/wp-content\/themes\/twentyten-ffrs\/images\/strahlrohr-l.gif\" alt=\"\" \/> Weiter zu Eins\u00e4tze 2015&#8230;<\/a><\/p>\n<table width=\"380\">\n<tbody>\n<tr>\n<th><strong>Nr<\/strong><\/th>\n<th><strong>Datum<\/strong><\/th>\n<th>Uhrzeit<\/th>\n<th>oRt und Einsatz<\/th>\n<th>Dauer<br \/>\n(Std.)<\/th>\n<\/tr>\n<tr>\n<td>\u00a031<\/td>\n<td>\u00a029.11.14<\/td>\n<td>19:30<\/td>\n<td>Reichertshausen<br \/>\nEDEKA-Parkplatz<br \/>\n\u00d6lspur<\/td>\n<td>0,75<\/td>\n<\/tr>\n<tr>\n<td>\u00a030<\/td>\n<td>\u00a016.11.14<\/td>\n<td>10:55<\/td>\n<td>Reichertshausen<br \/>\nStra\u00dfensicherung<br \/>\nVolkstrauertag<\/td>\n<td>1,25<\/td>\n<\/tr>\n<tr>\n<td>\u00a029<\/td>\n<td>\u00a011.11.14<\/td>\n<td>17:15<\/td>\n<td>Reichertshausen<br \/>\nStra\u00dfensicherung<br \/>\nMartinszug<\/td>\n<td>0,75<\/td>\n<\/tr>\n<tr>\n<td>\u00a028<\/td>\n<td>02.11.14<\/td>\n<td>\u00a013:45<\/td>\n<td>Reichertshausen<br \/>\nIlmtalhalle<br \/>\nParkplatzeinweisung<\/td>\n<td>1,0<\/td>\n<\/tr>\n<tr>\n<td>\u00a027<\/td>\n<td>31.10.14<\/td>\n<td>17:45<\/td>\n<td>Reichertshausen<br \/>\nIlmtalhalle<br \/>\nParkplatzeinweisung<\/td>\n<td>2,5<\/td>\n<\/tr>\n<tr>\n<td>\u00a026<\/td>\n<td>25.10.14<\/td>\n<td>\u00a012:15<\/td>\n<td>Reichertshausen<br \/>\nB\u00e4ume aus der Ilm entfernt<\/td>\n<td>1,0<\/td>\n<\/tr>\n<tr>\n<td>\u00a025<\/td>\n<td>24.10.14<\/td>\n<td>15:49<\/td>\n<td><a title=\"24.10.2014 \u2013 um 15:49, \u00d6l auf Gew\u00e4sser\" href=\"https:\/\/www.ff-reichertshausen.de\/cms\/?p=1193\">Reichertshausen<br \/>\n\u00d6l auf Gew\u00e4sser<\/a><\/td>\n<td>\u00a01,0<\/td>\n<\/tr>\n<tr>\n<td>\u00a024<\/td>\n<td>\u00a021.10.14<\/td>\n<td>22:15<\/td>\n<td>Reichertshausen<br \/>\nUnwetter &#8211; B\u00e4ume im Ortsgebiet \u00fcber Stra\u00dfe<\/td>\n<td>1,5<\/td>\n<\/tr>\n<tr>\n<td>\u00a023<\/td>\n<td>\u00a010.10.14<\/td>\n<td>21:40<\/td>\n<td><a title=\"Schwerer Autounfall in Ilmm\u00fcnster\" href=\"https:\/\/www.ff-reichertshausen.de\/cms\/?p=1178\">Ilmm\u00fcnster<br \/>\nB 13<br \/>\nVerkehrsunfall<\/a><\/td>\n<td>\u00a05,0<\/td>\n<\/tr>\n<tr>\n<td>\u00a022<\/td>\n<td>\u00a001.10.14<\/td>\n<td>00:36<\/td>\n<td><a title=\"Rund 70 Rinder sterben bei Stallbrand\" href=\"https:\/\/www.ff-reichertshausen.de\/cms\/?p=1168\">Ilmm\u00fcnster<br \/>\nBrand in Riederm\u00fchle<\/a><\/td>\n<td>\u00a011,0<\/td>\n<\/tr>\n<tr>\n<td>\u00a021<\/td>\n<td>\u00a007.09.14<\/td>\n<td>17:05<\/td>\n<td>Reichertshausen<br \/>\nKammerer Berg<br \/>\nBewusstlose Person,<br \/>\nErstversorgung bis zum Eintreffen des Rettungsdienstes<\/td>\n<td>0,5<\/td>\n<\/tr>\n<tr>\n<td>\u00a020<\/td>\n<td>07.09.14<\/td>\n<td>16:45<\/td>\n<td>Reichertshausen<br \/>\nPfaffenhofener Str.<br \/>\nWasserschaden<\/td>\n<td>2,0<\/td>\n<\/tr>\n<tr>\n<td>\u00a019<\/td>\n<td>\u00a028.08.14<\/td>\n<td>15:16<\/td>\n<td>Reichertshausen &#8211; Hohenkammer<br \/>\nB 13<br \/>\nMotorbrand LKW<\/td>\n<td>0,75<\/td>\n<\/tr>\n<tr>\n<td>\u00a018<\/td>\n<td>\u00a010.08.14<\/td>\n<td>00:40<\/td>\n<td><a title=\"Scheyern: Scheune brennt nieder.\" href=\"https:\/\/www.ff-reichertshausen.de\/cms\/?p=1161\">Scheyern<br \/>\nScheune brennt<\/a><\/td>\n<td>\u00a04,5<\/td>\n<\/tr>\n<tr>\n<td>\u00a017<\/td>\n<td>\u00a008.08.14<\/td>\n<td>16:30<\/td>\n<td><a title=\"Verkehrsunfall Richtung Lausham Abzweigung Ilmberg\" href=\"https:\/\/www.ff-reichertshausen.de\/cms\/?p=1151\">Reichertshausen &#8211; Lausham<br \/>\nStaatsstra\u00dfe, Abzw. Ilmberg<br \/>\nVerkehrsunfall<\/a><\/td>\n<td>\u00a01,75<\/td>\n<\/tr>\n<tr>\n<td>\u00a016<\/td>\n<td>\u00a007.08.14<\/td>\n<td>12:13<\/td>\n<td><a title=\"Verkehrsunfall am 07.08.2014\" href=\"https:\/\/www.ff-reichertshausen.de\/cms\/?p=1133\">Reichertshausen &#8211; Ilmm\u00fcnster<br \/>\nB13<br \/>\nVerkehrsunfall<\/a><\/td>\n<td>\u00a01,5<\/td>\n<\/tr>\n<tr>\n<td>\u00a015<\/td>\n<td>\u00a006.07.14<\/td>\n<td>21:34<\/td>\n<td><a href=\"http:\/\/www.ffw-pischelsdorf.de\/download\/gallery\/gallery_48.html\" target=\"_blank\" rel=\"noopener\">Pischelsdorf<br \/>\nFlurstra\u00dfe<br \/>\nVerdacht auf Gasaustritt &#8211;<br \/>\nBergung eines Traktorgespanns von einem Gastank<\/a><\/td>\n<td>\u00a04,5<\/td>\n<\/tr>\n<tr>\n<td>\u00a014<\/td>\n<td>\u00a027.06.14<\/td>\n<td>13:21<\/td>\n<td>Reichertshausen<br \/>\nHofberg<br \/>\n\u00d6lspur<\/td>\n<td>0,75<\/td>\n<\/tr>\n<tr>\n<td>\u00a013<\/td>\n<td>\u00a019.06.14<\/td>\n<td>18:45<\/td>\n<td>Reichertshausen<br \/>\nStra\u00dfensicherung<br \/>\nFronleichnam<\/td>\n<td>1,5<\/td>\n<\/tr>\n<tr>\n<td>\u00a012<\/td>\n<td>\u00a001.05.14<\/td>\n<td>10:00<\/td>\n<td>Reichertshausen<br \/>\nStra\u00dfensicherung<br \/>\nMaibaum absichern<\/td>\n<td>2,5<\/td>\n<\/tr>\n<tr>\n<td>\u00a011<\/td>\n<td>\u00a024.04.14<\/td>\n<td>11:10<\/td>\n<td>Reichertshausen<br \/>\nIlmtalhalle<br \/>\nWasserrohrbruch<\/td>\n<td>6,0<\/td>\n<\/tr>\n<tr>\n<td>\u00a010<\/td>\n<td>\u00a020.04.14<\/td>\n<td>19:46<\/td>\n<td>Reichertshausen<br \/>\nGolfplatz<br \/>\nBrand Holzhaufen<\/td>\n<td>2,0<\/td>\n<\/tr>\n<tr>\n<td>\u00a009<\/td>\n<td>\u00a016.04.14<\/td>\n<td>07:14<\/td>\n<td>Reichertshausen &#8211; Ilmm\u00fcnster<br \/>\nB 13<br \/>\nVerkehrsunfall<\/td>\n<td>0,25<\/td>\n<\/tr>\n<tr>\n<td>\u00a008<\/td>\n<td>\u00a012.04.14<\/td>\n<td>09:00<\/td>\n<td>Reichertshausen<br \/>\nStra\u00dfensicherung<br \/>\nPalmweihe<\/td>\n<td>0,5<\/td>\n<\/tr>\n<tr>\n<td>\u00a007<\/td>\n<td>\u00a021.03.14<\/td>\n<td>18:30<\/td>\n<td>Reichertshausen<br \/>\nIlmtalhalle<br \/>\nParkplatzeinweisung<\/td>\n<td>1,5<\/td>\n<\/tr>\n<tr>\n<td>\u00a006<\/td>\n<td>08.03.14<\/td>\n<td>05:52<\/td>\n<td>Reichertshausen<br \/>\nWaldstra\u00dfe<br \/>\nBrand PKW<\/td>\n<td>1,25<\/td>\n<\/tr>\n<tr>\n<td>\u00a005<\/td>\n<td>02.03.14<\/td>\n<td>13:00<\/td>\n<td>Reichertshausen &#8211; Steinkirchen<br \/>\nZugbegleitung Faschingszug<\/td>\n<td>3,0<\/td>\n<\/tr>\n<tr>\n<td>\u00a004<\/td>\n<td>02.03.14<\/td>\n<td>12:30<\/td>\n<td>Reichertshausen<br \/>\nStra\u00dfensicherung Faschingszug<\/td>\n<td>1,0<\/td>\n<\/tr>\n<tr>\n<td>\u00a003<\/td>\n<td>\u00a008.02.14<\/td>\n<td>17:45<\/td>\n<td>Reichertshausen<br \/>\nIlmtalhalle<br \/>\nParkplatzeinweisung<\/td>\n<td>2,25<\/td>\n<\/tr>\n<tr>\n<td>\u00a002<\/td>\n<td>13.01.14<\/td>\n<td>9:28<\/td>\n<td><a title=\"Gegen die Wand\" href=\"https:\/\/www.ff-reichertshausen.de\/cms\/?p=1052\">Reichertshausen<br \/>\nPfaffenhofener Str.<br \/>\nVerkehrsunfall mit LKW<\/a><\/td>\n<td><\/td>\n<\/tr>\n<tr>\n<td>\u00a001<\/td>\n<td>\u00a008.01.14<\/td>\n<td>12:46<\/td>\n<td>Reichertshausen &#8211; Niernsdorf<br \/>\nB 13 H\u00f6he Wahl<br \/>\nVerkehrsunfall mit LKW<\/td>\n<td><\/td>\n<\/tr>\n<\/tbody>\n<\/table>\n<p><a href=\"https:\/\/www.ff-reichertshausen.de\/pdf-docs\/adac-blaulicht-martinshorn.pdf\" target=\"_blank\" rel=\"noopener\"><img loading=\"lazy\" decoding=\"async\" class=\"size-full wp-image-147 alignright\" title=\"Wichtige Hinweise zu Blaulicht und Martinshorn ...\" src=\"https:\/\/www.ff-reichertshausen.de\/cms\/wp-content\/uploads\/2011\/01\/Blaulicht.gif\" alt=\"\" width=\"104\" height=\"120\" \/><\/a><\/p>\n<p><a href=\"https:\/\/www.ff-reichertshausen.de\/cms\/?page_id=579\"><img decoding=\"async\" src=\"https:\/\/www.ff-reichertshausen.de\/cms\/wp-content\/themes\/twentyten-ffrs\/images\/strahlrohr-l.gif\" alt=\"\" \/> Weiter zu Eins\u00e4tze 2013&#8230;<\/a><\/p>\n","protected":false},"excerpt":{"rendered":"<p>Weiter zu Eins\u00e4tze 2015&#8230; Nr Datum Uhrzeit oRt und Einsatz Dauer (Std.) \u00a031 \u00a029.11.14 19:30 Reichertshausen EDEKA-Parkplatz \u00d6lspur 0,75 \u00a030 \u00a016.11.14 10:55 Reichertshausen Stra\u00dfensicherung Volkstrauertag 1,25 \u00a029 \u00a011.11.14 17:15 Reichertshausen Stra\u00dfensicherung Martinszug 0,75 \u00a028 02.11.14 \u00a013:45 Reichertshausen Ilmtalhalle Parkplatzeinweisung 1,0 \u00a027 31.10.14 17:45 Reichertshausen Ilmtalhalle Parkplatzeinweisung 2,5 \u00a026 25.10.14 \u00a012:15 Reichertshausen B\u00e4ume aus der Ilm &hellip; <a href=\"https:\/\/www.ff-reichertshausen.de\/cms\/alarmierung\/einsaetze-2014\/\" class=\"more-link\"><span class=\"screen-reader-text\">Eins\u00e4tze 2014<\/span> weiterlesen <span class=\"meta-nav\">&rarr;<\/span><\/a><\/p>\n","protected":false},"author":14,"featured_media":0,"parent":128,"menu_order":4,"comment_status":"closed","ping_status":"closed","template":"page-templates\/full-width.php","meta":{"footnotes":""},"class_list":["post-1018","page","type-page","status-publish","hentry"],"_links":{"self":[{"href":"https:\/\/www.ff-reichertshausen.de\/cms\/wp-json\/wp\/v2\/pages\/1018","targetHints":{"allow":["GET"]}}],"collection":[{"href":"https:\/\/www.ff-reichertshausen.de\/cms\/wp-json\/wp\/v2\/pages"}],"about":[{"href":"https:\/\/www.ff-reichertshausen.de\/cms\/wp-json\/wp\/v2\/types\/page"}],"author":[{"embeddable":true,"href":"https:\/\/www.ff-reichertshausen.de\/cms\/wp-json\/wp\/v2\/users\/14"}],"replies":[{"embeddable":true,"href":"https:\/\/www.ff-reichertshausen.de\/cms\/wp-json\/wp\/v2\/comments?post=1018"}],"version-history":[{"count":0,"href":"https:\/\/www.ff-reichertshausen.de\/cms\/wp-json\/wp\/v2\/pages\/1018\/revisions"}],"up":[{"embeddable":true,"href":"https:\/\/www.ff-reichertshausen.de\/cms\/wp-json\/wp\/v2\/pages\/128"}],"wp:attachment":[{"href":"https:\/\/www.ff-reichertshausen.de\/cms\/wp-json\/wp\/v2\/media?parent=1018"}],"curies":[{"name":"wp","href":"https:\/\/api.w.org\/{rel}","templated":true}]}}